{"id":12184,"date":"2023-02-24T14:28:54","date_gmt":"2023-02-24T12:28:54","guid":{"rendered":"https:\/\/www.ksttukku.fi\/kauppa\/?post_type=product&#038;p=12184"},"modified":"2024-11-09T10:07:45","modified_gmt":"2024-11-09T08:07:45","slug":"faro-lattiavalaisin-3-spottia-harjattumessinki-musta","status":"publish","type":"product","link":"https:\/\/www.ksttukku.fi\/kauppa\/tuote\/faro-lattiavalaisin-3-spottia-harjattumessinki-musta\/","title":{"rendered":"Faro lattiavalaisin 3-spottia harjattumessinki\/musta"},"content":{"rendered":"<p>Tyylik\u00e4s 3- osainen suunnattava lattiavalaisin<\/p>\n<p>Materiaali: metalli\/muovi<\/p>\n<p>V\u00e4ri: musta\/harjattu messinki<\/p>\n<p>Kanta: 3xE14<\/p>\n<p>3 erillist\u00e4 On\/off-kytkint\u00e4 on sijoitettu spottien p\u00e4ihin .<\/p>\n<p>Lis\u00e4ksi valaisimessa on jalkakytkin , jotta voit helposti sytytt\u00e4\u00e4 ja sammuttaa kaikki valot samanaikaisesti.<\/p>\n<p>Korkeus: 150cm<\/p>\n","protected":false},"excerpt":{"rendered":"<p>Tyylik\u00e4s 3- osainen suunnattava lattiavalaisin Materiaali: metalli\/muovi V\u00e4ri: musta\/harjattu messinki Kanta: 3xE14 3 erillist\u00e4 On\/off-kytkint\u00e4 on sijoitettu spottien p\u00e4ihin . Lis\u00e4ksi valaisimessa on jalkakytkin , jotta voit helposti sytytt\u00e4\u00e4 ja sammuttaa kaikki valot samanaikaisesti. Korkeus: 150cm<\/p>\n","protected":false},"featured_media":12185,"comment_status":"closed","ping_status":"closed","template":"","meta":[],"product_brand":[],"product_cat":[43,35,34],"product_tag":[],"class_list":{"0":"post-12184","1":"product","2":"type-product","3":"status-publish","4":"has-post-thumbnail","6":"product_cat-lattiavalaisimet","7":"product_cat-sisavalaisimet","8":"product_cat-valaisimet","10":"first","11":"instock","12":"taxable","13":"shipping-taxable","14":"purchasable","15":"product-type-simple"},"_links":{"self":[{"href":"https:\/\/www.ksttukku.fi\/kauppa\/wp-json\/wp\/v2\/product\/12184","targetHints":{"allow":["GET"]}}],"collection":[{"href":"https:\/\/www.ksttukku.fi\/kauppa\/wp-json\/wp\/v2\/product"}],"about":[{"href":"https:\/\/www.ksttukku.fi\/kauppa\/wp-json\/wp\/v2\/types\/product"}],"replies":[{"embeddable":true,"href":"https:\/\/www.ksttukku.fi\/kauppa\/wp-json\/wp\/v2\/comments?post=12184"}],"wp:featuredmedia":[{"embeddable":true,"href":"https:\/\/www.ksttukku.fi\/kauppa\/wp-json\/wp\/v2\/media\/12185"}],"wp:attachment":[{"href":"https:\/\/www.ksttukku.fi\/kauppa\/wp-json\/wp\/v2\/media?parent=12184"}],"wp:term":[{"taxonomy":"product_brand","embeddable":true,"href":"https:\/\/www.ksttukku.fi\/kauppa\/wp-json\/wp\/v2\/product_brand?post=12184"},{"taxonomy":"product_cat","embeddable":true,"href":"https:\/\/www.ksttukku.fi\/kauppa\/wp-json\/wp\/v2\/product_cat?post=12184"},{"taxonomy":"product_tag","embeddable":true,"href":"https:\/\/www.ksttukku.fi\/kauppa\/wp-json\/wp\/v2\/product_tag?post=12184"}],"curies":[{"name":"wp","href":"https:\/\/api.w.org\/{rel}","templated":true}]}}