{"id":12243,"date":"2023-03-03T18:09:36","date_gmt":"2023-03-03T16:09:36","guid":{"rendered":"https:\/\/www.ksttukku.fi\/kauppa\/?post_type=product&#038;p=12243"},"modified":"2023-03-03T18:09:36","modified_gmt":"2023-03-03T16:09:36","slug":"vedin-beta-mini-160mm-himmea-messinki","status":"publish","type":"product","link":"https:\/\/www.ksttukku.fi\/kauppa\/tuote\/vedin-beta-mini-160mm-himmea-messinki\/","title":{"rendered":"Vedin Beta Mini 160mm himme\u00e4 messinki"},"content":{"rendered":"<p>Uusi kaareva, sulavalinjainen vedin Beta Mini 160 mm reik\u00e4jaolla. Vetimen kokonaisleveys 167 mm, korkeus 11 mm ja syvyys 30 mm. Materiaali pinnoitettu samakki, v\u00e4ri himme\u00e4 messinki.<\/p>\n","protected":false},"excerpt":{"rendered":"<p>Uusi kaareva, sulavalinjainen vedin Beta Mini 160 mm reik\u00e4jaolla. Vetimen kokonaisleveys 167 mm, korkeus 11 mm ja syvyys 30 mm. Materiaali pinnoitettu samakki, v\u00e4ri himme\u00e4 messinki.<\/p>\n","protected":false},"featured_media":12244,"comment_status":"closed","ping_status":"closed","template":"","meta":[],"product_brand":[],"product_cat":[263,265],"product_tag":[],"class_list":{"0":"post-12243","1":"product","2":"type-product","3":"status-publish","4":"has-post-thumbnail","6":"product_cat-vetimet","7":"product_cat-vetimet-ja-nupit","9":"first","10":"instock","11":"taxable","12":"shipping-taxable","13":"purchasable","14":"product-type-simple"},"_links":{"self":[{"href":"https:\/\/www.ksttukku.fi\/kauppa\/wp-json\/wp\/v2\/product\/12243","targetHints":{"allow":["GET"]}}],"collection":[{"href":"https:\/\/www.ksttukku.fi\/kauppa\/wp-json\/wp\/v2\/product"}],"about":[{"href":"https:\/\/www.ksttukku.fi\/kauppa\/wp-json\/wp\/v2\/types\/product"}],"replies":[{"embeddable":true,"href":"https:\/\/www.ksttukku.fi\/kauppa\/wp-json\/wp\/v2\/comments?post=12243"}],"wp:featuredmedia":[{"embeddable":true,"href":"https:\/\/www.ksttukku.fi\/kauppa\/wp-json\/wp\/v2\/media\/12244"}],"wp:attachment":[{"href":"https:\/\/www.ksttukku.fi\/kauppa\/wp-json\/wp\/v2\/media?parent=12243"}],"wp:term":[{"taxonomy":"product_brand","embeddable":true,"href":"https:\/\/www.ksttukku.fi\/kauppa\/wp-json\/wp\/v2\/product_brand?post=12243"},{"taxonomy":"product_cat","embeddable":true,"href":"https:\/\/www.ksttukku.fi\/kauppa\/wp-json\/wp\/v2\/product_cat?post=12243"},{"taxonomy":"product_tag","embeddable":true,"href":"https:\/\/www.ksttukku.fi\/kauppa\/wp-json\/wp\/v2\/product_tag?post=12243"}],"curies":[{"name":"wp","href":"https:\/\/api.w.org\/{rel}","templated":true}]}}