{"id":12248,"date":"2023-03-04T11:17:08","date_gmt":"2023-03-04T09:17:08","guid":{"rendered":"https:\/\/www.ksttukku.fi\/kauppa\/?post_type=product&#038;p=12248"},"modified":"2023-03-04T11:21:47","modified_gmt":"2023-03-04T09:21:47","slug":"kangaspintainen-sailytyslaatikko-beige","status":"publish","type":"product","link":"https:\/\/www.ksttukku.fi\/kauppa\/tuote\/kangaspintainen-sailytyslaatikko-beige\/","title":{"rendered":"Kangaspintainen s\u00e4ilytyslaatikko beige"},"content":{"rendered":"<p>Tyylik\u00e4s kangaspintainen s\u00e4ilytyslaatikko sopii niin n\u00e4kyville, kuin kaappien j\u00e4rjest\u00e4miseenkin.<\/p>\n<p>Kaipaako vaatehuoneesi harmoniaa? Vaihda eripariset pahvilaatikot kauniisiin s\u00e4ilytyslaatikoihin, saat hetkess\u00e4 vaatehuoneeseesi arvokkaan ja siistin ilmeen.<\/p>\n<p>Korkeus: 29 cm<\/p>\n<p>Leveys: 30 cm<\/p>\n<p>Syvyys: 30 cm<\/p>\n<p>Materiaali: polyester, paperi<\/p>\n","protected":false},"excerpt":{"rendered":"<p>Tyylik\u00e4s kangaspintainen s\u00e4ilytyslaatikko sopii niin n\u00e4kyville, kuin kaappien j\u00e4rjest\u00e4miseenkin. Kaipaako vaatehuoneesi harmoniaa? Vaihda eripariset pahvilaatikot kauniisiin s\u00e4ilytyslaatikoihin, saat hetkess\u00e4 vaatehuoneeseesi arvokkaan ja siistin ilmeen. Korkeus: 29 cm Leveys: 30 cm Syvyys: 30 cm Materiaali: polyester, paperi<\/p>\n","protected":false},"featured_media":12249,"comment_status":"closed","ping_status":"closed","template":"","meta":[],"product_brand":[],"product_cat":[491,377],"product_tag":[],"class_list":{"0":"post-12248","1":"product","2":"type-product","3":"status-publish","4":"has-post-thumbnail","6":"product_cat-kodin-sisustustuotteet","7":"product_cat-sisustus-lahjatavarat","9":"first","10":"instock","11":"taxable","12":"shipping-taxable","13":"purchasable","14":"product-type-simple"},"_links":{"self":[{"href":"https:\/\/www.ksttukku.fi\/kauppa\/wp-json\/wp\/v2\/product\/12248","targetHints":{"allow":["GET"]}}],"collection":[{"href":"https:\/\/www.ksttukku.fi\/kauppa\/wp-json\/wp\/v2\/product"}],"about":[{"href":"https:\/\/www.ksttukku.fi\/kauppa\/wp-json\/wp\/v2\/types\/product"}],"replies":[{"embeddable":true,"href":"https:\/\/www.ksttukku.fi\/kauppa\/wp-json\/wp\/v2\/comments?post=12248"}],"wp:featuredmedia":[{"embeddable":true,"href":"https:\/\/www.ksttukku.fi\/kauppa\/wp-json\/wp\/v2\/media\/12249"}],"wp:attachment":[{"href":"https:\/\/www.ksttukku.fi\/kauppa\/wp-json\/wp\/v2\/media?parent=12248"}],"wp:term":[{"taxonomy":"product_brand","embeddable":true,"href":"https:\/\/www.ksttukku.fi\/kauppa\/wp-json\/wp\/v2\/product_brand?post=12248"},{"taxonomy":"product_cat","embeddable":true,"href":"https:\/\/www.ksttukku.fi\/kauppa\/wp-json\/wp\/v2\/product_cat?post=12248"},{"taxonomy":"product_tag","embeddable":true,"href":"https:\/\/www.ksttukku.fi\/kauppa\/wp-json\/wp\/v2\/product_tag?post=12248"}],"curies":[{"name":"wp","href":"https:\/\/api.w.org\/{rel}","templated":true}]}}