{"id":12264,"date":"2023-03-08T16:24:05","date_gmt":"2023-03-08T14:24:05","guid":{"rendered":"https:\/\/www.ksttukku.fi\/kauppa\/?post_type=product&#038;p=12264"},"modified":"2023-03-08T16:24:06","modified_gmt":"2023-03-08T14:24:06","slug":"riippuvalaisin-lucide-vidal-o78cm-himmennettava-1x92w-2700k-mattakulta-messinki","status":"publish","type":"product","link":"https:\/\/www.ksttukku.fi\/kauppa\/tuote\/riippuvalaisin-lucide-vidal-o78cm-himmennettava-1x92w-2700k-mattakulta-messinki\/","title":{"rendered":"Riippuvalaisin Lucide VIDAL \u00d878cm, himmennett\u00e4v\u00e4, 1x92W\/2700K, mattakulta\/messinki"},"content":{"rendered":"<div class=\"col-5\">N\u00e4ytt\u00e4v\u00e4 2-osainen himmennett\u00e4v\u00e4 Led-valaisin.<\/div>\n<div>Materiaali:metalli\/akryyli<\/div>\n<div class=\"row\">\n<div class=\"col-7\">v\u00e4ri: Mattakulta<\/div>\n<\/div>\n<div class=\"row\">\n<div class=\"col-7\">Valon v\u00e4ri:l\u00e4mminvalkoinen<\/div>\n<\/div>\n<div class=\"row\">\n<div class=\"col-5\">Kuvun\/ varjostimen halkaisija (mm)<\/div>\n<div class=\"col-7\">780<\/div>\n<\/div>\n<div class=\"row\">\n<div class=\"col-5\">Kuvun\/ varjostimen korkeus (mm)<\/div>\n<div class=\"col-7\">40<\/div>\n<\/div>\n<div class=\"row\">\n<div class=\"col-5\">Tuotteen halkaisija (mm)<\/div>\n<div class=\"col-7\">780<\/div>\n<\/div>\n<div class=\"row\">\n<div class=\"col-5\">Tuotteen korkeus (mm)<\/div>\n<div class=\"col-7\">700-2000<\/div>\n<\/div>\n<div class=\"row\">\n<div class=\"col-5\">Lamppukanta<\/div>\n<div class=\"col-7\">Integroitu LED<\/div>\n<\/div>\n<div class=\"row\">\n<div class=\"col-5\">Teho W<\/div>\n<div class=\"col-7\">92W<\/div>\n<div>Valovirta 4160lm<\/div>\n<\/div>\n<div class=\"row\">\n<div class=\"col-5\">Lamppu\/valonl\u00e4hde mukana<\/div>\n<div class=\"col-7\">Kyll\u00e4<\/div>\n<\/div>\n<div class=\"row\">\n<div class=\"col-5\">Asennustapa: suoraan kattopintaan<\/div>\n<div class=\"col-5\">toimitusaika noin 2 viikkoa<\/div>\n<\/div>\n","protected":false},"excerpt":{"rendered":"<p>N\u00e4ytt\u00e4v\u00e4 2-osainen himmennett\u00e4v\u00e4 Led-valaisin. Materiaali:metalli\/akryyli v\u00e4ri: Mattakulta Valon v\u00e4ri:l\u00e4mminvalkoinen Kuvun\/ varjostimen halkaisija (mm) 780 Kuvun\/ varjostimen korkeus (mm) 40 Tuotteen halkaisija (mm) 780 Tuotteen korkeus (mm) 700-2000 Lamppukanta Integroitu LED Teho W 92W Valovirta 4160lm Lamppu\/valonl\u00e4hde mukana Kyll\u00e4 Asennustapa: suoraan kattopintaan toimitusaika noin 2 viikkoa<\/p>\n","protected":false},"featured_media":12265,"comment_status":"closed","ping_status":"closed","template":"","meta":[],"product_brand":[],"product_cat":[49,35,34],"product_tag":[],"class_list":{"0":"post-12264","1":"product","2":"type-product","3":"status-publish","4":"has-post-thumbnail","6":"product_cat-riippuvalaisimet","7":"product_cat-sisavalaisimet","8":"product_cat-valaisimet","10":"first","11":"instock","12":"sale","13":"taxable","14":"shipping-taxable","15":"purchasable","16":"product-type-simple"},"_links":{"self":[{"href":"https:\/\/www.ksttukku.fi\/kauppa\/wp-json\/wp\/v2\/product\/12264","targetHints":{"allow":["GET"]}}],"collection":[{"href":"https:\/\/www.ksttukku.fi\/kauppa\/wp-json\/wp\/v2\/product"}],"about":[{"href":"https:\/\/www.ksttukku.fi\/kauppa\/wp-json\/wp\/v2\/types\/product"}],"replies":[{"embeddable":true,"href":"https:\/\/www.ksttukku.fi\/kauppa\/wp-json\/wp\/v2\/comments?post=12264"}],"wp:featuredmedia":[{"embeddable":true,"href":"https:\/\/www.ksttukku.fi\/kauppa\/wp-json\/wp\/v2\/media\/12265"}],"wp:attachment":[{"href":"https:\/\/www.ksttukku.fi\/kauppa\/wp-json\/wp\/v2\/media?parent=12264"}],"wp:term":[{"taxonomy":"product_brand","embeddable":true,"href":"https:\/\/www.ksttukku.fi\/kauppa\/wp-json\/wp\/v2\/product_brand?post=12264"},{"taxonomy":"product_cat","embeddable":true,"href":"https:\/\/www.ksttukku.fi\/kauppa\/wp-json\/wp\/v2\/product_cat?post=12264"},{"taxonomy":"product_tag","embeddable":true,"href":"https:\/\/www.ksttukku.fi\/kauppa\/wp-json\/wp\/v2\/product_tag?post=12264"}],"curies":[{"name":"wp","href":"https:\/\/api.w.org\/{rel}","templated":true}]}}