{"id":12296,"date":"2023-03-11T12:11:29","date_gmt":"2023-03-11T10:11:29","guid":{"rendered":"https:\/\/www.ksttukku.fi\/kauppa\/?post_type=product&#038;p=12296"},"modified":"2026-04-13T16:09:10","modified_gmt":"2026-04-13T13:09:10","slug":"screen-kaihdin-valkoinen","status":"publish","type":"product","link":"https:\/\/www.ksttukku.fi\/kauppa\/tuote\/screen-kaihdin-valkoinen\/","title":{"rendered":"Screenkaihdin valkoinen"},"content":{"rendered":"<p>Kaihtimen kokonaisleveys on kankaan leveys +4 cm<\/p>\n<p>Kaihtimen vakiokorkeus on 235 cm (voidaan valmistaa my\u00f6s korkeampia)<\/p>\n<p>Minimi leveys 60 cm, max. leveys 250 cm<\/p>\n<p>Saatavilla my\u00f6s moottoroituna (pyyd\u00e4 tarjous kst@ksttukku.fi)<\/p>\n<p>L\u00e4pin\u00e4kyv\u00e4st\u00e4 screenkankaasta valmistetut rullakaihtimet suodattavat ja s\u00e4\u00e4telev\u00e4t auringonvalon m\u00e4\u00e4r\u00e4\u00e4 poistaen kuumuuden. Screenkaihdin suodattaa ja s\u00e4\u00e4telee auringonvaloa, mutta s\u00e4ilytt\u00e4\u00e4 silti n\u00e4kym\u00e4n sis\u00e4lt\u00e4 ulos. Screenkaihdin poistaa kes\u00e4isin kuumuuden. Kev\u00e4isin ja syksyisin screenkaihtimet toimivat l\u00e4mm\u00f6neristeen\u00e4 ikkunoissa, parantaen U- ja G-arvoja. Screenkaihtimia k\u00e4ytt\u00e4m\u00e4ll\u00e4 ei my\u00f6sk\u00e4\u00e4n tarvita niin paljoa keinovaloa, sill\u00e4 kaihtimilla voidaan hy\u00f6dynt\u00e4\u00e4 luonnonvaloa. Vaaleat v\u00e4rit heijastavat auringonvaloa enemm\u00e4n, kun taas tummemmista v\u00e4reist\u00e4 n\u00e4kee paremmin l\u00e4pi. Kaikki Screen rullakaihtimet valmistetaan mittatilauksena. Screenkankaat ovat eritt\u00e4in monik\u00e4ytt\u00f6isi\u00e4 ja ne on helppo pit\u00e4\u00e4 puhtaana.<\/p>\n<p>Screen 3000 on moneen k\u00e4ytt\u00f6\u00f6n soveltuva screen- kangas, jossa on 5% OF l\u00e4p\u00e4isykerroin.<\/p>\n","protected":false},"excerpt":{"rendered":"<p>Kaihtimen kokonaisleveys on kankaan leveys +4 cm<\/p>\n<p>Kaihtimen vakiokorkeus on 235 cm (voidaan valmistaa my\u00f6s korkeampia)<\/p>\n<p>Minimi leveys 60 cm, max. leveys 250 cm<\/p>\n<p>Saatavilla my\u00f6s moottoroituna (pyyd\u00e4 tarjous kst@ksttukku.fi)<\/p>\n","protected":false},"featured_media":12297,"comment_status":"closed","ping_status":"closed","template":"","meta":[],"product_brand":[],"product_cat":[104,105],"product_tag":[],"class_list":{"0":"post-12296","1":"product","2":"type-product","3":"status-publish","4":"has-post-thumbnail","6":"product_cat-kaihtimet-ja-verhotangot","7":"product_cat-rullakaihdin-screen","9":"first","10":"instock","11":"taxable","12":"shipping-taxable","13":"purchasable","14":"product-type-variable"},"_links":{"self":[{"href":"https:\/\/www.ksttukku.fi\/kauppa\/wp-json\/wp\/v2\/product\/12296","targetHints":{"allow":["GET"]}}],"collection":[{"href":"https:\/\/www.ksttukku.fi\/kauppa\/wp-json\/wp\/v2\/product"}],"about":[{"href":"https:\/\/www.ksttukku.fi\/kauppa\/wp-json\/wp\/v2\/types\/product"}],"replies":[{"embeddable":true,"href":"https:\/\/www.ksttukku.fi\/kauppa\/wp-json\/wp\/v2\/comments?post=12296"}],"wp:featuredmedia":[{"embeddable":true,"href":"https:\/\/www.ksttukku.fi\/kauppa\/wp-json\/wp\/v2\/media\/12297"}],"wp:attachment":[{"href":"https:\/\/www.ksttukku.fi\/kauppa\/wp-json\/wp\/v2\/media?parent=12296"}],"wp:term":[{"taxonomy":"product_brand","embeddable":true,"href":"https:\/\/www.ksttukku.fi\/kauppa\/wp-json\/wp\/v2\/product_brand?post=12296"},{"taxonomy":"product_cat","embeddable":true,"href":"https:\/\/www.ksttukku.fi\/kauppa\/wp-json\/wp\/v2\/product_cat?post=12296"},{"taxonomy":"product_tag","embeddable":true,"href":"https:\/\/www.ksttukku.fi\/kauppa\/wp-json\/wp\/v2\/product_tag?post=12296"}],"curies":[{"name":"wp","href":"https:\/\/api.w.org\/{rel}","templated":true}]}}