{"id":12302,"date":"2023-03-11T14:05:26","date_gmt":"2023-03-11T12:05:26","guid":{"rendered":"https:\/\/www.ksttukku.fi\/kauppa\/?post_type=product&#038;p=12302"},"modified":"2025-12-12T12:25:00","modified_gmt":"2025-12-12T10:25:00","slug":"pehmea-ja-hohtava-nukkamatto-80-cm-harmaa","status":"publish","type":"product","link":"https:\/\/www.ksttukku.fi\/kauppa\/tuote\/pehmea-ja-hohtava-nukkamatto-80-cm-harmaa\/","title":{"rendered":"Pehme\u00e4 ja hohtava nukkamatto 80 cm harmaa"},"content":{"rendered":"<p>Nattymatto\u00a0 tuo kodikkuutta ja pehmeytt\u00e4 kotiisi.<\/p>\n<p>Nattymatto sopii mainiosti kodin eri tiloihin.<\/p>\n<p>Matossa on varaustettu liukumattomalla kumipohjalla.<\/p>\n<p>Pehme\u00e4, tiivis ja hohtava nukka.<\/p>\n<p>Sopii k\u00e4ytett\u00e4v\u00e4ksi lattial\u00e4mmityksen kanssaa<\/p>\n<p>Nukka: polyester<\/p>\n<p>Leveys 80 cm<\/p>\n<p>Konepesu 30 asteessa<\/p>\n<p>Ei kloorivalkaisua, ei silityst\u00e4, ei rumpukuivausta<\/p>\n","protected":false},"excerpt":{"rendered":"<p>Nattymatto\u00a0 tuo kodikkuutta ja pehmeytt\u00e4 kotiisi. Nattymatto sopii mainiosti kodin eri tiloihin. Matossa on varaustettu liukumattomalla kumipohjalla. Pehme\u00e4, tiivis ja hohtava nukka. Sopii k\u00e4ytett\u00e4v\u00e4ksi lattial\u00e4mmityksen kanssaa Nukka: polyester Leveys 80 cm Konepesu 30 asteessa Ei kloorivalkaisua, ei silityst\u00e4, ei rumpukuivausta<\/p>\n","protected":false},"featured_media":12303,"comment_status":"closed","ping_status":"closed","template":"","meta":[],"product_brand":[],"product_cat":[22,499,27],"product_tag":[],"class_list":{"0":"post-12302","1":"product","2":"type-product","3":"status-publish","4":"has-post-thumbnail","6":"product_cat-matot","7":"product_cat-natty-nukkamatto","8":"product_cat-nukkamatot","10":"first","11":"outofstock","12":"taxable","13":"shipping-taxable","14":"purchasable","15":"product-type-simple"},"_links":{"self":[{"href":"https:\/\/www.ksttukku.fi\/kauppa\/wp-json\/wp\/v2\/product\/12302","targetHints":{"allow":["GET"]}}],"collection":[{"href":"https:\/\/www.ksttukku.fi\/kauppa\/wp-json\/wp\/v2\/product"}],"about":[{"href":"https:\/\/www.ksttukku.fi\/kauppa\/wp-json\/wp\/v2\/types\/product"}],"replies":[{"embeddable":true,"href":"https:\/\/www.ksttukku.fi\/kauppa\/wp-json\/wp\/v2\/comments?post=12302"}],"wp:featuredmedia":[{"embeddable":true,"href":"https:\/\/www.ksttukku.fi\/kauppa\/wp-json\/wp\/v2\/media\/12303"}],"wp:attachment":[{"href":"https:\/\/www.ksttukku.fi\/kauppa\/wp-json\/wp\/v2\/media?parent=12302"}],"wp:term":[{"taxonomy":"product_brand","embeddable":true,"href":"https:\/\/www.ksttukku.fi\/kauppa\/wp-json\/wp\/v2\/product_brand?post=12302"},{"taxonomy":"product_cat","embeddable":true,"href":"https:\/\/www.ksttukku.fi\/kauppa\/wp-json\/wp\/v2\/product_cat?post=12302"},{"taxonomy":"product_tag","embeddable":true,"href":"https:\/\/www.ksttukku.fi\/kauppa\/wp-json\/wp\/v2\/product_tag?post=12302"}],"curies":[{"name":"wp","href":"https:\/\/api.w.org\/{rel}","templated":true}]}}