{"id":1244,"date":"2018-03-21T13:45:41","date_gmt":"2018-03-21T11:45:41","guid":{"rendered":"http:\/\/www.ksttukku.fi\/kauppa\/?post_type=product&#038;p=1244"},"modified":"2018-05-25T13:31:28","modified_gmt":"2018-05-25T10:31:28","slug":"terassimarkiisi-tm500","status":"publish","type":"product","link":"https:\/\/www.ksttukku.fi\/kauppa\/tuote\/terassimarkiisi-tm500\/","title":{"rendered":"Terassimarkiisi TM500"},"content":{"rendered":"<p>Sunsystems TM500 on uuden ajan terassimarkiisi, jonka tyylik\u00e4s muotoilu, monipuolisuus ja laadukas rakenne tekev\u00e4t markiisista eritt\u00e4in suositun ja\u00a0takaavat pitk\u00e4n k\u00e4ytt\u00f6i\u00e4n. TM500 on hyvin monipuolinen ja asiakkaan ja paikan mukaan muunneltavissa. Markiisi on saatavana perinteisill\u00e4 Classic-p\u00e4\u00e4dyill\u00e4 tai py\u00f6ristetyill\u00e4 Design-p\u00e4\u00e4dyill\u00e4. Lis\u00e4varusteina on saatavana esimerkiksi rullautuva etukangas, kangaspalkki tai markiisia suojaava katosprofiili. Vakiorunkov\u00e4rit valkoinen, hopea ja musta. TM500-terassimarkiisin maksimiulottuma on jopa 4,0 metri\u00e4 ja yhden markiisin maksimileveys on 7,0 metri\u00e4\u00a0(sarjaan kytkettyn\u00e4 15,0m).<\/p>\n<div>Markiisikangas<\/div>\n<div>100% akryylikangas ei haalistu laadukkaan kuituvaiheessa tehdyn v\u00e4rj\u00e4yksen ansiosta. Teflon-k\u00e4sittely antaa markiisikankaalle likaa ja hometta hylkiv\u00e4n pinnan. Laaja kangasmallisto kattaa niin yksiv\u00e4riset, tasaraitaiset kuin moniraitaiset kankaat<\/div>\n<div><\/div>\n<div>\n<div>Mekanismi<\/div>\n<div>Dyneema -nauhan ansiosta markiisin k\u00e4sivarret ovat eritt\u00e4in vahvoja ja tukevia. TM500-markiisin vahvat varret kest\u00e4v\u00e4t hyvin Suomen olosuhteissa ja pit\u00e4v\u00e4t kankaan kire\u00e4ll\u00e4.<\/div>\n<div>Tuuliluokitus 2-3 (DIN EN 13561)<\/div>\n<div>\n<div>Markiisiosat ovat pulveripolttomaalattuja ja saatavana vakiona kolmena eri s\u00e4vyn\u00e4: valkoinen, harmaa ja musta. Lis\u00e4ksi tehdasv\u00e4rein\u00e4 l\u00f6ytyy 10 lis\u00e4v\u00e4ri\u00e4. Tilauksesta osat ovat maalattavissa my\u00f6s kaikkiin muihin RAL-s\u00e4vyihin<\/div>\n<\/div>\n<\/div>\n<div><\/div>\n<div>\n<div>Kiinnitys<\/div>\n<div>Markiisi on kiinnitett\u00e4viss\u00e4 suoraan sein\u00e4\u00e4n tai kattoon. Lis\u00e4ksi l\u00f6ytyy s\u00e4\u00e4dett\u00e4v\u00e4t erikoiskannakkeet kalteville pinnoille<\/div>\n<\/div>\n<div><\/div>\n<div>\n<div>K\u00e4ytt\u00f6<\/div>\n<div>Markiisia voidaan ohjata veivill\u00e4, kytkimell\u00e4, kaukos\u00e4\u00e4timell\u00e4 tai liitt\u00e4\u00e4 muihin ohjausj\u00e4rjestelmiin. Moottoroituun markiisiin voidaan liitt\u00e4\u00e4 tuuli- ja aurinkoautomatiikka.<\/div>\n<\/div>\n<div><\/div>\n<div>Lis\u00e4varusteet<\/div>\n<div>\n<div>Kangaspalkki<\/div>\n<div>Kangaspalkki antaa markiisille uuden ilmeen ja kirist\u00e4\u00e4 kangasta. Kangaspalkin ansiosta markiisikangas kulkee eri kulmassa.<\/div>\n<div>\n<div>Rullautuva etukangas<\/div>\n<div>Veivik\u00e4ytt\u00f6isell\u00e4 rullautuvalla etukankaalla s\u00e4\u00e4det\u00e4\u00e4n markiisin lippaa alasp\u00e4in, auringon paistaessa matalalta tai haluttaessa n\u00e4k\u00f6suojaa. Kangasvaihtoehtoina markiisi- tai screenkangas<\/div>\n<\/div>\n<div>\n<div>Veivik\u00e4ytt\u00f6inen kaltevuuss\u00e4\u00e4t\u00f6<\/div>\n<div>Markiisin kulmaa voidaan helposti s\u00e4\u00e4t\u00e4\u00e4 my\u00f6s veivik\u00e4ytt\u00f6isell\u00e4 kulmans\u00e4\u00e4d\u00f6ll\u00e4<\/div>\n<div>\n<div>Tuulitukivarsi<\/div>\n<div>Markiisiin on saatavana etuprofiiliin kiinnitett\u00e4v\u00e4t tuulitukivarret, jotka pit\u00e4v\u00e4t markiisin tukevasti paikoillaan tuulisellakin s\u00e4\u00e4ll\u00e4. Tuulitukivarren korkeus s\u00e4\u00e4dett\u00e4viss\u00e4 1,5-2,5m. Ei saa k\u00e4ytt\u00e4\u00e4 tuuli- ja aurinkoautomatiikan kanssa<\/div>\n<div>\n<div>Katosprofiili<\/div>\n<div>Markiisin p\u00e4\u00e4lle on aina saatavana katosprofiili, joka suojaa markiisia lialta tai lumelta markiisin ollessa kiinni<\/div>\n<div>\n<div>CrossOver<\/div>\n<div>CrossOver -mallissa nivelvarret kulkevat p\u00e4\u00e4llekk\u00e4in, jolloin p\u00e4\u00e4st\u00e4\u00e4n pienell\u00e4 markiisin leveydell\u00e4 suuriin ulottumiin. Esim. 2,6 metrin leveydell\u00e4 jopa 4,0 metrin ulottumaan<\/div>\n<div><\/div>\n<\/div>\n<\/div>\n<\/div>\n<\/div>\n<\/div>\n","protected":false},"excerpt":{"rendered":"<p>Pyyd\u00e4 tarjous kst@ksttukku.fi<\/p>\n","protected":false},"featured_media":1245,"comment_status":"closed","ping_status":"closed","template":"","meta":[],"product_brand":[],"product_cat":[115,116],"product_tag":[],"class_list":{"0":"post-1244","1":"product","2":"type-product","3":"status-publish","4":"has-post-thumbnail","6":"product_cat-markiisit","7":"product_cat-mittatilausmarkiisit","9":"first","10":"instock","11":"taxable","12":"shipping-taxable","13":"product-type-simple"},"_links":{"self":[{"href":"https:\/\/www.ksttukku.fi\/kauppa\/wp-json\/wp\/v2\/product\/1244","targetHints":{"allow":["GET"]}}],"collection":[{"href":"https:\/\/www.ksttukku.fi\/kauppa\/wp-json\/wp\/v2\/product"}],"about":[{"href":"https:\/\/www.ksttukku.fi\/kauppa\/wp-json\/wp\/v2\/types\/product"}],"replies":[{"embeddable":true,"href":"https:\/\/www.ksttukku.fi\/kauppa\/wp-json\/wp\/v2\/comments?post=1244"}],"wp:featuredmedia":[{"embeddable":true,"href":"https:\/\/www.ksttukku.fi\/kauppa\/wp-json\/wp\/v2\/media\/1245"}],"wp:attachment":[{"href":"https:\/\/www.ksttukku.fi\/kauppa\/wp-json\/wp\/v2\/media?parent=1244"}],"wp:term":[{"taxonomy":"product_brand","embeddable":true,"href":"https:\/\/www.ksttukku.fi\/kauppa\/wp-json\/wp\/v2\/product_brand?post=1244"},{"taxonomy":"product_cat","embeddable":true,"href":"https:\/\/www.ksttukku.fi\/kauppa\/wp-json\/wp\/v2\/product_cat?post=1244"},{"taxonomy":"product_tag","embeddable":true,"href":"https:\/\/www.ksttukku.fi\/kauppa\/wp-json\/wp\/v2\/product_tag?post=1244"}],"curies":[{"name":"wp","href":"https:\/\/api.w.org\/{rel}","templated":true}]}}