{"id":1246,"date":"2018-03-21T13:50:02","date_gmt":"2018-03-21T11:50:02","guid":{"rendered":"http:\/\/www.ksttukku.fi\/kauppa\/?post_type=product&#038;p=1246"},"modified":"2024-05-28T10:35:21","modified_gmt":"2024-05-28T07:35:21","slug":"terassimarkiisi-tm770","status":"publish","type":"product","link":"https:\/\/www.ksttukku.fi\/kauppa\/tuote\/terassimarkiisi-tm770\/","title":{"rendered":"Terassimarkiisi TM770"},"content":{"rendered":"<p>Sunsystems TM770 on t\u00e4ysin koteloitu terassimarkiisi. Markiisin kaikki osat sulkeutuvat kotelon sis\u00e4\u00e4n, jolloin siit\u00e4 tulee siisti ja l\u00e4hes huomaamaton. Tyylik\u00e4s ja linjakas muotoilu ja erityisen vahvat nivelvarret viimeistelev\u00e4t markiisin. Runkov\u00e4reiss\u00e4 on valittavana kolme vakiov\u00e4ri\u00e4 (valkoinen, hopea ja musta) mutta markiisi on maalattavissa kaikkiin RAL-s\u00e4vyihin. TM770-terassimarkiisin maksimiulottuma on jopa 4,0 metri\u00e4 ja yhden markiisin maksimileveys on 6,0 metri\u00e4. Markiisi on saatavana ainoastaan moottoroituna ja kiinnitys tapahtuu markiisin p\u00e4ist\u00e4.<\/p>\n<div>Markiisikangas<\/div>\n<div>100% akryylikangas ei haalistu laadukkaan kuituvaiheessa tehdyn v\u00e4rj\u00e4yksen ansiosta. Teflon-k\u00e4sittely antaa markiisikankaalle likaa ja hometta hylkiv\u00e4n pinnan. Laaja kangasmallisto kattaa niin yksiv\u00e4riset, tasaraitaiset kuin moniraitaiset kankaat.<\/div>\n<div><\/div>\n<div>\n<div>Mekanismi<\/div>\n<div>TM770-markiisin k\u00e4sivarret ovat eritt\u00e4in vahvoja ja tukevia. TM770-markiisin vahvat varret kest\u00e4v\u00e4t hyvin Suomen olosuhteissa ja pit\u00e4v\u00e4t kankaan kire\u00e4ll\u00e4.<\/div>\n<\/div>\n<div>Markiisiosat ovat pulveripolttomaalattuja ja saatavana vakiona kolmena eri s\u00e4vyn\u00e4: valkoinen, harmaa ja musta Tilauksesta osat ovat maalattavissa my\u00f6s kaikkiin muihin RAL-s\u00e4vyihin<\/div>\n<div><\/div>\n<div>\n<div>Kiinnitys<\/div>\n<div>Markiisi on kiinnitett\u00e4viss\u00e4 suoraan sein\u00e4\u00e4n tai kattoon markiisin p\u00e4\u00e4dyist\u00e4.<\/div>\n<\/div>\n<div><\/div>\n<div>\n<div>K\u00e4ytt\u00f6<\/div>\n<div>TM770 on aina moottoroitu. Markiisia voidaan ohjata kytkimell\u00e4, kaukos\u00e4\u00e4timell\u00e4 tai liitt\u00e4\u00e4 muihin ohjausj\u00e4rjestelmiin. Moottoroituun markiisiin voidaan liitt\u00e4\u00e4 tuuli- ja aurinkoautomatiikka<\/div>\n<\/div>\n","protected":false},"excerpt":{"rendered":"<p>Pyyd\u00e4 tarjous kst@ksttukku.fi<\/p>\n","protected":false},"featured_media":1247,"comment_status":"closed","ping_status":"closed","template":"","meta":[],"product_brand":[],"product_cat":[115,116],"product_tag":[],"class_list":{"0":"post-1246","1":"product","2":"type-product","3":"status-publish","4":"has-post-thumbnail","6":"product_cat-markiisit","7":"product_cat-mittatilausmarkiisit","9":"first","10":"outofstock","11":"taxable","12":"shipping-taxable","13":"product-type-simple"},"_links":{"self":[{"href":"https:\/\/www.ksttukku.fi\/kauppa\/wp-json\/wp\/v2\/product\/1246","targetHints":{"allow":["GET"]}}],"collection":[{"href":"https:\/\/www.ksttukku.fi\/kauppa\/wp-json\/wp\/v2\/product"}],"about":[{"href":"https:\/\/www.ksttukku.fi\/kauppa\/wp-json\/wp\/v2\/types\/product"}],"replies":[{"embeddable":true,"href":"https:\/\/www.ksttukku.fi\/kauppa\/wp-json\/wp\/v2\/comments?post=1246"}],"wp:featuredmedia":[{"embeddable":true,"href":"https:\/\/www.ksttukku.fi\/kauppa\/wp-json\/wp\/v2\/media\/1247"}],"wp:attachment":[{"href":"https:\/\/www.ksttukku.fi\/kauppa\/wp-json\/wp\/v2\/media?parent=1246"}],"wp:term":[{"taxonomy":"product_brand","embeddable":true,"href":"https:\/\/www.ksttukku.fi\/kauppa\/wp-json\/wp\/v2\/product_brand?post=1246"},{"taxonomy":"product_cat","embeddable":true,"href":"https:\/\/www.ksttukku.fi\/kauppa\/wp-json\/wp\/v2\/product_cat?post=1246"},{"taxonomy":"product_tag","embeddable":true,"href":"https:\/\/www.ksttukku.fi\/kauppa\/wp-json\/wp\/v2\/product_tag?post=1246"}],"curies":[{"name":"wp","href":"https:\/\/api.w.org\/{rel}","templated":true}]}}