{"id":1248,"date":"2018-03-21T17:44:24","date_gmt":"2018-03-21T15:44:24","guid":{"rendered":"http:\/\/www.ksttukku.fi\/kauppa\/?post_type=product&#038;p=1248"},"modified":"2025-10-07T11:26:26","modified_gmt":"2025-10-07T08:26:26","slug":"terassimarkiisi-tm800","status":"publish","type":"product","link":"https:\/\/www.ksttukku.fi\/kauppa\/tuote\/terassimarkiisi-tm800\/","title":{"rendered":"Terassimarkiisi TM500"},"content":{"rendered":"<p>Terassimarkiisi voidaan avata ja sulkea joko perinteisell\u00e4 veivill\u00e4 tai helppok\u00e4ytt\u00f6isell\u00e4 kauko-ohjattavalla moottorilla. Moottoroitu markiisi voidaan lis\u00e4ksi yhdist\u00e4\u00e4 t\u00e4ysin automaattiseen ohjaukseen, joka s\u00e4\u00e4telee markiisia auringonvalon ja tuuliolosuhteiden mukaan. Kaikki valikoimissamme olevat Sunsystems-terassimarkiisit pit\u00e4v\u00e4t markiisikankaan miellytt\u00e4v\u00e4n kire\u00e4n\u00e4 kest\u00e4vill\u00e4 Dyneema\u00ae-nauhalla varustettujen nivelvarsien avulla.<br \/>\nTerassimarkiisin kangas on aina 100 % akryylia. Kuituv\u00e4rj\u00e4yksen ansiosta akryylikankaan v\u00e4rit s\u00e4ilytt\u00e4v\u00e4t raikkaat s\u00e4vyns\u00e4 pitk\u00e4\u00e4n. Laadukas pintak\u00e4sittely tekee markiisikankaasta itsepuhdistuvan ja takaa kankaalle likaa ja hometta hylkiv\u00e4n teflon-pinnan. Laajasta terassimarkiisien ja piharatkaisuidemme valikoimasta l\u00f6ytyy yli 150 eri kangasvaihtoehtoa.<\/p>\n<p>Terassimarkiisit my\u00f6s yrityksille ja julkisiin tiloihin.<\/p>\n","protected":false},"excerpt":{"rendered":"<p>Pyyd\u00e4 tarjous kst@ksttukku.fi<\/p>\n","protected":false},"featured_media":1249,"comment_status":"closed","ping_status":"closed","template":"","meta":[],"product_brand":[],"product_cat":[115,116],"product_tag":[],"class_list":{"0":"post-1248","1":"product","2":"type-product","3":"status-publish","4":"has-post-thumbnail","6":"product_cat-markiisit","7":"product_cat-mittatilausmarkiisit","9":"first","10":"instock","11":"taxable","12":"shipping-taxable","13":"product-type-simple"},"_links":{"self":[{"href":"https:\/\/www.ksttukku.fi\/kauppa\/wp-json\/wp\/v2\/product\/1248","targetHints":{"allow":["GET"]}}],"collection":[{"href":"https:\/\/www.ksttukku.fi\/kauppa\/wp-json\/wp\/v2\/product"}],"about":[{"href":"https:\/\/www.ksttukku.fi\/kauppa\/wp-json\/wp\/v2\/types\/product"}],"replies":[{"embeddable":true,"href":"https:\/\/www.ksttukku.fi\/kauppa\/wp-json\/wp\/v2\/comments?post=1248"}],"wp:featuredmedia":[{"embeddable":true,"href":"https:\/\/www.ksttukku.fi\/kauppa\/wp-json\/wp\/v2\/media\/1249"}],"wp:attachment":[{"href":"https:\/\/www.ksttukku.fi\/kauppa\/wp-json\/wp\/v2\/media?parent=1248"}],"wp:term":[{"taxonomy":"product_brand","embeddable":true,"href":"https:\/\/www.ksttukku.fi\/kauppa\/wp-json\/wp\/v2\/product_brand?post=1248"},{"taxonomy":"product_cat","embeddable":true,"href":"https:\/\/www.ksttukku.fi\/kauppa\/wp-json\/wp\/v2\/product_cat?post=1248"},{"taxonomy":"product_tag","embeddable":true,"href":"https:\/\/www.ksttukku.fi\/kauppa\/wp-json\/wp\/v2\/product_tag?post=1248"}],"curies":[{"name":"wp","href":"https:\/\/api.w.org\/{rel}","templated":true}]}}