{"id":1250,"date":"2018-03-21T17:50:31","date_gmt":"2018-03-21T15:50:31","guid":{"rendered":"http:\/\/www.ksttukku.fi\/kauppa\/?post_type=product&#038;p=1250"},"modified":"2018-03-21T17:50:31","modified_gmt":"2018-03-21T15:50:31","slug":"ikkunamarkiisi-im200","status":"publish","type":"product","link":"https:\/\/www.ksttukku.fi\/kauppa\/tuote\/ikkunamarkiisi-im200\/","title":{"rendered":"Ikkunamarkiisi IM200"},"content":{"rendered":"<p>IM200 on edullinen ja yksinkertainen ikkunamarkiisi pienempiin ikkunoihin. Markiisia on helppo k\u00e4ytt\u00e4\u00e4 nauhas\u00e4\u00e4d\u00f6ll\u00e4 sis\u00e4- tai ulkotiloista. IM200 on riisuttu versio IM300-ikkunamarkiisista. IM200-markiisissa ei ole kangasta suojaavaa kasettia.<\/p>\n","protected":false},"excerpt":{"rendered":"<p>Pyyd\u00e4 tarjous kst@ksttukku.fi<\/p>\n","protected":false},"featured_media":1251,"comment_status":"closed","ping_status":"closed","template":"","meta":[],"product_brand":[],"product_cat":[115,116],"product_tag":[],"class_list":{"0":"post-1250","1":"product","2":"type-product","3":"status-publish","4":"has-post-thumbnail","6":"product_cat-markiisit","7":"product_cat-mittatilausmarkiisit","9":"first","10":"instock","11":"taxable","12":"shipping-taxable","13":"product-type-simple"},"_links":{"self":[{"href":"https:\/\/www.ksttukku.fi\/kauppa\/wp-json\/wp\/v2\/product\/1250","targetHints":{"allow":["GET"]}}],"collection":[{"href":"https:\/\/www.ksttukku.fi\/kauppa\/wp-json\/wp\/v2\/product"}],"about":[{"href":"https:\/\/www.ksttukku.fi\/kauppa\/wp-json\/wp\/v2\/types\/product"}],"replies":[{"embeddable":true,"href":"https:\/\/www.ksttukku.fi\/kauppa\/wp-json\/wp\/v2\/comments?post=1250"}],"wp:featuredmedia":[{"embeddable":true,"href":"https:\/\/www.ksttukku.fi\/kauppa\/wp-json\/wp\/v2\/media\/1251"}],"wp:attachment":[{"href":"https:\/\/www.ksttukku.fi\/kauppa\/wp-json\/wp\/v2\/media?parent=1250"}],"wp:term":[{"taxonomy":"product_brand","embeddable":true,"href":"https:\/\/www.ksttukku.fi\/kauppa\/wp-json\/wp\/v2\/product_brand?post=1250"},{"taxonomy":"product_cat","embeddable":true,"href":"https:\/\/www.ksttukku.fi\/kauppa\/wp-json\/wp\/v2\/product_cat?post=1250"},{"taxonomy":"product_tag","embeddable":true,"href":"https:\/\/www.ksttukku.fi\/kauppa\/wp-json\/wp\/v2\/product_tag?post=1250"}],"curies":[{"name":"wp","href":"https:\/\/api.w.org\/{rel}","templated":true}]}}