{"id":1252,"date":"2018-03-21T17:54:17","date_gmt":"2018-03-21T15:54:17","guid":{"rendered":"http:\/\/www.ksttukku.fi\/kauppa\/?post_type=product&#038;p=1252"},"modified":"2018-03-21T17:54:17","modified_gmt":"2018-03-21T15:54:17","slug":"ikkunamarkiisi-im300","status":"publish","type":"product","link":"https:\/\/www.ksttukku.fi\/kauppa\/tuote\/ikkunamarkiisi-im300\/","title":{"rendered":"Ikkunamarkiisi IM300"},"content":{"rendered":"<p>IM300 on helppok\u00e4ytt\u00f6inen ja tyylik\u00e4s perinteinen ikkunamarkiisi. Sit\u00e4 on helppo k\u00e4ytt\u00e4\u00e4 nauhalla talon sis\u00e4lt\u00e4 tai ulkoa. Markiisi on varustettu kangasta suojaavalla kotelolla eli kasetilla. IM300-ikkunamarkiisi on n\u00e4ytt\u00e4v\u00e4 ja sopii niin pieniin kuin suurempiinkin ikkunoihin.\u00a0Kannakkeiden paikat voidaan valita vapaasti koko markiisin leveydelt\u00e4, joka helpottaa asennusta.<\/p>\n<p>&nbsp;<\/p>\n","protected":false},"excerpt":{"rendered":"<p>Pyyd\u00e4 tarjous kst@ksttukku.fi<\/p>\n","protected":false},"featured_media":1253,"comment_status":"closed","ping_status":"closed","template":"","meta":[],"product_brand":[],"product_cat":[115,116],"product_tag":[],"class_list":{"0":"post-1252","1":"product","2":"type-product","3":"status-publish","4":"has-post-thumbnail","6":"product_cat-markiisit","7":"product_cat-mittatilausmarkiisit","9":"first","10":"instock","11":"taxable","12":"shipping-taxable","13":"product-type-simple"},"_links":{"self":[{"href":"https:\/\/www.ksttukku.fi\/kauppa\/wp-json\/wp\/v2\/product\/1252","targetHints":{"allow":["GET"]}}],"collection":[{"href":"https:\/\/www.ksttukku.fi\/kauppa\/wp-json\/wp\/v2\/product"}],"about":[{"href":"https:\/\/www.ksttukku.fi\/kauppa\/wp-json\/wp\/v2\/types\/product"}],"replies":[{"embeddable":true,"href":"https:\/\/www.ksttukku.fi\/kauppa\/wp-json\/wp\/v2\/comments?post=1252"}],"wp:featuredmedia":[{"embeddable":true,"href":"https:\/\/www.ksttukku.fi\/kauppa\/wp-json\/wp\/v2\/media\/1253"}],"wp:attachment":[{"href":"https:\/\/www.ksttukku.fi\/kauppa\/wp-json\/wp\/v2\/media?parent=1252"}],"wp:term":[{"taxonomy":"product_brand","embeddable":true,"href":"https:\/\/www.ksttukku.fi\/kauppa\/wp-json\/wp\/v2\/product_brand?post=1252"},{"taxonomy":"product_cat","embeddable":true,"href":"https:\/\/www.ksttukku.fi\/kauppa\/wp-json\/wp\/v2\/product_cat?post=1252"},{"taxonomy":"product_tag","embeddable":true,"href":"https:\/\/www.ksttukku.fi\/kauppa\/wp-json\/wp\/v2\/product_tag?post=1252"}],"curies":[{"name":"wp","href":"https:\/\/api.w.org\/{rel}","templated":true}]}}