{"id":1254,"date":"2018-03-21T17:57:30","date_gmt":"2018-03-21T15:57:30","guid":{"rendered":"http:\/\/www.ksttukku.fi\/kauppa\/?post_type=product&#038;p=1254"},"modified":"2018-03-21T17:57:30","modified_gmt":"2018-03-21T15:57:30","slug":"ikkunamarkiisi-im400","status":"publish","type":"product","link":"https:\/\/www.ksttukku.fi\/kauppa\/tuote\/ikkunamarkiisi-im400\/","title":{"rendered":"Ikkunamarkiisi IM400"},"content":{"rendered":"<p>IM400 on tukeva ikkunamarkiisi,jonka sivuvarsien jousivoima on s\u00e4\u00e4dett\u00e4viss\u00e4 markiisin koon mukaan. Tyylikk\u00e4\u00e4sti muotoiltu alumiinikasetti suojaa markiisi-kangasta tuulelta ja tuiskulta. K\u00e4ytt\u00f6kohteita kodin lis\u00e4ksi ovat esimerkiksi huvilat, konttorit, kaupat ja koulut. IM400-ikkunamarkiisin avulla saat helposti s\u00e4\u00e4delty\u00e4 sis\u00e4\u00e4n tulevaa auringonvaloa ja siit\u00e4 aiheutuvaa l\u00e4mp\u00f6\u00e4. Lis\u00e4ksi ikkunamarkiisi antaa talolle tyylikk\u00e4\u00e4n ilmeen.<\/p>\n","protected":false},"excerpt":{"rendered":"<p>Pyyd\u00e4 tarjous kst@ksttukku.fi<\/p>\n","protected":false},"featured_media":1255,"comment_status":"closed","ping_status":"closed","template":"","meta":[],"product_brand":[],"product_cat":[115,116],"product_tag":[],"class_list":{"0":"post-1254","1":"product","2":"type-product","3":"status-publish","4":"has-post-thumbnail","6":"product_cat-markiisit","7":"product_cat-mittatilausmarkiisit","9":"first","10":"instock","11":"taxable","12":"shipping-taxable","13":"product-type-simple"},"_links":{"self":[{"href":"https:\/\/www.ksttukku.fi\/kauppa\/wp-json\/wp\/v2\/product\/1254","targetHints":{"allow":["GET"]}}],"collection":[{"href":"https:\/\/www.ksttukku.fi\/kauppa\/wp-json\/wp\/v2\/product"}],"about":[{"href":"https:\/\/www.ksttukku.fi\/kauppa\/wp-json\/wp\/v2\/types\/product"}],"replies":[{"embeddable":true,"href":"https:\/\/www.ksttukku.fi\/kauppa\/wp-json\/wp\/v2\/comments?post=1254"}],"wp:featuredmedia":[{"embeddable":true,"href":"https:\/\/www.ksttukku.fi\/kauppa\/wp-json\/wp\/v2\/media\/1255"}],"wp:attachment":[{"href":"https:\/\/www.ksttukku.fi\/kauppa\/wp-json\/wp\/v2\/media?parent=1254"}],"wp:term":[{"taxonomy":"product_brand","embeddable":true,"href":"https:\/\/www.ksttukku.fi\/kauppa\/wp-json\/wp\/v2\/product_brand?post=1254"},{"taxonomy":"product_cat","embeddable":true,"href":"https:\/\/www.ksttukku.fi\/kauppa\/wp-json\/wp\/v2\/product_cat?post=1254"},{"taxonomy":"product_tag","embeddable":true,"href":"https:\/\/www.ksttukku.fi\/kauppa\/wp-json\/wp\/v2\/product_tag?post=1254"}],"curies":[{"name":"wp","href":"https:\/\/api.w.org\/{rel}","templated":true}]}}