{"id":1256,"date":"2018-03-21T18:01:52","date_gmt":"2018-03-21T16:01:52","guid":{"rendered":"http:\/\/www.ksttukku.fi\/kauppa\/?post_type=product&#038;p=1256"},"modified":"2018-03-21T18:03:31","modified_gmt":"2018-03-21T16:03:31","slug":"ikkunamarkiisi-im500","status":"publish","type":"product","link":"https:\/\/www.ksttukku.fi\/kauppa\/tuote\/ikkunamarkiisi-im500\/","title":{"rendered":"Ikkunamarkiisi IM500"},"content":{"rendered":"<p>IM500 on tukevarakenteinen ikkunamarkiisi, jonka avulla ikkunasta tuleva auringon valo ja l\u00e4mp\u00f6 saadaan helposti hallittua. IM500-ikkunamarkiisi on hyv\u00e4 aurinkosuoja yksitt\u00e4isiss\u00e4 kotitalouksissa sek\u00e4 suurempina kokonaisuuksina kouluissa, konttoreissa, ravintoloissa, sairaaloissa sek\u00e4 muissa julkisissa rakennuksissa. Ikkunamarkiisi IM500 voidaan asentaa niin kattoon kuin sein\u00e4\u00e4n ja haluttaessa varustaa kangasta suojaavalla katosprofiililla. T\u00e4m\u00e4n markiisin sivuvarsien jousivoimaa voidaan s\u00e4\u00e4t\u00e4\u00e4 riippuen siit\u00e4 mink\u00e4 kokoinen ikkunamarkiisi on.<\/p>\n","protected":false},"excerpt":{"rendered":"<p>Pyyd\u00e4 tarjous kst@ksttukku.fi<\/p>\n","protected":false},"featured_media":1257,"comment_status":"closed","ping_status":"closed","template":"","meta":[],"product_brand":[],"product_cat":[115,116],"product_tag":[],"class_list":{"0":"post-1256","1":"product","2":"type-product","3":"status-publish","4":"has-post-thumbnail","6":"product_cat-markiisit","7":"product_cat-mittatilausmarkiisit","9":"first","10":"instock","11":"taxable","12":"shipping-taxable","13":"product-type-simple"},"_links":{"self":[{"href":"https:\/\/www.ksttukku.fi\/kauppa\/wp-json\/wp\/v2\/product\/1256","targetHints":{"allow":["GET"]}}],"collection":[{"href":"https:\/\/www.ksttukku.fi\/kauppa\/wp-json\/wp\/v2\/product"}],"about":[{"href":"https:\/\/www.ksttukku.fi\/kauppa\/wp-json\/wp\/v2\/types\/product"}],"replies":[{"embeddable":true,"href":"https:\/\/www.ksttukku.fi\/kauppa\/wp-json\/wp\/v2\/comments?post=1256"}],"wp:featuredmedia":[{"embeddable":true,"href":"https:\/\/www.ksttukku.fi\/kauppa\/wp-json\/wp\/v2\/media\/1257"}],"wp:attachment":[{"href":"https:\/\/www.ksttukku.fi\/kauppa\/wp-json\/wp\/v2\/media?parent=1256"}],"wp:term":[{"taxonomy":"product_brand","embeddable":true,"href":"https:\/\/www.ksttukku.fi\/kauppa\/wp-json\/wp\/v2\/product_brand?post=1256"},{"taxonomy":"product_cat","embeddable":true,"href":"https:\/\/www.ksttukku.fi\/kauppa\/wp-json\/wp\/v2\/product_cat?post=1256"},{"taxonomy":"product_tag","embeddable":true,"href":"https:\/\/www.ksttukku.fi\/kauppa\/wp-json\/wp\/v2\/product_tag?post=1256"}],"curies":[{"name":"wp","href":"https:\/\/api.w.org\/{rel}","templated":true}]}}