{"id":1280,"date":"2018-03-26T13:25:53","date_gmt":"2018-03-26T10:25:53","guid":{"rendered":"http:\/\/www.ksttukku.fi\/kauppa\/?post_type=product&#038;p=1280"},"modified":"2022-04-22T14:47:07","modified_gmt":"2022-04-22T11:47:07","slug":"paivanvarjo-banana-3m-valkoinen","status":"publish","type":"product","link":"https:\/\/www.ksttukku.fi\/kauppa\/tuote\/paivanvarjo-banana-3m-valkoinen\/","title":{"rendered":"P\u00e4iv\u00e4nvarjo Banana 3m valkoinen"},"content":{"rendered":"<p>P\u00e4iv\u00e4nvarjo, halk. 300cm. Varjon kangas polyesteria, vahvuus 160g\/m2. 48mm alumiinirunko ristikkojalalla. Puomivarsi 42mm ter\u00e4sputkea, varjo-osassa 6 ter\u00e4sruodetta (12x18mm). Varjon avaaminen ja sulkeminen veivimekanismilla.<\/p>\n","protected":false},"excerpt":{"rendered":"<p>P\u00e4iv\u00e4nvarjo, halk. 300cm. Varjon kangas polyesteria, vahvuus 160g\/m2. 48mm alumiinirunko ristikkojalalla. Puomivarsi 42mm ter\u00e4sputkea, varjo-osassa 6 ter\u00e4sruodetta (12x18mm). Varjon avaaminen ja sulkeminen veivimekanismilla.<\/p>\n","protected":false},"featured_media":1281,"comment_status":"closed","ping_status":"closed","template":"","meta":[],"product_brand":[],"product_cat":[119,122],"product_tag":[],"class_list":{"0":"post-1280","1":"product","2":"type-product","3":"status-publish","4":"has-post-thumbnail","6":"product_cat-kesakalusteet","7":"product_cat-paivanvarjot","9":"first","10":"instock","11":"taxable","12":"shipping-taxable","13":"purchasable","14":"product-type-simple"},"_links":{"self":[{"href":"https:\/\/www.ksttukku.fi\/kauppa\/wp-json\/wp\/v2\/product\/1280","targetHints":{"allow":["GET"]}}],"collection":[{"href":"https:\/\/www.ksttukku.fi\/kauppa\/wp-json\/wp\/v2\/product"}],"about":[{"href":"https:\/\/www.ksttukku.fi\/kauppa\/wp-json\/wp\/v2\/types\/product"}],"replies":[{"embeddable":true,"href":"https:\/\/www.ksttukku.fi\/kauppa\/wp-json\/wp\/v2\/comments?post=1280"}],"wp:featuredmedia":[{"embeddable":true,"href":"https:\/\/www.ksttukku.fi\/kauppa\/wp-json\/wp\/v2\/media\/1281"}],"wp:attachment":[{"href":"https:\/\/www.ksttukku.fi\/kauppa\/wp-json\/wp\/v2\/media?parent=1280"}],"wp:term":[{"taxonomy":"product_brand","embeddable":true,"href":"https:\/\/www.ksttukku.fi\/kauppa\/wp-json\/wp\/v2\/product_brand?post=1280"},{"taxonomy":"product_cat","embeddable":true,"href":"https:\/\/www.ksttukku.fi\/kauppa\/wp-json\/wp\/v2\/product_cat?post=1280"},{"taxonomy":"product_tag","embeddable":true,"href":"https:\/\/www.ksttukku.fi\/kauppa\/wp-json\/wp\/v2\/product_tag?post=1280"}],"curies":[{"name":"wp","href":"https:\/\/api.w.org\/{rel}","templated":true}]}}