{"id":12865,"date":"2023-03-15T11:56:37","date_gmt":"2023-03-15T09:56:37","guid":{"rendered":"https:\/\/www.ksttukku.fi\/kauppa\/?post_type=product&#038;p=12865"},"modified":"2023-03-15T11:56:38","modified_gmt":"2023-03-15T09:56:38","slug":"paolo-kattovalaisin-ip-44-tahtiefekti","status":"publish","type":"product","link":"https:\/\/www.ksttukku.fi\/kauppa\/tuote\/paolo-kattovalaisin-ip-44-tahtiefekti\/","title":{"rendered":"Paolo kattovalaisin IP 44 t\u00e4htiefekti"},"content":{"rendered":"<p>Kylpyhuoneeseen\u00a0 soveltuva t\u00e4htikuviollinen kattovalaisin.<\/p>\n<p>Valaisimessa integroitu led-valonl\u00e4hde 15 W, valoteho 1 450 lm .<\/p>\n<p>Valonv\u00e4ri 4000K<\/p>\n<p>Halkaisija 37 cm ja korkeus 10 cm.<\/p>\n<p>IP44<\/p>\n","protected":false},"excerpt":{"rendered":"<p>Kylpyhuoneeseen\u00a0 soveltuva t\u00e4htikuviollinen kattovalaisin. Valaisimessa integroitu led-valonl\u00e4hde 15 W, valoteho 1 450 lm . Valonv\u00e4ri 4000K Halkaisija 37 cm ja korkeus 10 cm. IP44<\/p>\n","protected":false},"featured_media":12866,"comment_status":"closed","ping_status":"closed","template":"","meta":[],"product_brand":[],"product_cat":[48,35,34],"product_tag":[],"class_list":{"0":"post-12865","1":"product","2":"type-product","3":"status-publish","4":"has-post-thumbnail","6":"product_cat-kosteantilanvalaisimet","7":"product_cat-sisavalaisimet","8":"product_cat-valaisimet","10":"first","11":"instock","12":"taxable","13":"shipping-taxable","14":"purchasable","15":"product-type-simple"},"_links":{"self":[{"href":"https:\/\/www.ksttukku.fi\/kauppa\/wp-json\/wp\/v2\/product\/12865","targetHints":{"allow":["GET"]}}],"collection":[{"href":"https:\/\/www.ksttukku.fi\/kauppa\/wp-json\/wp\/v2\/product"}],"about":[{"href":"https:\/\/www.ksttukku.fi\/kauppa\/wp-json\/wp\/v2\/types\/product"}],"replies":[{"embeddable":true,"href":"https:\/\/www.ksttukku.fi\/kauppa\/wp-json\/wp\/v2\/comments?post=12865"}],"wp:featuredmedia":[{"embeddable":true,"href":"https:\/\/www.ksttukku.fi\/kauppa\/wp-json\/wp\/v2\/media\/12866"}],"wp:attachment":[{"href":"https:\/\/www.ksttukku.fi\/kauppa\/wp-json\/wp\/v2\/media?parent=12865"}],"wp:term":[{"taxonomy":"product_brand","embeddable":true,"href":"https:\/\/www.ksttukku.fi\/kauppa\/wp-json\/wp\/v2\/product_brand?post=12865"},{"taxonomy":"product_cat","embeddable":true,"href":"https:\/\/www.ksttukku.fi\/kauppa\/wp-json\/wp\/v2\/product_cat?post=12865"},{"taxonomy":"product_tag","embeddable":true,"href":"https:\/\/www.ksttukku.fi\/kauppa\/wp-json\/wp\/v2\/product_tag?post=12865"}],"curies":[{"name":"wp","href":"https:\/\/api.w.org\/{rel}","templated":true}]}}