{"id":12872,"date":"2023-03-15T15:06:42","date_gmt":"2023-03-15T13:06:42","guid":{"rendered":"https:\/\/www.ksttukku.fi\/kauppa\/?post_type=product&#038;p=12872"},"modified":"2023-07-27T15:23:29","modified_gmt":"2023-07-27T12:23:29","slug":"lukida-kattovalaisin-2000lm-18w","status":"publish","type":"product","link":"https:\/\/www.ksttukku.fi\/kauppa\/tuote\/lukida-kattovalaisin-2000lm-18w\/","title":{"rendered":"Lukida kattovalaisin 2000lm  18W"},"content":{"rendered":"<p>Valaisinta voi himment\u00e4\u00e4 portaattomasti mukana tulevalla valons\u00e4\u00e4timell\u00e4.<\/p>\n<p>Valon v\u00e4ri\u00e4 (v\u00e4ril\u00e4mp\u00f6tilaa kelvinasteina) voi s\u00e4\u00e4t\u00e4\u00e4 portaattomasti.<\/p>\n<p>Valaisimessa on y\u00f6valotoiminto<\/p>\n<p>Teho: 18 W<\/p>\n<p>Valovirta: 2000 lm<\/p>\n<p>Valaisimen koko: \u2205 380 mm, korkeus 105 mm<\/p>\n<p>V\u00e4ril\u00e4mp\u00f6: 3000 \u2013 6000 K<\/p>\n","protected":false},"excerpt":{"rendered":"<p>Valaisinta voi himment\u00e4\u00e4 portaattomasti mukana tulevalla valons\u00e4\u00e4timell\u00e4. Valon v\u00e4ri\u00e4 (v\u00e4ril\u00e4mp\u00f6tilaa kelvinasteina) voi s\u00e4\u00e4t\u00e4\u00e4 portaattomasti. Valaisimessa on y\u00f6valotoiminto Teho: 18 W Valovirta: 2000 lm Valaisimen koko: \u2205 380 mm, korkeus 105 mm V\u00e4ril\u00e4mp\u00f6: 3000 \u2013 6000 K<\/p>\n","protected":false},"featured_media":12875,"comment_status":"closed","ping_status":"closed","template":"","meta":[],"product_brand":[],"product_cat":[40,51,35,34],"product_tag":[],"class_list":{"0":"post-12872","1":"product","2":"type-product","3":"status-publish","4":"has-post-thumbnail","6":"product_cat-kattovalaisimet","7":"product_cat-pinta-asennettavat","8":"product_cat-sisavalaisimet","9":"product_cat-valaisimet","11":"first","12":"instock","13":"taxable","14":"shipping-taxable","15":"purchasable","16":"product-type-simple"},"_links":{"self":[{"href":"https:\/\/www.ksttukku.fi\/kauppa\/wp-json\/wp\/v2\/product\/12872","targetHints":{"allow":["GET"]}}],"collection":[{"href":"https:\/\/www.ksttukku.fi\/kauppa\/wp-json\/wp\/v2\/product"}],"about":[{"href":"https:\/\/www.ksttukku.fi\/kauppa\/wp-json\/wp\/v2\/types\/product"}],"replies":[{"embeddable":true,"href":"https:\/\/www.ksttukku.fi\/kauppa\/wp-json\/wp\/v2\/comments?post=12872"}],"wp:featuredmedia":[{"embeddable":true,"href":"https:\/\/www.ksttukku.fi\/kauppa\/wp-json\/wp\/v2\/media\/12875"}],"wp:attachment":[{"href":"https:\/\/www.ksttukku.fi\/kauppa\/wp-json\/wp\/v2\/media?parent=12872"}],"wp:term":[{"taxonomy":"product_brand","embeddable":true,"href":"https:\/\/www.ksttukku.fi\/kauppa\/wp-json\/wp\/v2\/product_brand?post=12872"},{"taxonomy":"product_cat","embeddable":true,"href":"https:\/\/www.ksttukku.fi\/kauppa\/wp-json\/wp\/v2\/product_cat?post=12872"},{"taxonomy":"product_tag","embeddable":true,"href":"https:\/\/www.ksttukku.fi\/kauppa\/wp-json\/wp\/v2\/product_tag?post=12872"}],"curies":[{"name":"wp","href":"https:\/\/api.w.org\/{rel}","templated":true}]}}