{"id":12879,"date":"2023-03-15T18:46:57","date_gmt":"2023-03-15T16:46:57","guid":{"rendered":"https:\/\/www.ksttukku.fi\/kauppa\/?post_type=product&#038;p=12879"},"modified":"2023-03-15T18:46:58","modified_gmt":"2023-03-15T16:46:58","slug":"durban-led-riippuvalaisin-75w-8900lm-3000k-80cm-harjattu-teras","status":"publish","type":"product","link":"https:\/\/www.ksttukku.fi\/kauppa\/tuote\/durban-led-riippuvalaisin-75w-8900lm-3000k-80cm-harjattu-teras\/","title":{"rendered":"Durban LED riippuvalaisin 75W, 8900lm, 3000K, 80cm, harjattu ter\u00e4s"},"content":{"rendered":"<p>Durban on n\u00e4ytt\u00e4v\u00e4 ja tehokas riippuvalaisin joka valaisee hyvin isommankin tilan.<\/p>\n<p>Valaisimen kirkkautta voi s\u00e4\u00e4t\u00e4\u00e4 kolmiportaisesti tavallisen valokatkaisimen avulla.<\/p>\n<p data-sanitized-data-mce-fragment=\"1\">Teho: 75 W<\/p>\n<p data-sanitized-data-mce-fragment=\"1\">Valovirta: 8900 lm<\/p>\n<p data-sanitized-data-mce-fragment=\"1\">V\u00e4ril\u00e4mp\u00f6tila: 3000 K<\/p>\n<p data-sanitized-data-mce-fragment=\"1\">Mitat: \u2205 80 cm, korkeus 200 cm (korkeus s\u00e4\u00e4dett\u00e4viss\u00e4)<\/p>\n<p data-sanitized-data-mce-fragment=\"1\">V\u00e4ri: Harjattu ter\u00e4s<\/p>\n<p data-sanitized-data-mce-fragment=\"1\">\n<p data-sanitized-data-mce-fragment=\"1\">\n","protected":false},"excerpt":{"rendered":"<p>Durban on n\u00e4ytt\u00e4v\u00e4 ja tehokas riippuvalaisin joka valaisee hyvin isommankin tilan. Valaisimen kirkkautta voi s\u00e4\u00e4t\u00e4\u00e4 kolmiportaisesti tavallisen valokatkaisimen avulla. Teho: 75 W Valovirta: 8900 lm V\u00e4ril\u00e4mp\u00f6tila: 3000 K Mitat: \u2205 80 cm, korkeus 200 cm (korkeus s\u00e4\u00e4dett\u00e4viss\u00e4) V\u00e4ri: Harjattu ter\u00e4s<\/p>\n","protected":false},"featured_media":12882,"comment_status":"closed","ping_status":"closed","template":"","meta":[],"product_brand":[],"product_cat":[49,35,34],"product_tag":[],"class_list":{"0":"post-12879","1":"product","2":"type-product","3":"status-publish","4":"has-post-thumbnail","6":"product_cat-riippuvalaisimet","7":"product_cat-sisavalaisimet","8":"product_cat-valaisimet","10":"first","11":"instock","12":"taxable","13":"shipping-taxable","14":"purchasable","15":"product-type-simple"},"_links":{"self":[{"href":"https:\/\/www.ksttukku.fi\/kauppa\/wp-json\/wp\/v2\/product\/12879","targetHints":{"allow":["GET"]}}],"collection":[{"href":"https:\/\/www.ksttukku.fi\/kauppa\/wp-json\/wp\/v2\/product"}],"about":[{"href":"https:\/\/www.ksttukku.fi\/kauppa\/wp-json\/wp\/v2\/types\/product"}],"replies":[{"embeddable":true,"href":"https:\/\/www.ksttukku.fi\/kauppa\/wp-json\/wp\/v2\/comments?post=12879"}],"wp:featuredmedia":[{"embeddable":true,"href":"https:\/\/www.ksttukku.fi\/kauppa\/wp-json\/wp\/v2\/media\/12882"}],"wp:attachment":[{"href":"https:\/\/www.ksttukku.fi\/kauppa\/wp-json\/wp\/v2\/media?parent=12879"}],"wp:term":[{"taxonomy":"product_brand","embeddable":true,"href":"https:\/\/www.ksttukku.fi\/kauppa\/wp-json\/wp\/v2\/product_brand?post=12879"},{"taxonomy":"product_cat","embeddable":true,"href":"https:\/\/www.ksttukku.fi\/kauppa\/wp-json\/wp\/v2\/product_cat?post=12879"},{"taxonomy":"product_tag","embeddable":true,"href":"https:\/\/www.ksttukku.fi\/kauppa\/wp-json\/wp\/v2\/product_tag?post=12879"}],"curies":[{"name":"wp","href":"https:\/\/api.w.org\/{rel}","templated":true}]}}