{"id":12897,"date":"2023-03-21T12:03:37","date_gmt":"2023-03-21T10:03:37","guid":{"rendered":"https:\/\/www.ksttukku.fi\/kauppa\/?post_type=product&#038;p=12897"},"modified":"2023-03-21T14:54:28","modified_gmt":"2023-03-21T12:54:28","slug":"led-pistokantalamppu-g23-4000k-510-lm","status":"publish","type":"product","link":"https:\/\/www.ksttukku.fi\/kauppa\/tuote\/led-pistokantalamppu-g23-4000k-510-lm\/","title":{"rendered":"Led-pistokantalamppu G23 4000K 510 lm"},"content":{"rendered":"<p>Led-pistokantalamput on tarkoitettu loisteputkipistokantalamppujen tilalle. Led-malleissa on v\u00e4lit\u00f6n valontuotto ja ne toimivat eritt\u00e4in hyvin my\u00f6s kylmiss\u00e4 olosuhteissa. Valo on v\u00e4lkkym\u00e4t\u00f6n. Pitk\u00e4 polttoik\u00e4, 30 000 tuntia.G23-pistokantaiset LED-lamput korvaavat vanhat energians\u00e4\u00e4st\u00f6lamput.<\/p>\n<p>K\u00e4ytet\u00e4\u00e4n esim. kapeissa sein\u00e4valaisimissa, liesikuvuissa ja v\u00e4litilavalaisimissa.<\/p>\n<p>&nbsp;<\/p>\n<div class=\"items__container\" data-v-d6a8b82c=\"\" data-v-1141fb2a=\"\">\n<div class=\"technical-details\" data-v-d6a8b82c=\"\">\n<div class=\"technical-group\" data-v-d6a8b82c=\"\">\n<div class=\"technical-group-data\" data-v-d6a8b82c=\"\">\n<div class=\"technical-group-label\" data-v-d6a8b82c=\"\">Halkaisija : 3,1 cm<\/div>\n<\/div>\n<div class=\"technical-group-data\" data-v-d6a8b82c=\"\">\n<div class=\"technical-group-label\" data-v-d6a8b82c=\"\">Pituus :\u00a0 16,65 cm<\/div>\n<\/div>\n<div data-v-d6a8b82c=\"\"><\/div>\n<\/div>\n<\/div>\n<\/div>\n<p>&nbsp;<\/p>\n<aside data-v-1141fb2a=\"\">\n<div class=\"downloads__container\" data-v-cb563090=\"\" data-v-1141fb2a=\"\">\n<div class=\"download\" data-v-cb563090=\"\">\n<div class=\"downloads\" data-v-cb563090=\"\">\n<h5 class=\"scylla-title title h5 scylla-title--title text--left\" data-v-4ac620b8=\"\" data-v-cb563090=\"\"><\/h5>\n<div class=\"downloads-content\" data-v-cb563090=\"\">\n<div class=\"field\" data-v-cb563090=\"\"><\/div>\n<div class=\"field\" data-v-cb563090=\"\"><\/div>\n<div class=\"field\" data-v-cb563090=\"\"><\/div>\n<\/div>\n<\/div>\n<hr data-v-cb563090=\"\" \/>\n<div class=\"download-gallery\" data-v-cb563090=\"\">\n<h5 class=\"scylla-title title h5 scylla-title--title text--left\" data-v-4ac620b8=\"\" data-v-cb563090=\"\">Galleria<\/h5>\n<div class=\"download-gallery-items\" data-v-cb563090=\"\">\n<div class=\"item\" data-v-cb563090=\"\">\n<div class=\"image-container\" data-v-cb563090=\"\"><img decoding=\"async\" src=\"https:\/\/prod.airam.lamia.tech\/media\/catalog\/product\/cache\/95e59dbce25d82c2270fa35c854b3d72\/0\/1\/01_4713901_6435200284822_fullHD2023021005.jpeg\" data-v-cb563090=\"\" \/><\/div>\n<\/div>\n<\/div>\n<\/div>\n<\/div>\n<\/div>\n<\/aside>\n","protected":false},"excerpt":{"rendered":"<p>Led-pistokantalamput on tarkoitettu loisteputkipistokantalamppujen tilalle. Led-malleissa on v\u00e4lit\u00f6n valontuotto ja ne toimivat eritt\u00e4in hyvin my\u00f6s kylmiss\u00e4 olosuhteissa. Valo on v\u00e4lkkym\u00e4t\u00f6n. Pitk\u00e4 polttoik\u00e4, 30 000 tuntia.G23-pistokantaiset LED-lamput korvaavat vanhat energians\u00e4\u00e4st\u00f6lamput. K\u00e4ytet\u00e4\u00e4n esim. kapeissa sein\u00e4valaisimissa, liesikuvuissa ja v\u00e4litilavalaisimissa. &nbsp; Halkaisija : 3,1 cm Pituus :\u00a0 16,65 cm &nbsp; Galleria<\/p>\n","protected":false},"featured_media":12898,"comment_status":"closed","ping_status":"closed","template":"","meta":[],"product_brand":[],"product_cat":[186,185,189,34],"product_tag":[],"class_list":{"0":"post-12897","1":"product","2":"type-product","3":"status-publish","4":"has-post-thumbnail","6":"product_cat-ledlamput","7":"product_cat-lamput","8":"product_cat-muut-ledlamput","9":"product_cat-valaisimet","11":"first","12":"instock","13":"taxable","14":"shipping-taxable","15":"purchasable","16":"product-type-simple"},"_links":{"self":[{"href":"https:\/\/www.ksttukku.fi\/kauppa\/wp-json\/wp\/v2\/product\/12897","targetHints":{"allow":["GET"]}}],"collection":[{"href":"https:\/\/www.ksttukku.fi\/kauppa\/wp-json\/wp\/v2\/product"}],"about":[{"href":"https:\/\/www.ksttukku.fi\/kauppa\/wp-json\/wp\/v2\/types\/product"}],"replies":[{"embeddable":true,"href":"https:\/\/www.ksttukku.fi\/kauppa\/wp-json\/wp\/v2\/comments?post=12897"}],"wp:featuredmedia":[{"embeddable":true,"href":"https:\/\/www.ksttukku.fi\/kauppa\/wp-json\/wp\/v2\/media\/12898"}],"wp:attachment":[{"href":"https:\/\/www.ksttukku.fi\/kauppa\/wp-json\/wp\/v2\/media?parent=12897"}],"wp:term":[{"taxonomy":"product_brand","embeddable":true,"href":"https:\/\/www.ksttukku.fi\/kauppa\/wp-json\/wp\/v2\/product_brand?post=12897"},{"taxonomy":"product_cat","embeddable":true,"href":"https:\/\/www.ksttukku.fi\/kauppa\/wp-json\/wp\/v2\/product_cat?post=12897"},{"taxonomy":"product_tag","embeddable":true,"href":"https:\/\/www.ksttukku.fi\/kauppa\/wp-json\/wp\/v2\/product_tag?post=12897"}],"curies":[{"name":"wp","href":"https:\/\/api.w.org\/{rel}","templated":true}]}}