{"id":12902,"date":"2023-03-21T12:42:02","date_gmt":"2023-03-21T10:42:02","guid":{"rendered":"https:\/\/www.ksttukku.fi\/kauppa\/?post_type=product&#038;p=12902"},"modified":"2023-03-21T12:42:03","modified_gmt":"2023-03-21T10:42:03","slug":"francis-led-riippuvalaisin-48w-5600lm-3000k-harjattu-alumiini","status":"publish","type":"product","link":"https:\/\/www.ksttukku.fi\/kauppa\/tuote\/francis-led-riippuvalaisin-48w-5600lm-3000k-harjattu-alumiini\/","title":{"rendered":"Francis LED riippuvalaisin 48W, 5600lm, 3000K harjattu alumiini"},"content":{"rendered":"<p>Francis on tyylik\u00e4s riippuvalaisin joka valaisee hyvin isommankin tilan.<\/p>\n<p>Valaisimen kirkkautta voi s\u00e4\u00e4t\u00e4\u00e4 kolmiportaisesti tavallisen valokatkaisimen avulla.<\/p>\n<p data-sanitized-data-mce-fragment=\"1\">Teho: 48 W<\/p>\n<p data-sanitized-data-mce-fragment=\"1\">Valovirta: 5600 lm<\/p>\n<p data-sanitized-data-mce-fragment=\"1\">V\u00e4ril\u00e4mp\u00f6tila: 3000 K<\/p>\n<p data-sanitized-data-mce-fragment=\"1\">Mitat: 72 x 68 cm, korkeus 150 cm (korkeus s\u00e4\u00e4dett\u00e4viss\u00e4)<\/p>\n<p data-sanitized-data-mce-fragment=\"1\">V\u00e4ri: Harjattu alumiini<\/p>\n<p data-sanitized-data-mce-fragment=\"1\">\n","protected":false},"excerpt":{"rendered":"<p>Francis on tyylik\u00e4s riippuvalaisin joka valaisee hyvin isommankin tilan. Valaisimen kirkkautta voi s\u00e4\u00e4t\u00e4\u00e4 kolmiportaisesti tavallisen valokatkaisimen avulla. Teho: 48 W Valovirta: 5600 lm V\u00e4ril\u00e4mp\u00f6tila: 3000 K Mitat: 72 x 68 cm, korkeus 150 cm (korkeus s\u00e4\u00e4dett\u00e4viss\u00e4) V\u00e4ri: Harjattu alumiini<\/p>\n","protected":false},"featured_media":12908,"comment_status":"closed","ping_status":"closed","template":"","meta":[],"product_brand":[],"product_cat":[49,35,34],"product_tag":[],"class_list":{"0":"post-12902","1":"product","2":"type-product","3":"status-publish","4":"has-post-thumbnail","6":"product_cat-riippuvalaisimet","7":"product_cat-sisavalaisimet","8":"product_cat-valaisimet","10":"first","11":"instock","12":"taxable","13":"shipping-taxable","14":"purchasable","15":"product-type-simple"},"_links":{"self":[{"href":"https:\/\/www.ksttukku.fi\/kauppa\/wp-json\/wp\/v2\/product\/12902","targetHints":{"allow":["GET"]}}],"collection":[{"href":"https:\/\/www.ksttukku.fi\/kauppa\/wp-json\/wp\/v2\/product"}],"about":[{"href":"https:\/\/www.ksttukku.fi\/kauppa\/wp-json\/wp\/v2\/types\/product"}],"replies":[{"embeddable":true,"href":"https:\/\/www.ksttukku.fi\/kauppa\/wp-json\/wp\/v2\/comments?post=12902"}],"wp:featuredmedia":[{"embeddable":true,"href":"https:\/\/www.ksttukku.fi\/kauppa\/wp-json\/wp\/v2\/media\/12908"}],"wp:attachment":[{"href":"https:\/\/www.ksttukku.fi\/kauppa\/wp-json\/wp\/v2\/media?parent=12902"}],"wp:term":[{"taxonomy":"product_brand","embeddable":true,"href":"https:\/\/www.ksttukku.fi\/kauppa\/wp-json\/wp\/v2\/product_brand?post=12902"},{"taxonomy":"product_cat","embeddable":true,"href":"https:\/\/www.ksttukku.fi\/kauppa\/wp-json\/wp\/v2\/product_cat?post=12902"},{"taxonomy":"product_tag","embeddable":true,"href":"https:\/\/www.ksttukku.fi\/kauppa\/wp-json\/wp\/v2\/product_tag?post=12902"}],"curies":[{"name":"wp","href":"https:\/\/api.w.org\/{rel}","templated":true}]}}