{"id":12915,"date":"2023-03-21T16:24:49","date_gmt":"2023-03-21T14:24:49","guid":{"rendered":"https:\/\/www.ksttukku.fi\/kauppa\/?post_type=product&#038;p=12915"},"modified":"2023-03-21T16:43:11","modified_gmt":"2023-03-21T14:43:11","slug":"airam-led-pistokantalamppu-72w-3000k-g23","status":"publish","type":"product","link":"https:\/\/www.ksttukku.fi\/kauppa\/tuote\/airam-led-pistokantalamppu-72w-3000k-g23\/","title":{"rendered":"Airam  led-pistokantalamppu 7,2W 3000K G23 670 lm"},"content":{"rendered":"<p>Led-pistokantalamput on tarkoitettu loisteputkipistokantalamppujen tilalle. Led-malleissa on v\u00e4lit\u00f6n valontuotto ja ne toimivat eritt\u00e4in hyvin my\u00f6s kylmiss\u00e4 olosuhteissa. Valo on v\u00e4lkkym\u00e4t\u00f6n. Pitk\u00e4 polttoik\u00e4, 30 000 tuntia.\u00a0 G23-pistokantaiset LED-lamput korvaavat vanhat energians\u00e4\u00e4st\u00f6lamput.<\/p>\n<p>K\u00e4ytet\u00e4\u00e4n esim. kapeissa sein\u00e4valaisimissa, liesikuvuissa ja v\u00e4litilavalaisimissa.<\/p>\n<div class=\"technical-group-data\" data-v-d6a8b82c=\"\">\n<div class=\"technical-group-label\" data-v-d6a8b82c=\"\">Halkaisija :3,2cm<\/div>\n<\/div>\n<div class=\"technical-group-data\" data-v-d6a8b82c=\"\">\n<div class=\"technical-group-label\" data-v-d6a8b82c=\"\">Pituus : 22,75cm<\/div>\n<div class=\"technical-group-value\" data-v-d6a8b82c=\"\"><\/div>\n<\/div>\n","protected":false},"excerpt":{"rendered":"<p>Led-pistokantalamput on tarkoitettu loisteputkipistokantalamppujen tilalle. Led-malleissa on v\u00e4lit\u00f6n valontuotto ja ne toimivat eritt\u00e4in hyvin my\u00f6s kylmiss\u00e4 olosuhteissa. Valo on v\u00e4lkkym\u00e4t\u00f6n. Pitk\u00e4 polttoik\u00e4, 30 000 tuntia.\u00a0 G23-pistokantaiset LED-lamput korvaavat vanhat energians\u00e4\u00e4st\u00f6lamput. K\u00e4ytet\u00e4\u00e4n esim. kapeissa sein\u00e4valaisimissa, liesikuvuissa ja v\u00e4litilavalaisimissa. Halkaisija :3,2cm Pituus : 22,75cm<\/p>\n","protected":false},"featured_media":12916,"comment_status":"closed","ping_status":"closed","template":"","meta":[],"product_brand":[],"product_cat":[186,185,202,189,34],"product_tag":[],"class_list":{"0":"post-12915","1":"product","2":"type-product","3":"status-publish","4":"has-post-thumbnail","6":"product_cat-ledlamput","7":"product_cat-lamput","8":"product_cat-ledputket","9":"product_cat-muut-ledlamput","10":"product_cat-valaisimet","12":"first","13":"instock","14":"taxable","15":"shipping-taxable","16":"purchasable","17":"product-type-simple"},"_links":{"self":[{"href":"https:\/\/www.ksttukku.fi\/kauppa\/wp-json\/wp\/v2\/product\/12915","targetHints":{"allow":["GET"]}}],"collection":[{"href":"https:\/\/www.ksttukku.fi\/kauppa\/wp-json\/wp\/v2\/product"}],"about":[{"href":"https:\/\/www.ksttukku.fi\/kauppa\/wp-json\/wp\/v2\/types\/product"}],"replies":[{"embeddable":true,"href":"https:\/\/www.ksttukku.fi\/kauppa\/wp-json\/wp\/v2\/comments?post=12915"}],"wp:featuredmedia":[{"embeddable":true,"href":"https:\/\/www.ksttukku.fi\/kauppa\/wp-json\/wp\/v2\/media\/12916"}],"wp:attachment":[{"href":"https:\/\/www.ksttukku.fi\/kauppa\/wp-json\/wp\/v2\/media?parent=12915"}],"wp:term":[{"taxonomy":"product_brand","embeddable":true,"href":"https:\/\/www.ksttukku.fi\/kauppa\/wp-json\/wp\/v2\/product_brand?post=12915"},{"taxonomy":"product_cat","embeddable":true,"href":"https:\/\/www.ksttukku.fi\/kauppa\/wp-json\/wp\/v2\/product_cat?post=12915"},{"taxonomy":"product_tag","embeddable":true,"href":"https:\/\/www.ksttukku.fi\/kauppa\/wp-json\/wp\/v2\/product_tag?post=12915"}],"curies":[{"name":"wp","href":"https:\/\/api.w.org\/{rel}","templated":true}]}}