{"id":12934,"date":"2023-03-22T13:11:59","date_gmt":"2023-03-22T11:11:59","guid":{"rendered":"https:\/\/www.ksttukku.fi\/kauppa\/?post_type=product&#038;p=12934"},"modified":"2023-03-22T13:11:59","modified_gmt":"2023-03-22T11:11:59","slug":"carrera-riippuvalaisin-38w-4400lm-3000k-mattamusta","status":"publish","type":"product","link":"https:\/\/www.ksttukku.fi\/kauppa\/tuote\/carrera-riippuvalaisin-38w-4400lm-3000k-mattamusta\/","title":{"rendered":"Carrera riippuvalaisin 38W, 4400lm, 3000K mattamusta"},"content":{"rendered":"<p>Carrera on moderni ja tyylik\u00e4s riippuvalaisin joka sopii kaikkiin kodin kuiviin tiloihin.<\/p>\n<p>Valaisimen kirkkautta voi s\u00e4\u00e4t\u00e4\u00e4 kolmiportaisesti tavallisen valokatkaisimen avulla.<\/p>\n<p data-sanitized-data-mce-fragment=\"1\">Teho: 38 W<\/p>\n<p data-sanitized-data-mce-fragment=\"1\">Valovirta: 4400 lm<\/p>\n<p data-sanitized-data-mce-fragment=\"1\">V\u00e4ril\u00e4mp\u00f6tila: 3000 K<\/p>\n<p data-sanitized-data-mce-fragment=\"1\">Mitat: \u2205 55 cm, korkeus 150 cm (korkeus s\u00e4\u00e4dett\u00e4viss\u00e4)<\/p>\n<p data-sanitized-data-mce-fragment=\"1\">V\u00e4ri: Mattamusta<\/p>\n<p data-sanitized-data-mce-fragment=\"1\">\n","protected":false},"excerpt":{"rendered":"<p>Carrera on moderni ja tyylik\u00e4s riippuvalaisin joka sopii kaikkiin kodin kuiviin tiloihin. Valaisimen kirkkautta voi s\u00e4\u00e4t\u00e4\u00e4 kolmiportaisesti tavallisen valokatkaisimen avulla. Teho: 38 W Valovirta: 4400 lm V\u00e4ril\u00e4mp\u00f6tila: 3000 K Mitat: \u2205 55 cm, korkeus 150 cm (korkeus s\u00e4\u00e4dett\u00e4viss\u00e4) V\u00e4ri: Mattamusta<\/p>\n","protected":false},"featured_media":12937,"comment_status":"closed","ping_status":"closed","template":"","meta":[],"product_brand":[],"product_cat":[49,35,34],"product_tag":[],"class_list":{"0":"post-12934","1":"product","2":"type-product","3":"status-publish","4":"has-post-thumbnail","6":"product_cat-riippuvalaisimet","7":"product_cat-sisavalaisimet","8":"product_cat-valaisimet","10":"first","11":"instock","12":"taxable","13":"shipping-taxable","14":"purchasable","15":"product-type-simple"},"_links":{"self":[{"href":"https:\/\/www.ksttukku.fi\/kauppa\/wp-json\/wp\/v2\/product\/12934","targetHints":{"allow":["GET"]}}],"collection":[{"href":"https:\/\/www.ksttukku.fi\/kauppa\/wp-json\/wp\/v2\/product"}],"about":[{"href":"https:\/\/www.ksttukku.fi\/kauppa\/wp-json\/wp\/v2\/types\/product"}],"replies":[{"embeddable":true,"href":"https:\/\/www.ksttukku.fi\/kauppa\/wp-json\/wp\/v2\/comments?post=12934"}],"wp:featuredmedia":[{"embeddable":true,"href":"https:\/\/www.ksttukku.fi\/kauppa\/wp-json\/wp\/v2\/media\/12937"}],"wp:attachment":[{"href":"https:\/\/www.ksttukku.fi\/kauppa\/wp-json\/wp\/v2\/media?parent=12934"}],"wp:term":[{"taxonomy":"product_brand","embeddable":true,"href":"https:\/\/www.ksttukku.fi\/kauppa\/wp-json\/wp\/v2\/product_brand?post=12934"},{"taxonomy":"product_cat","embeddable":true,"href":"https:\/\/www.ksttukku.fi\/kauppa\/wp-json\/wp\/v2\/product_cat?post=12934"},{"taxonomy":"product_tag","embeddable":true,"href":"https:\/\/www.ksttukku.fi\/kauppa\/wp-json\/wp\/v2\/product_tag?post=12934"}],"curies":[{"name":"wp","href":"https:\/\/api.w.org\/{rel}","templated":true}]}}