{"id":1294,"date":"2018-03-26T15:17:59","date_gmt":"2018-03-26T12:17:59","guid":{"rendered":"http:\/\/www.ksttukku.fi\/kauppa\/?post_type=product&#038;p=1294"},"modified":"2020-06-13T13:43:47","modified_gmt":"2020-06-13T10:43:47","slug":"terassilammitin-1500w","status":"publish","type":"product","link":"https:\/\/www.ksttukku.fi\/kauppa\/tuote\/terassilammitin-1500w\/","title":{"rendered":"Terassil\u00e4mmitin 1500W"},"content":{"rendered":"<p>Ripustettava patiol\u00e4mmitin alumiinikuvulla. 40x22x40cm. Kaksi halogeenielementti\u00e4, teho 600\/1500W, k\u00e4ytt\u00f6ik\u00e4 4000-5000 tuntia. Virtal\u00e4hde 230V 50Hz. IP24-luokitus, soveltuu sis\u00e4- ja ulkok\u00e4ytt\u00f6\u00f6n. Kaapeli 1,8m.<\/p>\n<p>V\u00e4rit: Musta ja valkoinen<\/p>\n","protected":false},"excerpt":{"rendered":"<p>Tilap\u00e4isesti loppu<\/p>\n","protected":false},"featured_media":1297,"comment_status":"closed","ping_status":"closed","template":"","meta":[],"product_brand":[],"product_cat":[125],"product_tag":[],"class_list":{"0":"post-1294","1":"product","2":"type-product","3":"status-publish","4":"has-post-thumbnail","6":"product_cat-terassilammittimet","8":"first","9":"outofstock","10":"taxable","11":"shipping-taxable","12":"purchasable","13":"product-type-variable"},"_links":{"self":[{"href":"https:\/\/www.ksttukku.fi\/kauppa\/wp-json\/wp\/v2\/product\/1294","targetHints":{"allow":["GET"]}}],"collection":[{"href":"https:\/\/www.ksttukku.fi\/kauppa\/wp-json\/wp\/v2\/product"}],"about":[{"href":"https:\/\/www.ksttukku.fi\/kauppa\/wp-json\/wp\/v2\/types\/product"}],"replies":[{"embeddable":true,"href":"https:\/\/www.ksttukku.fi\/kauppa\/wp-json\/wp\/v2\/comments?post=1294"}],"wp:featuredmedia":[{"embeddable":true,"href":"https:\/\/www.ksttukku.fi\/kauppa\/wp-json\/wp\/v2\/media\/1297"}],"wp:attachment":[{"href":"https:\/\/www.ksttukku.fi\/kauppa\/wp-json\/wp\/v2\/media?parent=1294"}],"wp:term":[{"taxonomy":"product_brand","embeddable":true,"href":"https:\/\/www.ksttukku.fi\/kauppa\/wp-json\/wp\/v2\/product_brand?post=1294"},{"taxonomy":"product_cat","embeddable":true,"href":"https:\/\/www.ksttukku.fi\/kauppa\/wp-json\/wp\/v2\/product_cat?post=1294"},{"taxonomy":"product_tag","embeddable":true,"href":"https:\/\/www.ksttukku.fi\/kauppa\/wp-json\/wp\/v2\/product_tag?post=1294"}],"curies":[{"name":"wp","href":"https:\/\/api.w.org\/{rel}","templated":true}]}}