{"id":12945,"date":"2023-03-22T15:36:32","date_gmt":"2023-03-22T13:36:32","guid":{"rendered":"https:\/\/www.ksttukku.fi\/kauppa\/?post_type=product&#038;p=12945"},"modified":"2023-03-22T15:58:24","modified_gmt":"2023-03-22T13:58:24","slug":"chevasmatto-kay-niin-terassimatoksi-kuin-sisatiloihin","status":"publish","type":"product","link":"https:\/\/www.ksttukku.fi\/kauppa\/tuote\/chevasmatto-kay-niin-terassimatoksi-kuin-sisatiloihin\/","title":{"rendered":"Chevasmatto k\u00e4y niin terassimatoksi kuin sis\u00e4tiloihin"},"content":{"rendered":"<p>&nbsp;<\/p>\n<p>E<\/p>\n<p>Mik\u00e4li etsit kes\u00e4ksi k\u00e4yt\u00e4nn\u00f6llist\u00e4 terassimattoa, mutta haluaisit k\u00e4ytt\u00e4\u00e4 sit\u00e4 talvella sis\u00e4tiloissa kuten keitti\u00f6\u00f6n, on Chevas hyv\u00e4 valinta. Sile\u00e4pintainen Chevas soveltuu niin sis\u00e4- kuin ulkok\u00e4ytt\u00f6\u00f6n. Matto kuivuu nopeasti sateen sattuessa. Maton v\u00e4rityksess\u00e4 ja kuvioinnissa on otettu huomioon maton monik\u00e4ytt\u00f6isyys.<\/p>\n<p>Vaikka maton p\u00e4\u00e4v\u00e4ritys on valkoinen, murtaa harmaat viivat ja pienet mustat pilkut t\u00e4ysvalkoisen v\u00e4rityksen n\u00e4tisti. N\u00e4in matossa ei n\u00e4y pienet tahrat, joita saattaa j\u00e4\u00e4d\u00e4 paljaista jalanpohjista tai kengist\u00e4.<\/p>\n<p>&nbsp;<\/p>\n<h4>Tuotekuvaus<\/h4>\n<p>Materiaali:\u00a0100% polypropyleenia<\/p>\n<p>Sile\u00e4pintainen ja helppohoitoinen<\/p>\n<h4>Hoito-ohje:<\/h4>\n<p>S\u00e4\u00e4nn\u00f6llinen imurointi ja tuuletus.<\/p>\n<p>i rumpukuivausta. Ei kloorivalkaisua.<\/p>\n<p>30\u00b0C vesipesu.<\/p>\n","protected":false},"excerpt":{"rendered":"<p>&nbsp; E Mik\u00e4li etsit kes\u00e4ksi k\u00e4yt\u00e4nn\u00f6llist\u00e4 terassimattoa, mutta haluaisit k\u00e4ytt\u00e4\u00e4 sit\u00e4 talvella sis\u00e4tiloissa kuten keitti\u00f6\u00f6n, on Chevas hyv\u00e4 valinta. Sile\u00e4pintainen Chevas soveltuu niin sis\u00e4- kuin ulkok\u00e4ytt\u00f6\u00f6n. Matto kuivuu nopeasti sateen sattuessa. Maton v\u00e4rityksess\u00e4 ja kuvioinnissa on otettu huomioon maton monik\u00e4ytt\u00f6isyys. Vaikka maton p\u00e4\u00e4v\u00e4ritys on valkoinen, murtaa harmaat viivat ja pienet mustat pilkut t\u00e4ysvalkoisen v\u00e4rityksen n\u00e4tisti. [&hellip;]<\/p>\n","protected":false},"featured_media":12946,"comment_status":"closed","ping_status":"closed","template":"","meta":[],"product_brand":[],"product_cat":[500,23,22],"product_tag":[],"class_list":{"0":"post-12945","1":"product","2":"type-product","3":"status-publish","4":"has-post-thumbnail","6":"product_cat-chevasmatto","7":"product_cat-kaytava-ja-yleismatot","8":"product_cat-matot","10":"first","11":"instock","12":"taxable","13":"shipping-taxable","14":"purchasable","15":"product-type-variable"},"_links":{"self":[{"href":"https:\/\/www.ksttukku.fi\/kauppa\/wp-json\/wp\/v2\/product\/12945","targetHints":{"allow":["GET"]}}],"collection":[{"href":"https:\/\/www.ksttukku.fi\/kauppa\/wp-json\/wp\/v2\/product"}],"about":[{"href":"https:\/\/www.ksttukku.fi\/kauppa\/wp-json\/wp\/v2\/types\/product"}],"replies":[{"embeddable":true,"href":"https:\/\/www.ksttukku.fi\/kauppa\/wp-json\/wp\/v2\/comments?post=12945"}],"wp:featuredmedia":[{"embeddable":true,"href":"https:\/\/www.ksttukku.fi\/kauppa\/wp-json\/wp\/v2\/media\/12946"}],"wp:attachment":[{"href":"https:\/\/www.ksttukku.fi\/kauppa\/wp-json\/wp\/v2\/media?parent=12945"}],"wp:term":[{"taxonomy":"product_brand","embeddable":true,"href":"https:\/\/www.ksttukku.fi\/kauppa\/wp-json\/wp\/v2\/product_brand?post=12945"},{"taxonomy":"product_cat","embeddable":true,"href":"https:\/\/www.ksttukku.fi\/kauppa\/wp-json\/wp\/v2\/product_cat?post=12945"},{"taxonomy":"product_tag","embeddable":true,"href":"https:\/\/www.ksttukku.fi\/kauppa\/wp-json\/wp\/v2\/product_tag?post=12945"}],"curies":[{"name":"wp","href":"https:\/\/api.w.org\/{rel}","templated":true}]}}