{"id":12987,"date":"2023-03-24T17:07:33","date_gmt":"2023-03-24T15:07:33","guid":{"rendered":"https:\/\/www.ksttukku.fi\/kauppa\/?post_type=product&#038;p=12987"},"modified":"2025-03-25T12:04:09","modified_gmt":"2025-03-25T10:04:09","slug":"flex-beige-kaytavamatto-120cm-leveys","status":"publish","type":"product","link":"https:\/\/www.ksttukku.fi\/kauppa\/tuote\/flex-beige-kaytavamatto-120cm-leveys\/","title":{"rendered":"Flex beige k\u00e4yt\u00e4v\u00e4matto 120cm leveys"},"content":{"rendered":"<p><span class=\"field-content\">Sile\u00e4ksikudotut matot ovat helppohoitoisia ja p\u00f6ly\u00e4m\u00e4tt\u00f6mi\u00e4. Matot soveltuvat my\u00f6s allergiseen kotiin.<br \/>\n<\/span><\/p>\n<p><span class=\"field-content\"> Mik\u00e4li arvostat helppohoitoisuutta, ovat sile\u00e4ksi kudotut matot oikea valinta!<\/span><\/p>\n<p>Sile\u00e4ksi kudottu Hestia Flex -matto on kevyt k\u00e4sitell\u00e4 ja se pysyy hyvin paikoillaan.<br \/>\nOhut matto kest\u00e4v\u00e4 ja k\u00e4yt\u00e4nn\u00f6llinen. Tahrat l\u00e4htev\u00e4t Flex -matosta pyyhk\u00e4isem\u00e4ll\u00e4,<br \/>\nmatto on my\u00f6s vesipest\u00e4v\u00e4.<\/p>\n<p>Maton liukuestepohjaus pit\u00e4\u00e4 maton hyvin paikoilllaa, pohjaus on kierr\u00e4tett\u00e4v\u00e4\u00e4<br \/>\nmateriaalia, ei sis\u00e4ll\u00e4 lateksia. Polypropeenia, pohja TPE liukuestepohjaus.<\/p>\n<p>Materiaali: polypropeeni<br \/>\nPohjaus: TPE liukuestepohjaus<\/p>\n<p>Suositellaan tasovesipesua 30 asteessa<\/p>\n<p>\u00c4l\u00e4 unohda tilata mattojen p\u00e4iden kanttauspalvelua. Voitte lis\u00e4t\u00e4 sen ostoskoriin t\u00e4\u00e4lt\u00e4: <a href=\"https:\/\/sisustetalo.com\/products\/maton-paiden-kanttaus\">https:\/\/sisustetalo.com\/products\/maton-paiden-kanttaus<\/a><\/p>\n","protected":false},"excerpt":{"rendered":"<p>Sile\u00e4ksikudotut matot ovat helppohoitoisia ja p\u00f6ly\u00e4m\u00e4tt\u00f6mi\u00e4. Matot soveltuvat my\u00f6s allergiseen kotiin. Mik\u00e4li arvostat helppohoitoisuutta, ovat sile\u00e4ksi kudotut matot oikea valinta! Sile\u00e4ksi kudottu Hestia Flex -matto on kevyt k\u00e4sitell\u00e4 ja se pysyy hyvin paikoillaan. Ohut matto kest\u00e4v\u00e4 ja k\u00e4yt\u00e4nn\u00f6llinen. Tahrat l\u00e4htev\u00e4t Flex -matosta pyyhk\u00e4isem\u00e4ll\u00e4, matto on my\u00f6s vesipest\u00e4v\u00e4. Maton liukuestepohjaus pit\u00e4\u00e4 maton hyvin paikoilllaa, pohjaus on [&hellip;]<\/p>\n","protected":false},"featured_media":12988,"comment_status":"closed","ping_status":"closed","template":"","meta":[],"product_brand":[],"product_cat":[501,23,22],"product_tag":[],"class_list":{"0":"post-12987","1":"product","2":"type-product","3":"status-publish","4":"has-post-thumbnail","6":"product_cat-flexmatto","7":"product_cat-kaytava-ja-yleismatot","8":"product_cat-matot","10":"first","11":"instock","12":"taxable","13":"shipping-taxable","14":"purchasable","15":"product-type-simple"},"_links":{"self":[{"href":"https:\/\/www.ksttukku.fi\/kauppa\/wp-json\/wp\/v2\/product\/12987","targetHints":{"allow":["GET"]}}],"collection":[{"href":"https:\/\/www.ksttukku.fi\/kauppa\/wp-json\/wp\/v2\/product"}],"about":[{"href":"https:\/\/www.ksttukku.fi\/kauppa\/wp-json\/wp\/v2\/types\/product"}],"replies":[{"embeddable":true,"href":"https:\/\/www.ksttukku.fi\/kauppa\/wp-json\/wp\/v2\/comments?post=12987"}],"wp:featuredmedia":[{"embeddable":true,"href":"https:\/\/www.ksttukku.fi\/kauppa\/wp-json\/wp\/v2\/media\/12988"}],"wp:attachment":[{"href":"https:\/\/www.ksttukku.fi\/kauppa\/wp-json\/wp\/v2\/media?parent=12987"}],"wp:term":[{"taxonomy":"product_brand","embeddable":true,"href":"https:\/\/www.ksttukku.fi\/kauppa\/wp-json\/wp\/v2\/product_brand?post=12987"},{"taxonomy":"product_cat","embeddable":true,"href":"https:\/\/www.ksttukku.fi\/kauppa\/wp-json\/wp\/v2\/product_cat?post=12987"},{"taxonomy":"product_tag","embeddable":true,"href":"https:\/\/www.ksttukku.fi\/kauppa\/wp-json\/wp\/v2\/product_tag?post=12987"}],"curies":[{"name":"wp","href":"https:\/\/api.w.org\/{rel}","templated":true}]}}