{"id":13009,"date":"2023-03-28T12:20:18","date_gmt":"2023-03-28T09:20:18","guid":{"rendered":"https:\/\/www.ksttukku.fi\/kauppa\/?post_type=product&#038;p=13009"},"modified":"2023-05-29T10:50:33","modified_gmt":"2023-05-29T07:50:33","slug":"matto-jerry-pinkki-140x200-cm","status":"publish","type":"product","link":"https:\/\/www.ksttukku.fi\/kauppa\/tuote\/matto-jerry-pinkki-140x200-cm\/","title":{"rendered":"Matto Jerry pinkki 140&#215;200 cm"},"content":{"rendered":"<p>K\u00e4sinkudottu 100 % puuvilla, meleerattu yksiv\u00e4rinen, v\u00e4rj\u00e4tyt hapsut, 1,3 kg\/m2.<\/p>\n<p>K\u00e4sinpesu miedolla pesuaineliuoksella 30\u00b0C.<\/p>\n","protected":false},"excerpt":{"rendered":"<p>K\u00e4sinkudottu 100 % puuvilla, meleerattu yksiv\u00e4rinen, v\u00e4rj\u00e4tyt hapsut, 1,3 kg\/m2. K\u00e4sinpesu miedolla pesuaineliuoksella 30\u00b0C.<\/p>\n","protected":false},"featured_media":13013,"comment_status":"closed","ping_status":"closed","template":"","meta":[],"product_brand":[],"product_cat":[22,28],"product_tag":[],"class_list":{"0":"post-13009","1":"product","2":"type-product","3":"status-publish","4":"has-post-thumbnail","6":"product_cat-matot","7":"product_cat-muovimatot","9":"first","10":"outofstock","11":"sale","12":"taxable","13":"shipping-taxable","14":"purchasable","15":"product-type-simple"},"_links":{"self":[{"href":"https:\/\/www.ksttukku.fi\/kauppa\/wp-json\/wp\/v2\/product\/13009","targetHints":{"allow":["GET"]}}],"collection":[{"href":"https:\/\/www.ksttukku.fi\/kauppa\/wp-json\/wp\/v2\/product"}],"about":[{"href":"https:\/\/www.ksttukku.fi\/kauppa\/wp-json\/wp\/v2\/types\/product"}],"replies":[{"embeddable":true,"href":"https:\/\/www.ksttukku.fi\/kauppa\/wp-json\/wp\/v2\/comments?post=13009"}],"wp:featuredmedia":[{"embeddable":true,"href":"https:\/\/www.ksttukku.fi\/kauppa\/wp-json\/wp\/v2\/media\/13013"}],"wp:attachment":[{"href":"https:\/\/www.ksttukku.fi\/kauppa\/wp-json\/wp\/v2\/media?parent=13009"}],"wp:term":[{"taxonomy":"product_brand","embeddable":true,"href":"https:\/\/www.ksttukku.fi\/kauppa\/wp-json\/wp\/v2\/product_brand?post=13009"},{"taxonomy":"product_cat","embeddable":true,"href":"https:\/\/www.ksttukku.fi\/kauppa\/wp-json\/wp\/v2\/product_cat?post=13009"},{"taxonomy":"product_tag","embeddable":true,"href":"https:\/\/www.ksttukku.fi\/kauppa\/wp-json\/wp\/v2\/product_tag?post=13009"}],"curies":[{"name":"wp","href":"https:\/\/api.w.org\/{rel}","templated":true}]}}