{"id":13055,"date":"2023-03-30T14:21:23","date_gmt":"2023-03-30T11:21:23","guid":{"rendered":"https:\/\/www.ksttukku.fi\/kauppa\/?post_type=product&#038;p=13055"},"modified":"2023-08-10T17:09:00","modified_gmt":"2023-08-10T14:09:00","slug":"led-lamppu-e27-g125-decoled-metalli-kulta-1-kpl","status":"publish","type":"product","link":"https:\/\/www.ksttukku.fi\/kauppa\/tuote\/led-lamppu-e27-g125-decoled-metalli-kulta-1-kpl\/","title":{"rendered":"LED-lamppu E27 G125 Decoled Metalli\/ kulta 1 kpl"},"content":{"rendered":"<p>Koristevalaistukseen sopiva LED-lamppu kullanv\u00e4risell\u00e4 metallikehyksell\u00e4.<br \/>\nKatkaisijalla toimiva 3-vaiheinen himmennys 40-100-180 lm, muistitoiminto.<br \/>\nIP20. E27 4,3W, 1800K, 180 lm, Ra 80, 38\u00b0, SDCM &lt;6.<br \/>\nPaloaika n. 15 000 h, 7 500 sytytyskertaa.<br \/>\nSyttymisaika: &lt;1 s.<br \/>\nK\u00e4ytt\u00f6l\u00e4mp\u00f6tila: -20\u00b0 &#8211; +40\u00b0C<br \/>\n220-240V AC.<\/p>\n<p>Halkaisija: 12,5 cm<br \/>\nKorkeus: 16 cm<\/p>\n<ul>\n<li>\n<div>Materiaali: Muovi\/metalli<\/div>\n<\/li>\n<li>\n<div>V\u00e4ri: Kulta<\/div>\n<\/li>\n<li>\n<div>V\u00e4ril\u00e4mp\u00f6: 1800 K<\/div>\n<\/li>\n<li>\n<div>Mitat: 125.0 mm x 125.0 mm x 160.0 mm<\/div>\n<\/li>\n<\/ul>\n","protected":false},"excerpt":{"rendered":"<p>Koristevalaistukseen sopiva LED-lamppu kullanv\u00e4risell\u00e4 metallikehyksell\u00e4. Katkaisijalla toimiva 3-vaiheinen himmennys 40-100-180 lm, muistitoiminto. IP20. E27 4,3W, 1800K, 180 lm, Ra 80, 38\u00b0, SDCM &lt;6. Paloaika n. 15 000 h, 7 500 sytytyskertaa. Syttymisaika: &lt;1 s. K\u00e4ytt\u00f6l\u00e4mp\u00f6tila: -20\u00b0 &#8211; +40\u00b0C 220-240V AC. Halkaisija: 12,5 cm Korkeus: 16 cm Materiaali: Muovi\/metalli V\u00e4ri: Kulta V\u00e4ril\u00e4mp\u00f6: 1800 K Mitat: 125.0 [&hellip;]<\/p>\n","protected":false},"featured_media":13960,"comment_status":"closed","ping_status":"closed","template":"","meta":[],"product_brand":[],"product_cat":[188,186,185,34],"product_tag":[],"class_list":{"0":"post-13055","1":"product","2":"type-product","3":"status-publish","4":"has-post-thumbnail","6":"product_cat-himmennettavat-lamput","7":"product_cat-ledlamput","8":"product_cat-lamput","9":"product_cat-valaisimet","11":"first","12":"instock","13":"taxable","14":"shipping-taxable","15":"purchasable","16":"product-type-simple"},"_links":{"self":[{"href":"https:\/\/www.ksttukku.fi\/kauppa\/wp-json\/wp\/v2\/product\/13055","targetHints":{"allow":["GET"]}}],"collection":[{"href":"https:\/\/www.ksttukku.fi\/kauppa\/wp-json\/wp\/v2\/product"}],"about":[{"href":"https:\/\/www.ksttukku.fi\/kauppa\/wp-json\/wp\/v2\/types\/product"}],"replies":[{"embeddable":true,"href":"https:\/\/www.ksttukku.fi\/kauppa\/wp-json\/wp\/v2\/comments?post=13055"}],"wp:featuredmedia":[{"embeddable":true,"href":"https:\/\/www.ksttukku.fi\/kauppa\/wp-json\/wp\/v2\/media\/13960"}],"wp:attachment":[{"href":"https:\/\/www.ksttukku.fi\/kauppa\/wp-json\/wp\/v2\/media?parent=13055"}],"wp:term":[{"taxonomy":"product_brand","embeddable":true,"href":"https:\/\/www.ksttukku.fi\/kauppa\/wp-json\/wp\/v2\/product_brand?post=13055"},{"taxonomy":"product_cat","embeddable":true,"href":"https:\/\/www.ksttukku.fi\/kauppa\/wp-json\/wp\/v2\/product_cat?post=13055"},{"taxonomy":"product_tag","embeddable":true,"href":"https:\/\/www.ksttukku.fi\/kauppa\/wp-json\/wp\/v2\/product_tag?post=13055"}],"curies":[{"name":"wp","href":"https:\/\/api.w.org\/{rel}","templated":true}]}}