{"id":13063,"date":"2023-03-30T17:00:54","date_gmt":"2023-03-30T14:00:54","guid":{"rendered":"https:\/\/www.ksttukku.fi\/kauppa\/?post_type=product&#038;p=13063"},"modified":"2023-03-30T17:00:55","modified_gmt":"2023-03-30T14:00:55","slug":"festival-solar-valosarja-valkoinen","status":"publish","type":"product","link":"https:\/\/www.ksttukku.fi\/kauppa\/tuote\/festival-solar-valosarja-valkoinen\/","title":{"rendered":"Festival solar valosarja valkoinen"},"content":{"rendered":"<p>Aurinkokennolla toimiva valosarja valkoisilla riisipalloilla. Valon s\u00e4vy: kylm\u00e4 valkoinen.<br \/>\nIP44. 10 x kiinte\u00e4 LED 0,065W, 20 mA, 3,1-3,3V. Paloaika n. 50 000 h.<br \/>\nLamppujen v\u00e4li: 30 cm.<br \/>\nJohto valosarjan ja aurinkokennon v\u00e4liss\u00e4 on 200 cm pitk\u00e4.<\/p>\n","protected":false},"excerpt":{"rendered":"<p>Aurinkokennolla toimiva valosarja valkoisilla riisipalloilla. Valon s\u00e4vy: kylm\u00e4 valkoinen. IP44. 10 x kiinte\u00e4 LED 0,065W, 20 mA, 3,1-3,3V. Paloaika n. 50 000 h. Lamppujen v\u00e4li: 30 cm. Johto valosarjan ja aurinkokennon v\u00e4liss\u00e4 on 200 cm pitk\u00e4.<\/p>\n","protected":false},"featured_media":13064,"comment_status":"closed","ping_status":"closed","template":"","meta":[],"product_brand":[],"product_cat":[306,36,34],"product_tag":[],"class_list":{"0":"post-13063","1":"product","2":"type-product","3":"status-publish","4":"has-post-thumbnail","6":"product_cat-aurinkokennovalaisimet","7":"product_cat-ulkovalaisimet","8":"product_cat-valaisimet","10":"first","11":"instock","12":"taxable","13":"shipping-taxable","14":"purchasable","15":"product-type-simple"},"_links":{"self":[{"href":"https:\/\/www.ksttukku.fi\/kauppa\/wp-json\/wp\/v2\/product\/13063","targetHints":{"allow":["GET"]}}],"collection":[{"href":"https:\/\/www.ksttukku.fi\/kauppa\/wp-json\/wp\/v2\/product"}],"about":[{"href":"https:\/\/www.ksttukku.fi\/kauppa\/wp-json\/wp\/v2\/types\/product"}],"replies":[{"embeddable":true,"href":"https:\/\/www.ksttukku.fi\/kauppa\/wp-json\/wp\/v2\/comments?post=13063"}],"wp:featuredmedia":[{"embeddable":true,"href":"https:\/\/www.ksttukku.fi\/kauppa\/wp-json\/wp\/v2\/media\/13064"}],"wp:attachment":[{"href":"https:\/\/www.ksttukku.fi\/kauppa\/wp-json\/wp\/v2\/media?parent=13063"}],"wp:term":[{"taxonomy":"product_brand","embeddable":true,"href":"https:\/\/www.ksttukku.fi\/kauppa\/wp-json\/wp\/v2\/product_brand?post=13063"},{"taxonomy":"product_cat","embeddable":true,"href":"https:\/\/www.ksttukku.fi\/kauppa\/wp-json\/wp\/v2\/product_cat?post=13063"},{"taxonomy":"product_tag","embeddable":true,"href":"https:\/\/www.ksttukku.fi\/kauppa\/wp-json\/wp\/v2\/product_tag?post=13063"}],"curies":[{"name":"wp","href":"https:\/\/api.w.org\/{rel}","templated":true}]}}