{"id":13068,"date":"2023-03-30T17:35:00","date_gmt":"2023-03-30T14:35:00","guid":{"rendered":"https:\/\/www.ksttukku.fi\/kauppa\/?post_type=product&#038;p=13068"},"modified":"2023-03-30T17:35:01","modified_gmt":"2023-03-30T14:35:01","slug":"cage-solar-koristelyhty","status":"publish","type":"product","link":"https:\/\/www.ksttukku.fi\/kauppa\/tuote\/cage-solar-koristelyhty\/","title":{"rendered":"Cage solar koristelyhty"},"content":{"rendered":"<p>Aurinkokennolla toimiva LED-koristelyhty, jossa on filamentti-LED-lamppu l\u00e4mpim\u00e4n<br \/>\nvalkoisella valolla. H\u00e4m\u00e4r\u00e4sensori sytytt\u00e4\u00e4 valon pime\u00e4n tullen.<br \/>\nKiinte\u00e4 LED, kokonaisteho 0,03W, 10 mA, 3V. Paloaika n. 7 000 h.<br \/>\nSis. ladattava AAA NiMH-paristo.<\/p>\n<ul>\n<li>\n<div>Materiaali: Muovi<\/div>\n<\/li>\n<li>\n<div>V\u00e4ri: Musta<\/div>\n<\/li>\n<li>\n<div>Mitat: 180.0 mm x 180.0 mm x 210.0 mm<\/div>\n<\/li>\n<\/ul>\n","protected":false},"excerpt":{"rendered":"<p>Aurinkokennolla toimiva LED-koristelyhty, jossa on filamentti-LED-lamppu l\u00e4mpim\u00e4n valkoisella valolla. H\u00e4m\u00e4r\u00e4sensori sytytt\u00e4\u00e4 valon pime\u00e4n tullen. Kiinte\u00e4 LED, kokonaisteho 0,03W, 10 mA, 3V. Paloaika n. 7 000 h. Sis. ladattava AAA NiMH-paristo. Materiaali: Muovi V\u00e4ri: Musta Mitat: 180.0 mm x 180.0 mm x 210.0 mm<\/p>\n","protected":false},"featured_media":13069,"comment_status":"closed","ping_status":"closed","template":"","meta":[],"product_brand":[],"product_cat":[306,36,34],"product_tag":[],"class_list":{"0":"post-13068","1":"product","2":"type-product","3":"status-publish","4":"has-post-thumbnail","6":"product_cat-aurinkokennovalaisimet","7":"product_cat-ulkovalaisimet","8":"product_cat-valaisimet","10":"first","11":"instock","12":"taxable","13":"shipping-taxable","14":"purchasable","15":"product-type-simple"},"_links":{"self":[{"href":"https:\/\/www.ksttukku.fi\/kauppa\/wp-json\/wp\/v2\/product\/13068","targetHints":{"allow":["GET"]}}],"collection":[{"href":"https:\/\/www.ksttukku.fi\/kauppa\/wp-json\/wp\/v2\/product"}],"about":[{"href":"https:\/\/www.ksttukku.fi\/kauppa\/wp-json\/wp\/v2\/types\/product"}],"replies":[{"embeddable":true,"href":"https:\/\/www.ksttukku.fi\/kauppa\/wp-json\/wp\/v2\/comments?post=13068"}],"wp:featuredmedia":[{"embeddable":true,"href":"https:\/\/www.ksttukku.fi\/kauppa\/wp-json\/wp\/v2\/media\/13069"}],"wp:attachment":[{"href":"https:\/\/www.ksttukku.fi\/kauppa\/wp-json\/wp\/v2\/media?parent=13068"}],"wp:term":[{"taxonomy":"product_brand","embeddable":true,"href":"https:\/\/www.ksttukku.fi\/kauppa\/wp-json\/wp\/v2\/product_brand?post=13068"},{"taxonomy":"product_cat","embeddable":true,"href":"https:\/\/www.ksttukku.fi\/kauppa\/wp-json\/wp\/v2\/product_cat?post=13068"},{"taxonomy":"product_tag","embeddable":true,"href":"https:\/\/www.ksttukku.fi\/kauppa\/wp-json\/wp\/v2\/product_tag?post=13068"}],"curies":[{"name":"wp","href":"https:\/\/api.w.org\/{rel}","templated":true}]}}