{"id":13071,"date":"2023-03-30T17:55:36","date_gmt":"2023-03-30T14:55:36","guid":{"rendered":"https:\/\/www.ksttukku.fi\/kauppa\/?post_type=product&#038;p=13071"},"modified":"2023-03-30T17:55:36","modified_gmt":"2023-03-30T14:55:36","slug":"bellota-1-solar-lyhty","status":"publish","type":"product","link":"https:\/\/www.ksttukku.fi\/kauppa\/tuote\/bellota-1-solar-lyhty\/","title":{"rendered":"Bellota-1 Solar lyhty"},"content":{"rendered":"<p>Musta aurinkokennolla toimiva lyhty, joka on helppo asettaa maapiikin avulla esimerkiksi kulkureitin varrelle tai istutusten lomaan.<br \/>\nH\u00e4m\u00e4r\u00e4sensori sytytt\u00e4\u00e4 valon pime\u00e4n tullen. Valon s\u00e4vy on l\u00e4mmin valkoinen.<br \/>\nKiinte\u00e4 LED 0,03W. Paloaika n. 10 000 h.<br \/>\nLadattava NiMH AA-paristo sis\u00e4ltyy, paloaika n. 6 h per lataus.<\/p>\n<p>Leveys: 13 cm<br \/>\nKorkeus: 51 cm<\/p>\n<ul>\n<li>\n<div>Materiaali: Muovi\/metalli<\/div>\n<\/li>\n<li>\n<div>V\u00e4ri: Musta<\/div>\n<\/li>\n<li>\n<div>Mitat: 130.0 mm x 110.0 mm x 510.0 mm<\/div>\n<\/li>\n<\/ul>\n","protected":false},"excerpt":{"rendered":"<p>Musta aurinkokennolla toimiva lyhty, joka on helppo asettaa maapiikin avulla esimerkiksi kulkureitin varrelle tai istutusten lomaan. H\u00e4m\u00e4r\u00e4sensori sytytt\u00e4\u00e4 valon pime\u00e4n tullen. Valon s\u00e4vy on l\u00e4mmin valkoinen. Kiinte\u00e4 LED 0,03W. Paloaika n. 10 000 h. Ladattava NiMH AA-paristo sis\u00e4ltyy, paloaika n. 6 h per lataus. Leveys: 13 cm Korkeus: 51 cm Materiaali: Muovi\/metalli V\u00e4ri: Musta Mitat: [&hellip;]<\/p>\n","protected":false},"featured_media":13072,"comment_status":"closed","ping_status":"closed","template":"","meta":[],"product_brand":[],"product_cat":[306,36,34],"product_tag":[],"class_list":{"0":"post-13071","1":"product","2":"type-product","3":"status-publish","4":"has-post-thumbnail","6":"product_cat-aurinkokennovalaisimet","7":"product_cat-ulkovalaisimet","8":"product_cat-valaisimet","10":"first","11":"instock","12":"taxable","13":"shipping-taxable","14":"purchasable","15":"product-type-simple"},"_links":{"self":[{"href":"https:\/\/www.ksttukku.fi\/kauppa\/wp-json\/wp\/v2\/product\/13071","targetHints":{"allow":["GET"]}}],"collection":[{"href":"https:\/\/www.ksttukku.fi\/kauppa\/wp-json\/wp\/v2\/product"}],"about":[{"href":"https:\/\/www.ksttukku.fi\/kauppa\/wp-json\/wp\/v2\/types\/product"}],"replies":[{"embeddable":true,"href":"https:\/\/www.ksttukku.fi\/kauppa\/wp-json\/wp\/v2\/comments?post=13071"}],"wp:featuredmedia":[{"embeddable":true,"href":"https:\/\/www.ksttukku.fi\/kauppa\/wp-json\/wp\/v2\/media\/13072"}],"wp:attachment":[{"href":"https:\/\/www.ksttukku.fi\/kauppa\/wp-json\/wp\/v2\/media?parent=13071"}],"wp:term":[{"taxonomy":"product_brand","embeddable":true,"href":"https:\/\/www.ksttukku.fi\/kauppa\/wp-json\/wp\/v2\/product_brand?post=13071"},{"taxonomy":"product_cat","embeddable":true,"href":"https:\/\/www.ksttukku.fi\/kauppa\/wp-json\/wp\/v2\/product_cat?post=13071"},{"taxonomy":"product_tag","embeddable":true,"href":"https:\/\/www.ksttukku.fi\/kauppa\/wp-json\/wp\/v2\/product_tag?post=13071"}],"curies":[{"name":"wp","href":"https:\/\/api.w.org\/{rel}","templated":true}]}}