{"id":13096,"date":"2023-04-01T10:30:17","date_gmt":"2023-04-01T07:30:17","guid":{"rendered":"https:\/\/www.ksttukku.fi\/kauppa\/?post_type=product&#038;p=13096"},"modified":"2023-04-06T14:25:28","modified_gmt":"2023-04-06T11:25:28","slug":"hestia-kaarna-villamatto-harmaa-140x-200cm","status":"publish","type":"product","link":"https:\/\/www.ksttukku.fi\/kauppa\/tuote\/hestia-kaarna-villamatto-harmaa-140x-200cm\/","title":{"rendered":"Hestia Kaarna -villamatto, harmaa 140x 200cm"},"content":{"rendered":"<p>HESTIA\u00ae KAARNA -villamatto on k\u00e4sity\u00f6n\u00e4 valmistettu. Villa materiaalina hylkii likaa ja tuo l\u00e4mp\u00f6\u00e4 ja pehmeytt\u00e4 sisustukseen.<\/p>\n<p>Yksiv\u00e4rinen ja kest\u00e4v\u00e4 matto kodin moneen tilaan.<\/p>\n<p>K\u00e4sinkudotun maton materiaali on villaa, loimi puuvillaa.<br \/>\nK\u00e4sity\u00f6n\u00e4 Intiassa valmistettu, jokainen matto on yksil\u00f6llinen.<br \/>\nSuos. tasovesipesua pesulassa<\/p>\n<p>&nbsp;<\/p>\n","protected":false},"excerpt":{"rendered":"<p>HESTIA\u00ae KAARNA -villamatto on k\u00e4sity\u00f6n\u00e4 valmistettu. Villa materiaalina hylkii likaa ja tuo l\u00e4mp\u00f6\u00e4 ja pehmeytt\u00e4 sisustukseen. Yksiv\u00e4rinen ja kest\u00e4v\u00e4 matto kodin moneen tilaan. K\u00e4sinkudotun maton materiaali on villaa, loimi puuvillaa. K\u00e4sity\u00f6n\u00e4 Intiassa valmistettu, jokainen matto on yksil\u00f6llinen. Suos. tasovesipesua pesulassa &nbsp;<\/p>\n","protected":false},"featured_media":13097,"comment_status":"closed","ping_status":"closed","template":"","meta":[],"product_brand":[],"product_cat":[510,22,509],"product_tag":[],"class_list":{"0":"post-13096","1":"product","2":"type-product","3":"status-publish","4":"has-post-thumbnail","6":"product_cat-kaarna-villamatto","7":"product_cat-matot","8":"product_cat-villamatto","10":"first","11":"instock","12":"taxable","13":"shipping-taxable","14":"purchasable","15":"product-type-simple"},"_links":{"self":[{"href":"https:\/\/www.ksttukku.fi\/kauppa\/wp-json\/wp\/v2\/product\/13096","targetHints":{"allow":["GET"]}}],"collection":[{"href":"https:\/\/www.ksttukku.fi\/kauppa\/wp-json\/wp\/v2\/product"}],"about":[{"href":"https:\/\/www.ksttukku.fi\/kauppa\/wp-json\/wp\/v2\/types\/product"}],"replies":[{"embeddable":true,"href":"https:\/\/www.ksttukku.fi\/kauppa\/wp-json\/wp\/v2\/comments?post=13096"}],"wp:featuredmedia":[{"embeddable":true,"href":"https:\/\/www.ksttukku.fi\/kauppa\/wp-json\/wp\/v2\/media\/13097"}],"wp:attachment":[{"href":"https:\/\/www.ksttukku.fi\/kauppa\/wp-json\/wp\/v2\/media?parent=13096"}],"wp:term":[{"taxonomy":"product_brand","embeddable":true,"href":"https:\/\/www.ksttukku.fi\/kauppa\/wp-json\/wp\/v2\/product_brand?post=13096"},{"taxonomy":"product_cat","embeddable":true,"href":"https:\/\/www.ksttukku.fi\/kauppa\/wp-json\/wp\/v2\/product_cat?post=13096"},{"taxonomy":"product_tag","embeddable":true,"href":"https:\/\/www.ksttukku.fi\/kauppa\/wp-json\/wp\/v2\/product_tag?post=13096"}],"curies":[{"name":"wp","href":"https:\/\/api.w.org\/{rel}","templated":true}]}}