{"id":13128,"date":"2023-04-04T16:48:07","date_gmt":"2023-04-04T13:48:07","guid":{"rendered":"https:\/\/www.ksttukku.fi\/kauppa\/?post_type=product&#038;p=13128"},"modified":"2023-04-04T16:48:07","modified_gmt":"2023-04-04T13:48:07","slug":"tuisku-lemmikin-pesapeti-harmaa","status":"publish","type":"product","link":"https:\/\/www.ksttukku.fi\/kauppa\/tuote\/tuisku-lemmikin-pesapeti-harmaa\/","title":{"rendered":"Tuisku lemmikin pes\u00e4peti harmaa"},"content":{"rendered":"<p>Valley Tuisku -lemmikin pes\u00e4 sopii pienille koirille tai kissoille. Pehmoinen\u00a0 kangas tarjoaa lemmikeille turvallisen kolon . Antislip -pohja pit\u00e4\u00e4 pes\u00e4n\u00a0 paikallaan vauhdikkaammissakin tilanteissa. Katossa oleva nostolenkki helpottaa pes\u00e4n siirt\u00e4mist\u00e4. Irrallinen pohjatyyny on helppo puhdistaa tarvittaessa. Pes\u00e4n voidaan pest\u00e4 pesukoneessa 30 asteessa.<\/p>\n<p><strong>Tuisku pes\u00e4 harmaa 40x40x40cm<\/strong><\/p>\n","protected":false},"excerpt":{"rendered":"<p>Valley Tuisku -lemmikin pes\u00e4 sopii pienille koirille tai kissoille. Pehmoinen\u00a0 kangas tarjoaa lemmikeille turvallisen kolon . Antislip -pohja pit\u00e4\u00e4 pes\u00e4n\u00a0 paikallaan vauhdikkaammissakin tilanteissa. Katossa oleva nostolenkki helpottaa pes\u00e4n siirt\u00e4mist\u00e4. Irrallinen pohjatyyny on helppo puhdistaa tarvittaessa. Pes\u00e4n voidaan pest\u00e4 pesukoneessa 30 asteessa. Tuisku pes\u00e4 harmaa 40x40x40cm<\/p>\n","protected":false},"featured_media":13129,"comment_status":"closed","ping_status":"closed","template":"","meta":[],"product_brand":[],"product_cat":[483,206],"product_tag":[],"class_list":{"0":"post-13128","1":"product","2":"type-product","3":"status-publish","4":"has-post-thumbnail","6":"product_cat-lemmikin-pedit","7":"product_cat-sup-laudat","9":"first","10":"instock","11":"taxable","12":"shipping-taxable","13":"purchasable","14":"product-type-simple"},"_links":{"self":[{"href":"https:\/\/www.ksttukku.fi\/kauppa\/wp-json\/wp\/v2\/product\/13128","targetHints":{"allow":["GET"]}}],"collection":[{"href":"https:\/\/www.ksttukku.fi\/kauppa\/wp-json\/wp\/v2\/product"}],"about":[{"href":"https:\/\/www.ksttukku.fi\/kauppa\/wp-json\/wp\/v2\/types\/product"}],"replies":[{"embeddable":true,"href":"https:\/\/www.ksttukku.fi\/kauppa\/wp-json\/wp\/v2\/comments?post=13128"}],"wp:featuredmedia":[{"embeddable":true,"href":"https:\/\/www.ksttukku.fi\/kauppa\/wp-json\/wp\/v2\/media\/13129"}],"wp:attachment":[{"href":"https:\/\/www.ksttukku.fi\/kauppa\/wp-json\/wp\/v2\/media?parent=13128"}],"wp:term":[{"taxonomy":"product_brand","embeddable":true,"href":"https:\/\/www.ksttukku.fi\/kauppa\/wp-json\/wp\/v2\/product_brand?post=13128"},{"taxonomy":"product_cat","embeddable":true,"href":"https:\/\/www.ksttukku.fi\/kauppa\/wp-json\/wp\/v2\/product_cat?post=13128"},{"taxonomy":"product_tag","embeddable":true,"href":"https:\/\/www.ksttukku.fi\/kauppa\/wp-json\/wp\/v2\/product_tag?post=13128"}],"curies":[{"name":"wp","href":"https:\/\/api.w.org\/{rel}","templated":true}]}}