{"id":13137,"date":"2023-04-05T14:26:34","date_gmt":"2023-04-05T11:26:34","guid":{"rendered":"https:\/\/www.ksttukku.fi\/kauppa\/?post_type=product&#038;p=13137"},"modified":"2026-02-17T10:47:56","modified_gmt":"2026-02-17T08:47:56","slug":"dawn-foam-kaytavamatto-80cm-musta-25e-m-5787","status":"publish","type":"product","link":"https:\/\/www.ksttukku.fi\/kauppa\/tuote\/dawn-foam-kaytavamatto-80cm-musta-25e-m-5787\/","title":{"rendered":"Dawn foam k\u00e4yt\u00e4v\u00e4matto 80cm musta 25\u20ac\/m 5787"},"content":{"rendered":"<p>Dawn Foam 5787 -matto on valmistettu k\u00e4ytett\u00e4vyytt\u00e4 ja kest\u00e4vyytt\u00e4 ajatellen. Matto on kudottu likaa hylkiv\u00e4ll\u00e4 langalla. Sile\u00e4pintainen matto on varustettu perinteisell\u00e4 \u201dkorinpohja\u201d kuvioinnilla. Likaa hylkiv\u00e4 lanka ja korinpohjakuviointi yhdess\u00e4 muodostavat parivaljakon, johon koirankarvat ja lika eiv\u00e4t tartu.<\/p>\n<p>Toisin kuin lika ja koirankarvat, Dawn Foam 5787 tarttuu lattiaan napakasti kiinni. Matossa oleva lateksikumipohja pit\u00e4\u00e4 maton paikallaan kovempienkin rallien ja leikkien aikana. Pohjansa ansiosta mattoa ei tarvitse ker\u00e4ill\u00e4 olohuoneen tai eteisen nurkasta aina illan p\u00e4\u00e4tteeksi. N\u00e4in ollen voidaankin todeta, ett\u00e4 matto soveltuu koteihin, joissa on paljon el\u00e4m\u00e4\u00e4 ja vilskett\u00e4.<\/p>\n<h4>Kun etsit k\u00e4yt\u00e4nn\u00f6llist\u00e4 monen tilan mattoa, on Dawn Foam 5787 sinun valintasi<\/h4>\n<p>\u2022 Valmistettu likaa hylkiv\u00e4ll\u00e4 langalla, korinpohjatekniikalla<br \/>\n\u2022 Kest\u00e4\u00e4 kulutusta<br \/>\n\u2022 Sile\u00e4pintainen matto on helppo pit\u00e4\u00e4 puhtaana<br \/>\n\u2022 K\u00e4ytt\u00f6kohteina kodit, toimistot ja kes\u00e4m\u00f6kit, k\u00e4yt\u00e4v\u00e4t, ruokailutilat ja olohuoneet<br \/>\n\u2022 Foam-pohjaus pit\u00e4\u00e4 maton paikallaan ja toimii kaikilla lattiamateriaaleilla<br \/>\n\u2022 Materiaali, johon ei tartu karvat<\/p>\n<p>MATERIAALI<\/p>\n<p>100% Heat-Set polypropyleeni<\/p>\n<p>KUVAUS<\/p>\n<p>KUVAUS<\/p>\n<p>Konekudottu, sile\u00e4pintainen. Moderni malli. Juutin oloinen. Foam-pohjaus. Paksuus noin 7 mm.<\/p>\n<p>PESU\/HOITO-OHJEET<\/p>\n<p>Kevyt imurointi, tuuletus silloin t\u00e4ll\u00f6in, ei tamppausta<br \/>\nPaikallisten tuoreiden tahrojen poisto mahdollista kostealla,<br \/>\nvaahdotetulla (Marseille-saippua) sienell\u00e4 tai liinalla. Vesipesu 30\u00b0C.<\/p>\n<p>\u00c4l\u00e4 unohda tilata mattojen p\u00e4iden kanttauspalvelua.<\/p>\n","protected":false},"excerpt":{"rendered":"<p>Dawn Foam 5787 -matto on valmistettu k\u00e4ytett\u00e4vyytt\u00e4 ja kest\u00e4vyytt\u00e4 ajatellen. Matto on kudottu likaa hylkiv\u00e4ll\u00e4 langalla. Sile\u00e4pintainen matto on varustettu perinteisell\u00e4 \u201dkorinpohja\u201d kuvioinnilla. Likaa hylkiv\u00e4 lanka ja korinpohjakuviointi yhdess\u00e4 muodostavat parivaljakon, johon koirankarvat ja lika eiv\u00e4t tartu. Toisin kuin lika ja koirankarvat, Dawn Foam 5787 tarttuu lattiaan napakasti kiinni. Matossa oleva lateksikumipohja pit\u00e4\u00e4 maton paikallaan [&hellip;]<\/p>\n","protected":false},"featured_media":13138,"comment_status":"closed","ping_status":"closed","template":"","meta":[],"product_brand":[],"product_cat":[505,23,22],"product_tag":[],"class_list":{"0":"post-13137","1":"product","2":"type-product","3":"status-publish","4":"has-post-thumbnail","6":"product_cat-dawn-foam-musta","7":"product_cat-kaytava-ja-yleismatot","8":"product_cat-matot","10":"first","11":"instock","12":"taxable","13":"shipping-taxable","14":"purchasable","15":"product-type-simple"},"_links":{"self":[{"href":"https:\/\/www.ksttukku.fi\/kauppa\/wp-json\/wp\/v2\/product\/13137","targetHints":{"allow":["GET"]}}],"collection":[{"href":"https:\/\/www.ksttukku.fi\/kauppa\/wp-json\/wp\/v2\/product"}],"about":[{"href":"https:\/\/www.ksttukku.fi\/kauppa\/wp-json\/wp\/v2\/types\/product"}],"replies":[{"embeddable":true,"href":"https:\/\/www.ksttukku.fi\/kauppa\/wp-json\/wp\/v2\/comments?post=13137"}],"wp:featuredmedia":[{"embeddable":true,"href":"https:\/\/www.ksttukku.fi\/kauppa\/wp-json\/wp\/v2\/media\/13138"}],"wp:attachment":[{"href":"https:\/\/www.ksttukku.fi\/kauppa\/wp-json\/wp\/v2\/media?parent=13137"}],"wp:term":[{"taxonomy":"product_brand","embeddable":true,"href":"https:\/\/www.ksttukku.fi\/kauppa\/wp-json\/wp\/v2\/product_brand?post=13137"},{"taxonomy":"product_cat","embeddable":true,"href":"https:\/\/www.ksttukku.fi\/kauppa\/wp-json\/wp\/v2\/product_cat?post=13137"},{"taxonomy":"product_tag","embeddable":true,"href":"https:\/\/www.ksttukku.fi\/kauppa\/wp-json\/wp\/v2\/product_tag?post=13137"}],"curies":[{"name":"wp","href":"https:\/\/api.w.org\/{rel}","templated":true}]}}