{"id":13166,"date":"2023-04-06T17:43:30","date_gmt":"2023-04-06T14:43:30","guid":{"rendered":"https:\/\/www.ksttukku.fi\/kauppa\/?post_type=product&#038;p=13166"},"modified":"2023-04-06T17:43:30","modified_gmt":"2023-04-06T14:43:30","slug":"madison-3-os-led-riippuvalaisin-mattamusta","status":"publish","type":"product","link":"https:\/\/www.ksttukku.fi\/kauppa\/tuote\/madison-3-os-led-riippuvalaisin-mattamusta\/","title":{"rendered":"Madison 3-os LED-riippuvalaisin mattamusta"},"content":{"rendered":"<p>Madison on n\u00e4ytt\u00e4v\u00e4 riippuvalaisin joka sopii esim. p\u00f6yd\u00e4n tai saarekkeen yl\u00e4puolelle.<\/p>\n<p>Valaisimen kirkkautta voi s\u00e4\u00e4t\u00e4\u00e4 kolmiportaisesti tavallisen valokatkaisimen avulla.<\/p>\n<p data-sanitized-data-mce-fragment=\"1\">Teho: 3 x 8 W<\/p>\n<p data-sanitized-data-mce-fragment=\"1\">Valovirta: 3 x 900 lm<\/p>\n<p data-sanitized-data-mce-fragment=\"1\">V\u00e4ril\u00e4mp\u00f6tila: 3000 K<\/p>\n<p data-sanitized-data-mce-fragment=\"1\">Mitat: \u2205 18 cm, leveys 82 cm, korkeus 150 cm (korkeus s\u00e4\u00e4dett\u00e4viss\u00e4, min. korkeus 95 cm)<\/p>\n<p data-sanitized-data-mce-fragment=\"1\">V\u00e4ri: Mattamusta<\/p>\n<p data-sanitized-data-mce-fragment=\"1\">\n","protected":false},"excerpt":{"rendered":"<p>Madison on n\u00e4ytt\u00e4v\u00e4 riippuvalaisin joka sopii esim. p\u00f6yd\u00e4n tai saarekkeen yl\u00e4puolelle. Valaisimen kirkkautta voi s\u00e4\u00e4t\u00e4\u00e4 kolmiportaisesti tavallisen valokatkaisimen avulla. Teho: 3 x 8 W Valovirta: 3 x 900 lm V\u00e4ril\u00e4mp\u00f6tila: 3000 K Mitat: \u2205 18 cm, leveys 82 cm, korkeus 150 cm (korkeus s\u00e4\u00e4dett\u00e4viss\u00e4, min. korkeus 95 cm) V\u00e4ri: Mattamusta<\/p>\n","protected":false},"featured_media":13171,"comment_status":"closed","ping_status":"closed","template":"","meta":[],"product_brand":[],"product_cat":[49,35,34],"product_tag":[],"class_list":{"0":"post-13166","1":"product","2":"type-product","3":"status-publish","4":"has-post-thumbnail","6":"product_cat-riippuvalaisimet","7":"product_cat-sisavalaisimet","8":"product_cat-valaisimet","10":"first","11":"instock","12":"taxable","13":"shipping-taxable","14":"purchasable","15":"product-type-simple"},"_links":{"self":[{"href":"https:\/\/www.ksttukku.fi\/kauppa\/wp-json\/wp\/v2\/product\/13166","targetHints":{"allow":["GET"]}}],"collection":[{"href":"https:\/\/www.ksttukku.fi\/kauppa\/wp-json\/wp\/v2\/product"}],"about":[{"href":"https:\/\/www.ksttukku.fi\/kauppa\/wp-json\/wp\/v2\/types\/product"}],"replies":[{"embeddable":true,"href":"https:\/\/www.ksttukku.fi\/kauppa\/wp-json\/wp\/v2\/comments?post=13166"}],"wp:featuredmedia":[{"embeddable":true,"href":"https:\/\/www.ksttukku.fi\/kauppa\/wp-json\/wp\/v2\/media\/13171"}],"wp:attachment":[{"href":"https:\/\/www.ksttukku.fi\/kauppa\/wp-json\/wp\/v2\/media?parent=13166"}],"wp:term":[{"taxonomy":"product_brand","embeddable":true,"href":"https:\/\/www.ksttukku.fi\/kauppa\/wp-json\/wp\/v2\/product_brand?post=13166"},{"taxonomy":"product_cat","embeddable":true,"href":"https:\/\/www.ksttukku.fi\/kauppa\/wp-json\/wp\/v2\/product_cat?post=13166"},{"taxonomy":"product_tag","embeddable":true,"href":"https:\/\/www.ksttukku.fi\/kauppa\/wp-json\/wp\/v2\/product_tag?post=13166"}],"curies":[{"name":"wp","href":"https:\/\/api.w.org\/{rel}","templated":true}]}}