{"id":13169,"date":"2023-04-06T17:35:58","date_gmt":"2023-04-06T14:35:58","guid":{"rendered":"https:\/\/www.ksttukku.fi\/kauppa\/?post_type=product&#038;p=13169"},"modified":"2026-02-17T10:50:25","modified_gmt":"2026-02-17T08:50:25","slug":"dawn-foam-kaytavamatto-hopea-100cm-2990-e-m-5787","status":"publish","type":"product","link":"https:\/\/www.ksttukku.fi\/kauppa\/tuote\/dawn-foam-kaytavamatto-hopea-100cm-2990-e-m-5787\/","title":{"rendered":"Dawn foam k\u00e4yt\u00e4v\u00e4matto hopea 100cm 29,90 \u20ac\/m 5787"},"content":{"rendered":"<h3>Dawn Foam 5787, luotu kest\u00e4m\u00e4\u00e4n el\u00e4m\u00e4\u00e4<\/h3>\n<p>Dawn Foam 5787 -matto on valmistettu k\u00e4ytett\u00e4vyytt\u00e4 ja kest\u00e4vyytt\u00e4 ajatellen. Matto on kudottu likaa hylkiv\u00e4ll\u00e4 langalla. Likaa hylkiv\u00e4 lanka ja korinpohja- kuviointi yhdess\u00e4 muodostavat parivaljakon, johon koirankarvat ja lika eiv\u00e4t tartu.<\/p>\n<p>Dawn Foam 5787 tarttuu lattiaan napakasti kiinni. Matossa oleva lateksi-kumipohja pit\u00e4\u00e4 maton paikallaan kovempienkin rallien ja leikkien aikana, t\u00e4ten matto soveltuu koteihin, joissa on paljon el\u00e4m\u00e4\u00e4 ja vilskett\u00e4.<\/p>\n<p>Monipuolisuutensa ansiosta mattoa voi k\u00e4ytt\u00e4\u00e4 niin olohuoneen mattona kuin keitti\u00f6ss\u00e4 tai aula- ja eteistiloissa. Dawn Foam -matot ovat loistava valinta lapsi- ja el\u00e4inperheille.<\/p>\n<p><strong>Tuotekuvaus<\/strong><\/p>\n<p>MATERIAALI: 100% Heat-Set polypropyleeni<\/p>\n<p>KUVAUS: Konekudottu, sile\u00e4pintainen. Moderni malli. Juutin oloinen. Foam-pohjaus. Paksuus noin 7 mm.<\/p>\n<p>PESU\/HOITO-OHJEET: Kevyt imurointi, tuuletus silloin t\u00e4ll\u00f6in, ei tamppausta. Paikallisten tuoreiden tahrojen poisto mahdollista kostealla, vaahdotetulla (Marseille-saippua) sienell\u00e4 tai liinalla. Vesipesu 30\u00b0C.<\/p>\n<p>\u00c4l\u00e4 unohda tilata mattojen p\u00e4iden kanttauspalvelua.<\/p>\n","protected":false},"excerpt":{"rendered":"<p>Dawn Foam 5787, luotu kest\u00e4m\u00e4\u00e4n el\u00e4m\u00e4\u00e4 Dawn Foam 5787 -matto on valmistettu k\u00e4ytett\u00e4vyytt\u00e4 ja kest\u00e4vyytt\u00e4 ajatellen. Matto on kudottu likaa hylkiv\u00e4ll\u00e4 langalla. Likaa hylkiv\u00e4 lanka ja korinpohja- kuviointi yhdess\u00e4 muodostavat parivaljakon, johon koirankarvat ja lika eiv\u00e4t tartu. Dawn Foam 5787 tarttuu lattiaan napakasti kiinni. Matossa oleva lateksi-kumipohja pit\u00e4\u00e4 maton paikallaan kovempienkin rallien ja leikkien aikana, [&hellip;]<\/p>\n","protected":false},"featured_media":13168,"comment_status":"closed","ping_status":"closed","template":"","meta":[],"product_brand":[],"product_cat":[514,23,22],"product_tag":[],"class_list":{"0":"post-13169","1":"product","2":"type-product","3":"status-publish","4":"has-post-thumbnail","6":"product_cat-dawn-foam-5787","7":"product_cat-kaytava-ja-yleismatot","8":"product_cat-matot","10":"first","11":"instock","12":"taxable","13":"shipping-taxable","14":"purchasable","15":"product-type-simple"},"_links":{"self":[{"href":"https:\/\/www.ksttukku.fi\/kauppa\/wp-json\/wp\/v2\/product\/13169","targetHints":{"allow":["GET"]}}],"collection":[{"href":"https:\/\/www.ksttukku.fi\/kauppa\/wp-json\/wp\/v2\/product"}],"about":[{"href":"https:\/\/www.ksttukku.fi\/kauppa\/wp-json\/wp\/v2\/types\/product"}],"replies":[{"embeddable":true,"href":"https:\/\/www.ksttukku.fi\/kauppa\/wp-json\/wp\/v2\/comments?post=13169"}],"wp:featuredmedia":[{"embeddable":true,"href":"https:\/\/www.ksttukku.fi\/kauppa\/wp-json\/wp\/v2\/media\/13168"}],"wp:attachment":[{"href":"https:\/\/www.ksttukku.fi\/kauppa\/wp-json\/wp\/v2\/media?parent=13169"}],"wp:term":[{"taxonomy":"product_brand","embeddable":true,"href":"https:\/\/www.ksttukku.fi\/kauppa\/wp-json\/wp\/v2\/product_brand?post=13169"},{"taxonomy":"product_cat","embeddable":true,"href":"https:\/\/www.ksttukku.fi\/kauppa\/wp-json\/wp\/v2\/product_cat?post=13169"},{"taxonomy":"product_tag","embeddable":true,"href":"https:\/\/www.ksttukku.fi\/kauppa\/wp-json\/wp\/v2\/product_tag?post=13169"}],"curies":[{"name":"wp","href":"https:\/\/api.w.org\/{rel}","templated":true}]}}