{"id":13205,"date":"2023-04-14T13:51:34","date_gmt":"2023-04-14T10:51:34","guid":{"rendered":"https:\/\/www.ksttukku.fi\/kauppa\/?post_type=product&#038;p=13205"},"modified":"2023-04-14T16:31:29","modified_gmt":"2023-04-14T13:31:29","slug":"mustang-kaasugrilli-sapphire-41","status":"publish","type":"product","link":"https:\/\/www.ksttukku.fi\/kauppa\/tuote\/mustang-kaasugrilli-sapphire-41\/","title":{"rendered":"Mustang kaasugrilli Sapphire 4+1"},"content":{"rendered":"<p>Modernin ulkoasun 4 poltin kaasugrilli sivukeittimell\u00e4. T\u00e4m\u00e4n grillin erikoisuus on tehokas rengaspoltin upotettuna grillin sis\u00e4\u00e4n. T\u00e4m\u00e4 poltin yhdistettyn\u00e4 Multigrill ritil\u00e4\u00e4n asennettaviin lis\u00e4tarvikkeisiin mahdollistaa todella monipuolisen grillaamisen. Grilliss\u00e4 on 3 kpl p\u00e4\u00e4poltinta, 1 kpl rengaspoltin sek\u00e4 1 kpl sivukeitin. P\u00e4\u00e4polttimet ovat 304 ruostumattomasta ter\u00e4ksest\u00e4 valmistettuja U-polttimia. U-polttimet takaavat eritt\u00e4n tasaisen l\u00e4mm\u00f6n. 3 poltinta vastaa 6 tavallista poltina. P\u00e4\u00e4polttimien teho 3 x 3,4 kW. Rengaspolttimen teho 5 kW. Sivukeitin on upotettuna tuulelta suojaan. Sivukeittimen teho 3,1 kW. Kokonaisteho 18,3 kW. Piezo-sytytys sis\u00e4\u00e4nrakennettu jokaiseen s\u00e4\u00e4t\u00f6nuppiin, LED valoilla. Grillausala on 97 x 48 cm. Grillauspinta on jaettu 4 x 23,5 x 47,5 cm valurautaritil\u00e4n kesken. Grillauspinnnan voi muokata oman maun mukaiseksi laajan Sapphire tarvikevalikoiman tuotteilla. L\u00e4mmitysritil\u00e4 47,5 x 12 cm valurautaa. L\u00e4mmitysritil\u00e4\u00e4 voi muokata Sapphire tarvikkeilla. L\u00e4mm\u00f6njakopellit 3 kpl emaloidusta ter\u00e4ksest\u00e4 lis\u00e4ksi 1 kpl rengaspolttimeen sopiva l\u00e4mm\u00f6njakopelti emaloidusta ter\u00e4ksest\u00e4. Grillin tuplakansi on valmistettu pulverimaalatusta ter\u00e4ksest\u00e4, jonka p\u00e4\u00e4dyt ovat valualumiinia. Kannen lasin l\u00e4pi voit seurata grillattavien tuotteiden kypsymist\u00e4. Grillin runko on pulverimaalattua ter\u00e4st\u00e4. Sivutasossa on tarvikekori sek\u00e4 ripustuskoukut. Kaapin ovet avautuvat painamalla niit\u00e4 sis\u00e4\u00e4n. 2 pient\u00e4 ja 2 lukittavaa siirtopy\u00f6r\u00e4\u00e4. Suojapeite 602303 (ei sis\u00e4lly pakkaukseen). 10 vuoden takuu.<\/p>\n<p>&nbsp;<\/p>\n","protected":false},"excerpt":{"rendered":"<p>Modernin ulkoasun 4 poltin kaasugrilli sivukeittimell\u00e4. T\u00e4m\u00e4n grillin erikoisuus on tehokas rengaspoltin upotettuna grillin sis\u00e4\u00e4n. T\u00e4m\u00e4 poltin yhdistettyn\u00e4 Multigrill ritil\u00e4\u00e4n asennettaviin lis\u00e4tarvikkeisiin mahdollistaa todella monipuolisen grillaamisen. Grilliss\u00e4 on 3 kpl p\u00e4\u00e4poltinta, 1 kpl rengaspoltin sek\u00e4 1 kpl sivukeitin. P\u00e4\u00e4polttimet ovat 304 ruostumattomasta ter\u00e4ksest\u00e4 valmistettuja U-polttimia. U-polttimet takaavat eritt\u00e4n tasaisen l\u00e4mm\u00f6n. 3 poltinta vastaa 6 tavallista [&hellip;]<\/p>\n","protected":false},"featured_media":13212,"comment_status":"closed","ping_status":"closed","template":"","meta":[],"product_brand":[],"product_cat":[132,133],"product_tag":[],"class_list":{"0":"post-13205","1":"product","2":"type-product","3":"status-publish","4":"has-post-thumbnail","6":"product_cat-grillit-ja-grillausarvikkeet","7":"product_cat-grillit","9":"first","10":"instock","11":"taxable","12":"shipping-taxable","13":"purchasable","14":"product-type-simple"},"_links":{"self":[{"href":"https:\/\/www.ksttukku.fi\/kauppa\/wp-json\/wp\/v2\/product\/13205","targetHints":{"allow":["GET"]}}],"collection":[{"href":"https:\/\/www.ksttukku.fi\/kauppa\/wp-json\/wp\/v2\/product"}],"about":[{"href":"https:\/\/www.ksttukku.fi\/kauppa\/wp-json\/wp\/v2\/types\/product"}],"replies":[{"embeddable":true,"href":"https:\/\/www.ksttukku.fi\/kauppa\/wp-json\/wp\/v2\/comments?post=13205"}],"wp:featuredmedia":[{"embeddable":true,"href":"https:\/\/www.ksttukku.fi\/kauppa\/wp-json\/wp\/v2\/media\/13212"}],"wp:attachment":[{"href":"https:\/\/www.ksttukku.fi\/kauppa\/wp-json\/wp\/v2\/media?parent=13205"}],"wp:term":[{"taxonomy":"product_brand","embeddable":true,"href":"https:\/\/www.ksttukku.fi\/kauppa\/wp-json\/wp\/v2\/product_brand?post=13205"},{"taxonomy":"product_cat","embeddable":true,"href":"https:\/\/www.ksttukku.fi\/kauppa\/wp-json\/wp\/v2\/product_cat?post=13205"},{"taxonomy":"product_tag","embeddable":true,"href":"https:\/\/www.ksttukku.fi\/kauppa\/wp-json\/wp\/v2\/product_tag?post=13205"}],"curies":[{"name":"wp","href":"https:\/\/api.w.org\/{rel}","templated":true}]}}