{"id":13218,"date":"2023-04-15T13:47:55","date_gmt":"2023-04-15T10:47:55","guid":{"rendered":"https:\/\/www.ksttukku.fi\/kauppa\/?post_type=product&#038;p=13218"},"modified":"2023-04-15T13:47:56","modified_gmt":"2023-04-15T10:47:56","slug":"mustang-kaasugrilli-sapphire-52","status":"publish","type":"product","link":"https:\/\/www.ksttukku.fi\/kauppa\/tuote\/mustang-kaasugrilli-sapphire-52\/","title":{"rendered":"Mustang kaasugrilli Sapphire 5+2"},"content":{"rendered":"<p>Modernin ulkoasun 5 poltin kaasugrilli sivukeittimell\u00e4 ja takapolttimella. T\u00e4m\u00e4n grillin erikoisuus on tehokas rengaspoltin upotettuna grillin sis\u00e4\u00e4n. T\u00e4m\u00e4 poltin yhdistettyn\u00e4 Multigrill ritil\u00e4\u00e4n asennettaviin lis\u00e4tarvikkeisiin mahdollistaa todella monipuolisen grillaamisen. Grilliss\u00e4 on 4 kpl p\u00e4\u00e4poltinta, 1 kpl rengaspoltin, 1 kpl takapoltin sek\u00e4 1 kpl sivukeitin. P\u00e4\u00e4polttimet ovat 304 ruostumattomasta ter\u00e4ksest\u00e4 valmistettuja U-polttimia. U-polttimet takaavat eritt\u00e4n tasaisen l\u00e4mm\u00f6n. 4 poltinta vastaa 8 tavallista poltinta. P\u00e4\u00e4polttimien teho 4 x 3,4 kW. Rengaspolttimen teho 5 kW. Takapoltin varrask\u00e4ytt\u00f6\u00f6n 3,7 kw. Sivukeitin on upotettuna tuulelta suojaan. Sivukeittimen teho 3,2 kW. Kokonaisteho 25,5 kW. Piezo-sytytys sis\u00e4\u00e4nrakennettu jokaiseen s\u00e4\u00e4t\u00f6nuppiin, LED valoilla. Grillausala on 120 x 48 cm. Grillauspinta on jaettu 5 x 20,5 x 47,5 cm valurautaritil\u00e4n kesken. Grillauspinnnan voi muokata oman maun mukaiseksi laajan Sapphire tarvikevalikoiman tuotteilla. L\u00e4mmitysritil\u00e4 47,5 x 12 cm valurautaa. L\u00e4mmitysritil\u00e4\u00e4 voi muokata Sapphire tarvikkeilla. L\u00e4mm\u00f6njakopelllit 4 kpl emaloidusta ter\u00e4ksest\u00e4 lis\u00e4ksi 1 kpl rengaspolttimeen sopiva l\u00e4mm\u00f6njakopelti emaloidusta ter\u00e4ksest\u00e4. Grillin tuplakansi on valmistettu pulverimaalatusta ter\u00e4ksest\u00e4, jonka p\u00e4\u00e4dyt ovat valualumiinia. Kannen lasin l\u00e4pi voit seurata grillattavien tuotteiden kypsymist\u00e4. Grillin runko on pulverimaalattua ter\u00e4st\u00e4. Sivutasossa on tarvikekori sek\u00e4 ripustuskoukut. Kaapin ovat avautuvat painamalla niit\u00e4 sis\u00e4\u00e4n. 2 pient\u00e4 ja 2 lukittavaa siirtopy\u00f6r\u00e4\u00e4. Sopiva suojapeite 605794. 10 vuoden takuu.<\/p>\n<p>&nbsp;<\/p>\n","protected":false},"excerpt":{"rendered":"<p>Ilmainen toimitus!<\/p>\n","protected":false},"featured_media":13227,"comment_status":"closed","ping_status":"closed","template":"","meta":[],"product_brand":[],"product_cat":[132,133],"product_tag":[],"class_list":{"0":"post-13218","1":"product","2":"type-product","3":"status-publish","4":"has-post-thumbnail","6":"product_cat-grillit-ja-grillausarvikkeet","7":"product_cat-grillit","9":"first","10":"instock","11":"taxable","12":"shipping-taxable","13":"purchasable","14":"product-type-simple"},"_links":{"self":[{"href":"https:\/\/www.ksttukku.fi\/kauppa\/wp-json\/wp\/v2\/product\/13218","targetHints":{"allow":["GET"]}}],"collection":[{"href":"https:\/\/www.ksttukku.fi\/kauppa\/wp-json\/wp\/v2\/product"}],"about":[{"href":"https:\/\/www.ksttukku.fi\/kauppa\/wp-json\/wp\/v2\/types\/product"}],"replies":[{"embeddable":true,"href":"https:\/\/www.ksttukku.fi\/kauppa\/wp-json\/wp\/v2\/comments?post=13218"}],"wp:featuredmedia":[{"embeddable":true,"href":"https:\/\/www.ksttukku.fi\/kauppa\/wp-json\/wp\/v2\/media\/13227"}],"wp:attachment":[{"href":"https:\/\/www.ksttukku.fi\/kauppa\/wp-json\/wp\/v2\/media?parent=13218"}],"wp:term":[{"taxonomy":"product_brand","embeddable":true,"href":"https:\/\/www.ksttukku.fi\/kauppa\/wp-json\/wp\/v2\/product_brand?post=13218"},{"taxonomy":"product_cat","embeddable":true,"href":"https:\/\/www.ksttukku.fi\/kauppa\/wp-json\/wp\/v2\/product_cat?post=13218"},{"taxonomy":"product_tag","embeddable":true,"href":"https:\/\/www.ksttukku.fi\/kauppa\/wp-json\/wp\/v2\/product_tag?post=13218"}],"curies":[{"name":"wp","href":"https:\/\/api.w.org\/{rel}","templated":true}]}}