{"id":13235,"date":"2023-04-18T15:47:59","date_gmt":"2023-04-18T12:47:59","guid":{"rendered":"https:\/\/www.ksttukku.fi\/kauppa\/?post_type=product&#038;p=13235"},"modified":"2023-04-18T15:48:00","modified_gmt":"2023-04-18T12:48:00","slug":"valopeili-pyorea-600mm-22w-1680lm-4000k-ip21","status":"publish","type":"product","link":"https:\/\/www.ksttukku.fi\/kauppa\/tuote\/valopeili-pyorea-600mm-22w-1680lm-4000k-ip21\/","title":{"rendered":"Valopeili py\u00f6re\u00e4 600mm 22W 1680lm 4000K IP21"},"content":{"rendered":"<p>Py\u00f6re\u00e4 valopeili LED-nauhalla ja ON\/OFF-painikkeella<\/p>\n<p>J\u00e4nnite: AC230V\/50Hz<\/p>\n<p>Teho: 22W<\/p>\n<p>Valovirta: 1680 lm<\/p>\n<p>Valotehokkuus: 60lm\/W<\/p>\n<p>V\u00e4ril\u00e4mp\u00f6tila: 4000K<\/p>\n<p>V\u00e4rintoistoindeksi: Ra&gt;80<\/p>\n<p>Elinik\u00e4: 20 000 tuntia<\/p>\n<p>K\u00e4ytt\u00f6ymp\u00e4rist\u00f6n l\u00e4mp\u00f6tila: +5\u02daC &#8211; +45 \u02daC<\/p>\n<p>IP-luokka: IP21<\/p>\n<p>Mitat: \u00d8 600 x 30 mm<\/p>\n<p>Paino: 3,3 kg<\/p>\n<p>Materiaali: Lasi, alumiinikehys<\/p>\n<p>Kytkent\u00e4: 0,30m kytkent\u00e4johto 2 x 0,75 mm2 vapaat johdinp\u00e4\u00e4t<\/p>\n<p>Kiinnitystarvikkeet pakkauksessa mukana<\/p>\n<p>HUOM! Pakkaus ei sis\u00e4ll\u00e4 kytkent\u00e4tarvikkeita<\/p>\n<p>&nbsp;<\/p>\n","protected":false},"excerpt":{"rendered":"<p>Py\u00f6re\u00e4 valopeili LED-nauhalla ja ON\/OFF-painikkeella J\u00e4nnite: AC230V\/50Hz Teho: 22W Valovirta: 1680 lm Valotehokkuus: 60lm\/W V\u00e4ril\u00e4mp\u00f6tila: 4000K V\u00e4rintoistoindeksi: Ra&gt;80 Elinik\u00e4: 20 000 tuntia K\u00e4ytt\u00f6ymp\u00e4rist\u00f6n l\u00e4mp\u00f6tila: +5\u02daC &#8211; +45 \u02daC IP-luokka: IP21 Mitat: \u00d8 600 x 30 mm Paino: 3,3 kg Materiaali: Lasi, alumiinikehys Kytkent\u00e4: 0,30m kytkent\u00e4johto 2 x 0,75 mm2 vapaat johdinp\u00e4\u00e4t Kiinnitystarvikkeet pakkauksessa mukana HUOM! [&hellip;]<\/p>\n","protected":false},"featured_media":13237,"comment_status":"closed","ping_status":"closed","template":"","meta":[],"product_brand":[],"product_cat":[150,237],"product_tag":[],"class_list":{"0":"post-13235","1":"product","2":"type-product","3":"status-publish","4":"has-post-thumbnail","6":"product_cat-kylpyhuone","7":"product_cat-valopeilit","9":"first","10":"instock","11":"taxable","12":"shipping-taxable","13":"purchasable","14":"product-type-simple"},"_links":{"self":[{"href":"https:\/\/www.ksttukku.fi\/kauppa\/wp-json\/wp\/v2\/product\/13235","targetHints":{"allow":["GET"]}}],"collection":[{"href":"https:\/\/www.ksttukku.fi\/kauppa\/wp-json\/wp\/v2\/product"}],"about":[{"href":"https:\/\/www.ksttukku.fi\/kauppa\/wp-json\/wp\/v2\/types\/product"}],"replies":[{"embeddable":true,"href":"https:\/\/www.ksttukku.fi\/kauppa\/wp-json\/wp\/v2\/comments?post=13235"}],"wp:featuredmedia":[{"embeddable":true,"href":"https:\/\/www.ksttukku.fi\/kauppa\/wp-json\/wp\/v2\/media\/13237"}],"wp:attachment":[{"href":"https:\/\/www.ksttukku.fi\/kauppa\/wp-json\/wp\/v2\/media?parent=13235"}],"wp:term":[{"taxonomy":"product_brand","embeddable":true,"href":"https:\/\/www.ksttukku.fi\/kauppa\/wp-json\/wp\/v2\/product_brand?post=13235"},{"taxonomy":"product_cat","embeddable":true,"href":"https:\/\/www.ksttukku.fi\/kauppa\/wp-json\/wp\/v2\/product_cat?post=13235"},{"taxonomy":"product_tag","embeddable":true,"href":"https:\/\/www.ksttukku.fi\/kauppa\/wp-json\/wp\/v2\/product_tag?post=13235"}],"curies":[{"name":"wp","href":"https:\/\/api.w.org\/{rel}","templated":true}]}}