{"id":13246,"date":"2023-04-19T18:13:22","date_gmt":"2023-04-19T15:13:22","guid":{"rendered":"https:\/\/www.ksttukku.fi\/kauppa\/?post_type=product&#038;p=13246"},"modified":"2023-04-19T18:23:41","modified_gmt":"2023-04-19T15:23:41","slug":"sequence-kattovalaisin-41w-5000lm-3cct-mattamessinki","status":"publish","type":"product","link":"https:\/\/www.ksttukku.fi\/kauppa\/tuote\/sequence-kattovalaisin-41w-5000lm-3cct-mattamessinki\/","title":{"rendered":"Sequence kattovalaisin 41W 5000lm 3CCT mattamessinki"},"content":{"rendered":"<p>Sequence on moderni kattovalaisin joka sopii kaikkiin kodin kuiviin tiloihin.<\/p>\n<p>Valaisimen kirkkautta voi s\u00e4\u00e4t\u00e4\u00e4 kolmiportaisesti tavallisen valokatkaisimen avulla.<\/p>\n<p>Valon v\u00e4ril\u00e4mp\u00f6tila asetettavissa valaisimesta (2300, 3000, 4000 K)<\/p>\n<p data-sanitized-data-mce-fragment=\"1\">Teho: 41 W<\/p>\n<p data-sanitized-data-mce-fragment=\"1\">Valovirta: 5000 lm<\/p>\n<p data-sanitized-data-mce-fragment=\"1\">V\u00e4ril\u00e4mp\u00f6tila: 2300, 3000, 4000 K<\/p>\n<p data-sanitized-data-mce-fragment=\"1\">Mitat: Syvyys 14 cm, korkeus 20 cm, leveys 90 cm<\/p>\n<p data-sanitized-data-mce-fragment=\"1\">V\u00e4ri: Mattamessinki<\/p>\n<p data-sanitized-data-mce-fragment=\"1\">\n","protected":false},"excerpt":{"rendered":"<p>Sequence on moderni kattovalaisin joka sopii kaikkiin kodin kuiviin tiloihin. Valaisimen kirkkautta voi s\u00e4\u00e4t\u00e4\u00e4 kolmiportaisesti tavallisen valokatkaisimen avulla. Valon v\u00e4ril\u00e4mp\u00f6tila asetettavissa valaisimesta (2300, 3000, 4000 K) Teho: 41 W Valovirta: 5000 lm V\u00e4ril\u00e4mp\u00f6tila: 2300, 3000, 4000 K Mitat: Syvyys 14 cm, korkeus 20 cm, leveys 90 cm V\u00e4ri: Mattamessinki<\/p>\n","protected":false},"featured_media":13251,"comment_status":"closed","ping_status":"closed","template":"","meta":[],"product_brand":[],"product_cat":[40,35,34],"product_tag":[],"class_list":{"0":"post-13246","1":"product","2":"type-product","3":"status-publish","4":"has-post-thumbnail","6":"product_cat-kattovalaisimet","7":"product_cat-sisavalaisimet","8":"product_cat-valaisimet","10":"first","11":"instock","12":"taxable","13":"shipping-taxable","14":"purchasable","15":"product-type-simple"},"_links":{"self":[{"href":"https:\/\/www.ksttukku.fi\/kauppa\/wp-json\/wp\/v2\/product\/13246","targetHints":{"allow":["GET"]}}],"collection":[{"href":"https:\/\/www.ksttukku.fi\/kauppa\/wp-json\/wp\/v2\/product"}],"about":[{"href":"https:\/\/www.ksttukku.fi\/kauppa\/wp-json\/wp\/v2\/types\/product"}],"replies":[{"embeddable":true,"href":"https:\/\/www.ksttukku.fi\/kauppa\/wp-json\/wp\/v2\/comments?post=13246"}],"wp:featuredmedia":[{"embeddable":true,"href":"https:\/\/www.ksttukku.fi\/kauppa\/wp-json\/wp\/v2\/media\/13251"}],"wp:attachment":[{"href":"https:\/\/www.ksttukku.fi\/kauppa\/wp-json\/wp\/v2\/media?parent=13246"}],"wp:term":[{"taxonomy":"product_brand","embeddable":true,"href":"https:\/\/www.ksttukku.fi\/kauppa\/wp-json\/wp\/v2\/product_brand?post=13246"},{"taxonomy":"product_cat","embeddable":true,"href":"https:\/\/www.ksttukku.fi\/kauppa\/wp-json\/wp\/v2\/product_cat?post=13246"},{"taxonomy":"product_tag","embeddable":true,"href":"https:\/\/www.ksttukku.fi\/kauppa\/wp-json\/wp\/v2\/product_tag?post=13246"}],"curies":[{"name":"wp","href":"https:\/\/api.w.org\/{rel}","templated":true}]}}