{"id":13270,"date":"2023-04-24T14:48:12","date_gmt":"2023-04-24T11:48:12","guid":{"rendered":"https:\/\/www.ksttukku.fi\/kauppa\/?post_type=product&#038;p=13270"},"modified":"2023-04-24T14:49:44","modified_gmt":"2023-04-24T11:49:44","slug":"runo-yleismatto-80x300cm-beige","status":"publish","type":"product","link":"https:\/\/www.ksttukku.fi\/kauppa\/tuote\/runo-yleismatto-80x300cm-beige\/","title":{"rendered":"Runo yleismatto 80x300cm beige"},"content":{"rendered":"<p>Helppohoitoinen HESTIA\u00ae Runo -yleismatto sopii moneen tilaan. Kuosin on suunnitellut Liina Blom.<\/p>\n<p>Maton silmukkanukka on kest\u00e4v\u00e4\u00e4 polyamidia, liukuestepohjaus pit\u00e4\u00e4 maton hyvin paikallaan.<\/p>\n<p>Materiaali: 100% Polyamidi<br \/>\nPohja: liukuestepohjaus lateksi<\/p>\n<p>Suos. laakavesipesua 30 asteessa<\/p>\n","protected":false},"excerpt":{"rendered":"<p>Helppohoitoinen HESTIA\u00ae Runo -yleismatto sopii moneen tilaan. Kuosin on suunnitellut Liina Blom. Maton silmukkanukka on kest\u00e4v\u00e4\u00e4 polyamidia, liukuestepohjaus pit\u00e4\u00e4 maton hyvin paikallaan. Materiaali: 100% Polyamidi Pohja: liukuestepohjaus lateksi Suos. laakavesipesua 30 asteessa<\/p>\n","protected":false},"featured_media":0,"comment_status":"closed","ping_status":"closed","template":"","meta":[],"product_brand":[],"product_cat":[23,22,515],"product_tag":[],"class_list":{"0":"post-13270","1":"product","2":"type-product","3":"status-publish","5":"product_cat-kaytava-ja-yleismatot","6":"product_cat-matot","7":"product_cat-runo-yleismatto","9":"first","10":"instock","11":"taxable","12":"shipping-taxable","13":"purchasable","14":"product-type-simple"},"_links":{"self":[{"href":"https:\/\/www.ksttukku.fi\/kauppa\/wp-json\/wp\/v2\/product\/13270","targetHints":{"allow":["GET"]}}],"collection":[{"href":"https:\/\/www.ksttukku.fi\/kauppa\/wp-json\/wp\/v2\/product"}],"about":[{"href":"https:\/\/www.ksttukku.fi\/kauppa\/wp-json\/wp\/v2\/types\/product"}],"replies":[{"embeddable":true,"href":"https:\/\/www.ksttukku.fi\/kauppa\/wp-json\/wp\/v2\/comments?post=13270"}],"wp:attachment":[{"href":"https:\/\/www.ksttukku.fi\/kauppa\/wp-json\/wp\/v2\/media?parent=13270"}],"wp:term":[{"taxonomy":"product_brand","embeddable":true,"href":"https:\/\/www.ksttukku.fi\/kauppa\/wp-json\/wp\/v2\/product_brand?post=13270"},{"taxonomy":"product_cat","embeddable":true,"href":"https:\/\/www.ksttukku.fi\/kauppa\/wp-json\/wp\/v2\/product_cat?post=13270"},{"taxonomy":"product_tag","embeddable":true,"href":"https:\/\/www.ksttukku.fi\/kauppa\/wp-json\/wp\/v2\/product_tag?post=13270"}],"curies":[{"name":"wp","href":"https:\/\/api.w.org\/{rel}","templated":true}]}}