{"id":13271,"date":"2023-04-24T14:52:30","date_gmt":"2023-04-24T11:52:30","guid":{"rendered":"https:\/\/www.ksttukku.fi\/kauppa\/?post_type=product&#038;p=13271"},"modified":"2023-04-24T14:54:08","modified_gmt":"2023-04-24T11:54:08","slug":"runo-yleismatto-80x350cm-beige","status":"publish","type":"product","link":"https:\/\/www.ksttukku.fi\/kauppa\/tuote\/runo-yleismatto-80x350cm-beige\/","title":{"rendered":"Runo yleismatto 80x350cm beige"},"content":{"rendered":"<p>Helppohoitoinen HESTIA\u00ae Runo -yleismatto sopii moneen tilaan. Kuosin on suunnitellut Liina Blom.<\/p>\n<p>Maton silmukkanukka on kest\u00e4v\u00e4\u00e4 polyamidia, liukuestepohjaus pit\u00e4\u00e4 maton hyvin paikallaan.<\/p>\n<p>Materiaali: 100% Polyamidi<br \/>\nPohja: liukuestepohjaus lateksi<\/p>\n<p>Suos. laakavesipesua 30 asteessa<\/p>\n","protected":false},"excerpt":{"rendered":"<p>Helppohoitoinen HESTIA\u00ae Runo -yleismatto sopii moneen tilaan. Kuosin on suunnitellut Liina Blom. Maton silmukkanukka on kest\u00e4v\u00e4\u00e4 polyamidia, liukuestepohjaus pit\u00e4\u00e4 maton hyvin paikallaan. Materiaali: 100% Polyamidi Pohja: liukuestepohjaus lateksi Suos. laakavesipesua 30 asteessa<\/p>\n","protected":false},"featured_media":13272,"comment_status":"closed","ping_status":"closed","template":"","meta":[],"product_brand":[],"product_cat":[23,22,515],"product_tag":[],"class_list":{"0":"post-13271","1":"product","2":"type-product","3":"status-publish","4":"has-post-thumbnail","6":"product_cat-kaytava-ja-yleismatot","7":"product_cat-matot","8":"product_cat-runo-yleismatto","10":"first","11":"instock","12":"taxable","13":"shipping-taxable","14":"purchasable","15":"product-type-simple"},"_links":{"self":[{"href":"https:\/\/www.ksttukku.fi\/kauppa\/wp-json\/wp\/v2\/product\/13271","targetHints":{"allow":["GET"]}}],"collection":[{"href":"https:\/\/www.ksttukku.fi\/kauppa\/wp-json\/wp\/v2\/product"}],"about":[{"href":"https:\/\/www.ksttukku.fi\/kauppa\/wp-json\/wp\/v2\/types\/product"}],"replies":[{"embeddable":true,"href":"https:\/\/www.ksttukku.fi\/kauppa\/wp-json\/wp\/v2\/comments?post=13271"}],"wp:featuredmedia":[{"embeddable":true,"href":"https:\/\/www.ksttukku.fi\/kauppa\/wp-json\/wp\/v2\/media\/13272"}],"wp:attachment":[{"href":"https:\/\/www.ksttukku.fi\/kauppa\/wp-json\/wp\/v2\/media?parent=13271"}],"wp:term":[{"taxonomy":"product_brand","embeddable":true,"href":"https:\/\/www.ksttukku.fi\/kauppa\/wp-json\/wp\/v2\/product_brand?post=13271"},{"taxonomy":"product_cat","embeddable":true,"href":"https:\/\/www.ksttukku.fi\/kauppa\/wp-json\/wp\/v2\/product_cat?post=13271"},{"taxonomy":"product_tag","embeddable":true,"href":"https:\/\/www.ksttukku.fi\/kauppa\/wp-json\/wp\/v2\/product_tag?post=13271"}],"curies":[{"name":"wp","href":"https:\/\/api.w.org\/{rel}","templated":true}]}}