{"id":13282,"date":"2023-04-24T16:27:01","date_gmt":"2023-04-24T13:27:01","guid":{"rendered":"https:\/\/www.ksttukku.fi\/kauppa\/?post_type=product&#038;p=13282"},"modified":"2023-04-24T17:18:22","modified_gmt":"2023-04-24T14:18:22","slug":"microkuitumatto-vaalean-harmaa-100cm","status":"publish","type":"product","link":"https:\/\/www.ksttukku.fi\/kauppa\/tuote\/microkuitumatto-vaalean-harmaa-100cm\/","title":{"rendered":"Microkuitumatto vaalean harmaa 100cm"},"content":{"rendered":"<p>-Ylellinen mikrokuitumatto<\/p>\n<p>\u2013 S\u00e4hk\u00f6isyytt\u00e4 v\u00e4hent\u00e4v\u00e4 heat set k\u00e4sittely<\/p>\n<p>\u2013 Nukkaantumaton<\/p>\n<p>-Pohjamateriaali liukumaton<\/p>\n<p>-Maton korkeus 7 mm<\/p>\n<p>-Maton leveys 100 cm<\/p>\n<p>&#8211; Konepest\u00e4v\u00e4<\/p>\n","protected":false},"excerpt":{"rendered":"<p>-Ylellinen mikrokuitumatto \u2013 S\u00e4hk\u00f6isyytt\u00e4 v\u00e4hent\u00e4v\u00e4 heat set k\u00e4sittely \u2013 Nukkaantumaton -Pohjamateriaali liukumaton -Maton korkeus 7 mm -Maton leveys 100 cm &#8211; Konepest\u00e4v\u00e4<\/p>\n","protected":false},"featured_media":13283,"comment_status":"closed","ping_status":"closed","template":"","meta":[],"product_brand":[],"product_cat":[26,23,22,27],"product_tag":[],"class_list":{"0":"post-13282","1":"product","2":"type-product","3":"status-publish","4":"has-post-thumbnail","6":"product_cat-kuramatot","7":"product_cat-kaytava-ja-yleismatot","8":"product_cat-matot","9":"product_cat-nukkamatot","11":"first","12":"instock","13":"taxable","14":"shipping-taxable","15":"purchasable","16":"product-type-simple"},"_links":{"self":[{"href":"https:\/\/www.ksttukku.fi\/kauppa\/wp-json\/wp\/v2\/product\/13282","targetHints":{"allow":["GET"]}}],"collection":[{"href":"https:\/\/www.ksttukku.fi\/kauppa\/wp-json\/wp\/v2\/product"}],"about":[{"href":"https:\/\/www.ksttukku.fi\/kauppa\/wp-json\/wp\/v2\/types\/product"}],"replies":[{"embeddable":true,"href":"https:\/\/www.ksttukku.fi\/kauppa\/wp-json\/wp\/v2\/comments?post=13282"}],"wp:featuredmedia":[{"embeddable":true,"href":"https:\/\/www.ksttukku.fi\/kauppa\/wp-json\/wp\/v2\/media\/13283"}],"wp:attachment":[{"href":"https:\/\/www.ksttukku.fi\/kauppa\/wp-json\/wp\/v2\/media?parent=13282"}],"wp:term":[{"taxonomy":"product_brand","embeddable":true,"href":"https:\/\/www.ksttukku.fi\/kauppa\/wp-json\/wp\/v2\/product_brand?post=13282"},{"taxonomy":"product_cat","embeddable":true,"href":"https:\/\/www.ksttukku.fi\/kauppa\/wp-json\/wp\/v2\/product_cat?post=13282"},{"taxonomy":"product_tag","embeddable":true,"href":"https:\/\/www.ksttukku.fi\/kauppa\/wp-json\/wp\/v2\/product_tag?post=13282"}],"curies":[{"name":"wp","href":"https:\/\/api.w.org\/{rel}","templated":true}]}}