{"id":13297,"date":"2023-04-27T13:54:55","date_gmt":"2023-04-27T10:54:55","guid":{"rendered":"https:\/\/www.ksttukku.fi\/kauppa\/?post_type=product&#038;p=13297"},"modified":"2023-04-28T11:45:18","modified_gmt":"2023-04-28T08:45:18","slug":"dellow-2-osainen-kattospotti-43532","status":"publish","type":"product","link":"https:\/\/www.ksttukku.fi\/kauppa\/tuote\/dellow-2-osainen-kattospotti-43532\/","title":{"rendered":"DELLOW  2-osainen kattospotti 43532"},"content":{"rendered":"<p>N\u00e4ytt\u00e4v\u00e4 suunnattava kattovalaisin, metallispotti 2 -osainen , verkkomainen varjostinkupu harjattuamessinki\u00e4.<\/p>\n<p>Kanta: 2xE27<\/p>\n<p>V\u00e4ri: musta<\/p>\n<p>Pituus:475 mm<\/p>\n<p>Korkeus: 210mm<\/p>\n<p>Rasiakiinnitys<\/p>\n","protected":false},"excerpt":{"rendered":"<p>N\u00e4ytt\u00e4v\u00e4 suunnattava kattovalaisin, metallispotti 2 -osainen , verkkomainen varjostinkupu harjattuamessinki\u00e4. Kanta: 2xE27 V\u00e4ri: musta Pituus:475 mm Korkeus: 210mm Rasiakiinnitys<\/p>\n","protected":false},"featured_media":13302,"comment_status":"closed","ping_status":"closed","template":"","meta":[],"product_brand":[],"product_cat":[41,35,34],"product_tag":[],"class_list":{"0":"post-13297","1":"product","2":"type-product","3":"status-publish","4":"has-post-thumbnail","6":"product_cat-kohdevalaisimet","7":"product_cat-sisavalaisimet","8":"product_cat-valaisimet","10":"first","11":"instock","12":"taxable","13":"shipping-taxable","14":"purchasable","15":"product-type-simple"},"_links":{"self":[{"href":"https:\/\/www.ksttukku.fi\/kauppa\/wp-json\/wp\/v2\/product\/13297","targetHints":{"allow":["GET"]}}],"collection":[{"href":"https:\/\/www.ksttukku.fi\/kauppa\/wp-json\/wp\/v2\/product"}],"about":[{"href":"https:\/\/www.ksttukku.fi\/kauppa\/wp-json\/wp\/v2\/types\/product"}],"replies":[{"embeddable":true,"href":"https:\/\/www.ksttukku.fi\/kauppa\/wp-json\/wp\/v2\/comments?post=13297"}],"wp:featuredmedia":[{"embeddable":true,"href":"https:\/\/www.ksttukku.fi\/kauppa\/wp-json\/wp\/v2\/media\/13302"}],"wp:attachment":[{"href":"https:\/\/www.ksttukku.fi\/kauppa\/wp-json\/wp\/v2\/media?parent=13297"}],"wp:term":[{"taxonomy":"product_brand","embeddable":true,"href":"https:\/\/www.ksttukku.fi\/kauppa\/wp-json\/wp\/v2\/product_brand?post=13297"},{"taxonomy":"product_cat","embeddable":true,"href":"https:\/\/www.ksttukku.fi\/kauppa\/wp-json\/wp\/v2\/product_cat?post=13297"},{"taxonomy":"product_tag","embeddable":true,"href":"https:\/\/www.ksttukku.fi\/kauppa\/wp-json\/wp\/v2\/product_tag?post=13297"}],"curies":[{"name":"wp","href":"https:\/\/api.w.org\/{rel}","templated":true}]}}