{"id":13310,"date":"2023-04-28T14:19:48","date_gmt":"2023-04-28T11:19:48","guid":{"rendered":"https:\/\/www.ksttukku.fi\/kauppa\/?post_type=product&#038;p=13310"},"modified":"2023-04-28T14:26:17","modified_gmt":"2023-04-28T11:26:17","slug":"kattovalaisin-primus-3-os-gu10-valkoinen","status":"publish","type":"product","link":"https:\/\/www.ksttukku.fi\/kauppa\/tuote\/kattovalaisin-primus-3-os-gu10-valkoinen\/","title":{"rendered":"Kattovalaisin PRIMUS 3-os GU10 valkoinen"},"content":{"rendered":"<div id=\"Tuotekuvaus\" class=\"tab-pane active\">\n<div class=\"product-description\">\n<div class=\"web-description\">Harjun tyylik\u00e4s pysty- ja vaakatasossa suunnattava 3-osainen valkoinen PRIMUS spottivalaisin sis\u00e4k\u00e4ytt\u00f6\u00f6n. Pinta-asennus kattoon jakorasiaan.<\/div>\n<p><span id=\"data1\">Pinta-asennus jakorasiaan<br \/>\nS\u00e4\u00e4dett\u00e4vyys: pystysuunnassa 90\u00b0 ja vaakatasossa 355\u00b0<\/p>\n<p>J\u00e4nnite: 230 V ~50 Hz<br \/>\nKanta: 3 x GU10 (valonl\u00e4hteet eiv\u00e4t sis\u00e4lly pakkaukseen)<br \/>\nTeho: max. 3 x 10 W LED<br \/>\nMitat: \u00d8 220 x 140 mm<br \/>\nIP20 (kuiviin sis\u00e4tiloihin)<br \/>\nMateriaali: alumiini<br \/>\nTakuu 3 vuotta <\/span><\/div>\n<\/div>\n","protected":false},"excerpt":{"rendered":"<p>Harjun tyylik\u00e4s pysty- ja vaakatasossa suunnattava 3-osainen valkoinen PRIMUS spottivalaisin sis\u00e4k\u00e4ytt\u00f6\u00f6n. Pinta-asennus kattoon jakorasiaan. Pinta-asennus jakorasiaan S\u00e4\u00e4dett\u00e4vyys: pystysuunnassa 90\u00b0 ja vaakatasossa 355\u00b0 J\u00e4nnite: 230 V ~50 Hz Kanta: 3 x GU10 (valonl\u00e4hteet eiv\u00e4t sis\u00e4lly pakkaukseen) Teho: max. 3 x 10 W LED Mitat: \u00d8 220 x 140 mm IP20 (kuiviin sis\u00e4tiloihin) Materiaali: alumiini Takuu 3 [&hellip;]<\/p>\n","protected":false},"featured_media":13311,"comment_status":"closed","ping_status":"closed","template":"","meta":[],"product_brand":[],"product_cat":[40,41,35],"product_tag":[],"class_list":{"0":"post-13310","1":"product","2":"type-product","3":"status-publish","4":"has-post-thumbnail","6":"product_cat-kattovalaisimet","7":"product_cat-kohdevalaisimet","8":"product_cat-sisavalaisimet","10":"first","11":"instock","12":"taxable","13":"shipping-taxable","14":"purchasable","15":"product-type-simple"},"_links":{"self":[{"href":"https:\/\/www.ksttukku.fi\/kauppa\/wp-json\/wp\/v2\/product\/13310","targetHints":{"allow":["GET"]}}],"collection":[{"href":"https:\/\/www.ksttukku.fi\/kauppa\/wp-json\/wp\/v2\/product"}],"about":[{"href":"https:\/\/www.ksttukku.fi\/kauppa\/wp-json\/wp\/v2\/types\/product"}],"replies":[{"embeddable":true,"href":"https:\/\/www.ksttukku.fi\/kauppa\/wp-json\/wp\/v2\/comments?post=13310"}],"wp:featuredmedia":[{"embeddable":true,"href":"https:\/\/www.ksttukku.fi\/kauppa\/wp-json\/wp\/v2\/media\/13311"}],"wp:attachment":[{"href":"https:\/\/www.ksttukku.fi\/kauppa\/wp-json\/wp\/v2\/media?parent=13310"}],"wp:term":[{"taxonomy":"product_brand","embeddable":true,"href":"https:\/\/www.ksttukku.fi\/kauppa\/wp-json\/wp\/v2\/product_brand?post=13310"},{"taxonomy":"product_cat","embeddable":true,"href":"https:\/\/www.ksttukku.fi\/kauppa\/wp-json\/wp\/v2\/product_cat?post=13310"},{"taxonomy":"product_tag","embeddable":true,"href":"https:\/\/www.ksttukku.fi\/kauppa\/wp-json\/wp\/v2\/product_tag?post=13310"}],"curies":[{"name":"wp","href":"https:\/\/api.w.org\/{rel}","templated":true}]}}