{"id":13316,"date":"2023-04-28T14:46:20","date_gmt":"2023-04-28T11:46:20","guid":{"rendered":"https:\/\/www.ksttukku.fi\/kauppa\/?post_type=product&#038;p=13316"},"modified":"2023-04-28T14:47:58","modified_gmt":"2023-04-28T11:47:58","slug":"seinavalaisin-primus-gu10-valkoinen","status":"publish","type":"product","link":"https:\/\/www.ksttukku.fi\/kauppa\/tuote\/seinavalaisin-primus-gu10-valkoinen\/","title":{"rendered":"Sein\u00e4valaisin PRIMUS GU10 valkoinen"},"content":{"rendered":"<div id=\"Tuotekuvaus\" class=\"tab-pane active\">\n<div class=\"product-description\">\n<div class=\"web-description\">Harjun tyylik\u00e4s suunnattava PRIMUS spottivalaisin sis\u00e4k\u00e4ytt\u00f6\u00f6n esimerkiksi luku- tai tunnelmavaloksi. Spotti k\u00e4\u00e4ntyy laajasti sek\u00e4 pysty- ett\u00e4 vaakasuunnassa.<\/div>\n<p><span id=\"data1\">Pinta-asennus<br \/>\nS\u00e4\u00e4dett\u00e4vyys: pystysuunnassa 90\u00b0 ja vaakatasossa 355\u00b0<\/p>\n<p>J\u00e4nnite: 230 V ~50 Hz<br \/>\nKanta: GU10 (valonl\u00e4hde ei sis\u00e4lly pakkaukseen)<br \/>\n2 metrin liitosjohto v\u00e4likytkimell\u00e4<br \/>\nTeho: max. 10 W LED<br \/>\nMitat: \u00d8 100 x 140 mm<br \/>\nIP20 (kuiviin sis\u00e4tiloihin)<br \/>\nMateriaali: alumiini<br \/>\nTakuu 3 vuotta <\/span><\/div>\n<\/div>\n","protected":false},"excerpt":{"rendered":"<p>Harjun tyylik\u00e4s suunnattava PRIMUS spottivalaisin sis\u00e4k\u00e4ytt\u00f6\u00f6n esimerkiksi luku- tai tunnelmavaloksi. Spotti k\u00e4\u00e4ntyy laajasti sek\u00e4 pysty- ett\u00e4 vaakasuunnassa. Pinta-asennus S\u00e4\u00e4dett\u00e4vyys: pystysuunnassa 90\u00b0 ja vaakatasossa 355\u00b0 J\u00e4nnite: 230 V ~50 Hz Kanta: GU10 (valonl\u00e4hde ei sis\u00e4lly pakkaukseen) 2 metrin liitosjohto v\u00e4likytkimell\u00e4 Teho: max. 10 W LED Mitat: \u00d8 100 x 140 mm IP20 (kuiviin sis\u00e4tiloihin) Materiaali: alumiini [&hellip;]<\/p>\n","protected":false},"featured_media":13317,"comment_status":"closed","ping_status":"closed","template":"","meta":[],"product_brand":[],"product_cat":[42,35,34],"product_tag":[],"class_list":{"0":"post-13316","1":"product","2":"type-product","3":"status-publish","4":"has-post-thumbnail","6":"product_cat-seinavalaisimet-sisavalaisimet","7":"product_cat-sisavalaisimet","8":"product_cat-valaisimet","10":"first","11":"instock","12":"taxable","13":"shipping-taxable","14":"purchasable","15":"product-type-simple"},"_links":{"self":[{"href":"https:\/\/www.ksttukku.fi\/kauppa\/wp-json\/wp\/v2\/product\/13316","targetHints":{"allow":["GET"]}}],"collection":[{"href":"https:\/\/www.ksttukku.fi\/kauppa\/wp-json\/wp\/v2\/product"}],"about":[{"href":"https:\/\/www.ksttukku.fi\/kauppa\/wp-json\/wp\/v2\/types\/product"}],"replies":[{"embeddable":true,"href":"https:\/\/www.ksttukku.fi\/kauppa\/wp-json\/wp\/v2\/comments?post=13316"}],"wp:featuredmedia":[{"embeddable":true,"href":"https:\/\/www.ksttukku.fi\/kauppa\/wp-json\/wp\/v2\/media\/13317"}],"wp:attachment":[{"href":"https:\/\/www.ksttukku.fi\/kauppa\/wp-json\/wp\/v2\/media?parent=13316"}],"wp:term":[{"taxonomy":"product_brand","embeddable":true,"href":"https:\/\/www.ksttukku.fi\/kauppa\/wp-json\/wp\/v2\/product_brand?post=13316"},{"taxonomy":"product_cat","embeddable":true,"href":"https:\/\/www.ksttukku.fi\/kauppa\/wp-json\/wp\/v2\/product_cat?post=13316"},{"taxonomy":"product_tag","embeddable":true,"href":"https:\/\/www.ksttukku.fi\/kauppa\/wp-json\/wp\/v2\/product_tag?post=13316"}],"curies":[{"name":"wp","href":"https:\/\/api.w.org\/{rel}","templated":true}]}}