{"id":13324,"date":"2023-04-28T15:04:18","date_gmt":"2023-04-28T12:04:18","guid":{"rendered":"https:\/\/www.ksttukku.fi\/kauppa\/?post_type=product&#038;p=13324"},"modified":"2023-04-28T15:39:24","modified_gmt":"2023-04-28T12:39:24","slug":"valopeili-aurora-600mm-ip44","status":"publish","type":"product","link":"https:\/\/www.ksttukku.fi\/kauppa\/tuote\/valopeili-aurora-600mm-ip44\/","title":{"rendered":"Valopeili Aurora 600mm IP44"},"content":{"rendered":"<p>Py\u00f6re\u00e4 valopeili LED-nauhalla<\/p>\n<p>J\u00e4nnite: AC230V\/50Hz<\/p>\n<p>Teho: 15W<\/p>\n<p>Valovirta: 1700 lm<\/p>\n<p>V\u00e4ril\u00e4mp\u00f6tila: 4000 K<\/p>\n<p>IP-luokka: IP44<\/p>\n<p>Mitat: \u00d8 600 x 80 mm<\/p>\n<p>Paino: 3,2 kg<\/p>\n<p>Materiaali: Lasi, alumiinikehys<\/p>\n<p>&nbsp;<\/p>\n","protected":false},"excerpt":{"rendered":"<p>Py\u00f6re\u00e4 valopeili LED-nauhalla J\u00e4nnite: AC230V\/50Hz Teho: 15W Valovirta: 1700 lm V\u00e4ril\u00e4mp\u00f6tila: 4000 K IP-luokka: IP44 Mitat: \u00d8 600 x 80 mm Paino: 3,2 kg Materiaali: Lasi, alumiinikehys &nbsp;<\/p>\n","protected":false},"featured_media":13327,"comment_status":"closed","ping_status":"closed","template":"","meta":[],"product_brand":[],"product_cat":[150,237],"product_tag":[],"class_list":{"0":"post-13324","1":"product","2":"type-product","3":"status-publish","4":"has-post-thumbnail","6":"product_cat-kylpyhuone","7":"product_cat-valopeilit","9":"first","10":"instock","11":"taxable","12":"shipping-taxable","13":"purchasable","14":"product-type-simple"},"_links":{"self":[{"href":"https:\/\/www.ksttukku.fi\/kauppa\/wp-json\/wp\/v2\/product\/13324","targetHints":{"allow":["GET"]}}],"collection":[{"href":"https:\/\/www.ksttukku.fi\/kauppa\/wp-json\/wp\/v2\/product"}],"about":[{"href":"https:\/\/www.ksttukku.fi\/kauppa\/wp-json\/wp\/v2\/types\/product"}],"replies":[{"embeddable":true,"href":"https:\/\/www.ksttukku.fi\/kauppa\/wp-json\/wp\/v2\/comments?post=13324"}],"wp:featuredmedia":[{"embeddable":true,"href":"https:\/\/www.ksttukku.fi\/kauppa\/wp-json\/wp\/v2\/media\/13327"}],"wp:attachment":[{"href":"https:\/\/www.ksttukku.fi\/kauppa\/wp-json\/wp\/v2\/media?parent=13324"}],"wp:term":[{"taxonomy":"product_brand","embeddable":true,"href":"https:\/\/www.ksttukku.fi\/kauppa\/wp-json\/wp\/v2\/product_brand?post=13324"},{"taxonomy":"product_cat","embeddable":true,"href":"https:\/\/www.ksttukku.fi\/kauppa\/wp-json\/wp\/v2\/product_cat?post=13324"},{"taxonomy":"product_tag","embeddable":true,"href":"https:\/\/www.ksttukku.fi\/kauppa\/wp-json\/wp\/v2\/product_tag?post=13324"}],"curies":[{"name":"wp","href":"https:\/\/api.w.org\/{rel}","templated":true}]}}