{"id":13336,"date":"2023-04-29T13:13:36","date_gmt":"2023-04-29T10:13:36","guid":{"rendered":"https:\/\/www.ksttukku.fi\/kauppa\/?post_type=product&#038;p=13336"},"modified":"2023-04-29T14:43:13","modified_gmt":"2023-04-29T11:43:13","slug":"sequence-seinavalaisin-22w-2800lm-3cct-mattamessinki","status":"publish","type":"product","link":"https:\/\/www.ksttukku.fi\/kauppa\/tuote\/sequence-seinavalaisin-22w-2800lm-3cct-mattamessinki\/","title":{"rendered":"Sequence sein\u00e4valaisin 22W 2800lm 3CCT mattamessinki"},"content":{"rendered":"<p>Sequence on moderni sein\u00e4valaisin joka sopii kaikkiin kodin kuiviin tiloihin.<\/p>\n<p>Valaisimen kirkkautta voi s\u00e4\u00e4t\u00e4\u00e4 kolmiportaisesti tavallisen valokatkaisimen avulla.<\/p>\n<p>Valon v\u00e4ril\u00e4mp\u00f6tila asetettavissa valaisimesta (2300, 3000, 4000 K)<\/p>\n<p data-sanitized-data-mce-fragment=\"1\">Teho: 22 W<\/p>\n<p data-sanitized-data-mce-fragment=\"1\">Valovirta: 2800 lm<\/p>\n<p data-sanitized-data-mce-fragment=\"1\">V\u00e4ril\u00e4mp\u00f6tila: 2300, 3000, 4000 K<\/p>\n<p data-sanitized-data-mce-fragment=\"1\">Mitat: 13 x 47 cm<\/p>\n<p data-sanitized-data-mce-fragment=\"1\">V\u00e4ri: Mattamessinki<\/p>\n<p data-sanitized-data-mce-fragment=\"1\">\n","protected":false},"excerpt":{"rendered":"<p>Sequence on moderni sein\u00e4valaisin joka sopii kaikkiin kodin kuiviin tiloihin. Valaisimen kirkkautta voi s\u00e4\u00e4t\u00e4\u00e4 kolmiportaisesti tavallisen valokatkaisimen avulla. Valon v\u00e4ril\u00e4mp\u00f6tila asetettavissa valaisimesta (2300, 3000, 4000 K) Teho: 22 W Valovirta: 2800 lm V\u00e4ril\u00e4mp\u00f6tila: 2300, 3000, 4000 K Mitat: 13 x 47 cm V\u00e4ri: Mattamessinki<\/p>\n","protected":false},"featured_media":13343,"comment_status":"closed","ping_status":"closed","template":"","meta":[],"product_brand":[],"product_cat":[42,35,34],"product_tag":[],"class_list":{"0":"post-13336","1":"product","2":"type-product","3":"status-publish","4":"has-post-thumbnail","6":"product_cat-seinavalaisimet-sisavalaisimet","7":"product_cat-sisavalaisimet","8":"product_cat-valaisimet","10":"first","11":"instock","12":"taxable","13":"shipping-taxable","14":"purchasable","15":"product-type-simple"},"_links":{"self":[{"href":"https:\/\/www.ksttukku.fi\/kauppa\/wp-json\/wp\/v2\/product\/13336","targetHints":{"allow":["GET"]}}],"collection":[{"href":"https:\/\/www.ksttukku.fi\/kauppa\/wp-json\/wp\/v2\/product"}],"about":[{"href":"https:\/\/www.ksttukku.fi\/kauppa\/wp-json\/wp\/v2\/types\/product"}],"replies":[{"embeddable":true,"href":"https:\/\/www.ksttukku.fi\/kauppa\/wp-json\/wp\/v2\/comments?post=13336"}],"wp:featuredmedia":[{"embeddable":true,"href":"https:\/\/www.ksttukku.fi\/kauppa\/wp-json\/wp\/v2\/media\/13343"}],"wp:attachment":[{"href":"https:\/\/www.ksttukku.fi\/kauppa\/wp-json\/wp\/v2\/media?parent=13336"}],"wp:term":[{"taxonomy":"product_brand","embeddable":true,"href":"https:\/\/www.ksttukku.fi\/kauppa\/wp-json\/wp\/v2\/product_brand?post=13336"},{"taxonomy":"product_cat","embeddable":true,"href":"https:\/\/www.ksttukku.fi\/kauppa\/wp-json\/wp\/v2\/product_cat?post=13336"},{"taxonomy":"product_tag","embeddable":true,"href":"https:\/\/www.ksttukku.fi\/kauppa\/wp-json\/wp\/v2\/product_tag?post=13336"}],"curies":[{"name":"wp","href":"https:\/\/api.w.org\/{rel}","templated":true}]}}