{"id":13348,"date":"2023-05-02T17:23:50","date_gmt":"2023-05-02T14:23:50","guid":{"rendered":"https:\/\/www.ksttukku.fi\/kauppa\/?post_type=product&#038;p=13348"},"modified":"2023-05-02T18:18:40","modified_gmt":"2023-05-02T15:18:40","slug":"sequence-lattiavalaisin-32w-4000lm-3cct-mattamessinki","status":"publish","type":"product","link":"https:\/\/www.ksttukku.fi\/kauppa\/tuote\/sequence-lattiavalaisin-32w-4000lm-3cct-mattamessinki\/","title":{"rendered":"Sequence lattiavalaisin 32W 4000lm 3CCT mattamessinki"},"content":{"rendered":"<p>Sequence on moderni lattiavalaisin joka sopii moneen eri tilaan<\/p>\n<p>Valaisimessa on integroitu kosketushimmennin<\/p>\n<p>Valon v\u00e4ril\u00e4mp\u00f6tila s\u00e4\u00e4dett\u00e4viss\u00e4 (2300, 3000, 4000 K)<\/p>\n<p data-sanitized-data-mce-fragment=\"1\">Teho: 32 W<\/p>\n<p data-sanitized-data-mce-fragment=\"1\">Valovirta: 4000 lm<\/p>\n<p data-sanitized-data-mce-fragment=\"1\">V\u00e4ril\u00e4mp\u00f6tila: 2300, 3000, 4000 K<\/p>\n<p data-sanitized-data-mce-fragment=\"1\">Mitat: \u2205 23 cm, korkeus 150 cm<\/p>\n<p data-sanitized-data-mce-fragment=\"1\">V\u00e4ri: Mattamessinki<\/p>\n<p data-sanitized-data-mce-fragment=\"1\">\n","protected":false},"excerpt":{"rendered":"<p>Sequence on moderni lattiavalaisin joka sopii moneen eri tilaan Valaisimessa on integroitu kosketushimmennin Valon v\u00e4ril\u00e4mp\u00f6tila s\u00e4\u00e4dett\u00e4viss\u00e4 (2300, 3000, 4000 K) Teho: 32 W Valovirta: 4000 lm V\u00e4ril\u00e4mp\u00f6tila: 2300, 3000, 4000 K Mitat: \u2205 23 cm, korkeus 150 cm V\u00e4ri: Mattamessinki<\/p>\n","protected":false},"featured_media":13354,"comment_status":"closed","ping_status":"closed","template":"","meta":[],"product_brand":[],"product_cat":[43,35,34],"product_tag":[],"class_list":{"0":"post-13348","1":"product","2":"type-product","3":"status-publish","4":"has-post-thumbnail","6":"product_cat-lattiavalaisimet","7":"product_cat-sisavalaisimet","8":"product_cat-valaisimet","10":"first","11":"instock","12":"taxable","13":"shipping-taxable","14":"purchasable","15":"product-type-simple"},"_links":{"self":[{"href":"https:\/\/www.ksttukku.fi\/kauppa\/wp-json\/wp\/v2\/product\/13348","targetHints":{"allow":["GET"]}}],"collection":[{"href":"https:\/\/www.ksttukku.fi\/kauppa\/wp-json\/wp\/v2\/product"}],"about":[{"href":"https:\/\/www.ksttukku.fi\/kauppa\/wp-json\/wp\/v2\/types\/product"}],"replies":[{"embeddable":true,"href":"https:\/\/www.ksttukku.fi\/kauppa\/wp-json\/wp\/v2\/comments?post=13348"}],"wp:featuredmedia":[{"embeddable":true,"href":"https:\/\/www.ksttukku.fi\/kauppa\/wp-json\/wp\/v2\/media\/13354"}],"wp:attachment":[{"href":"https:\/\/www.ksttukku.fi\/kauppa\/wp-json\/wp\/v2\/media?parent=13348"}],"wp:term":[{"taxonomy":"product_brand","embeddable":true,"href":"https:\/\/www.ksttukku.fi\/kauppa\/wp-json\/wp\/v2\/product_brand?post=13348"},{"taxonomy":"product_cat","embeddable":true,"href":"https:\/\/www.ksttukku.fi\/kauppa\/wp-json\/wp\/v2\/product_cat?post=13348"},{"taxonomy":"product_tag","embeddable":true,"href":"https:\/\/www.ksttukku.fi\/kauppa\/wp-json\/wp\/v2\/product_tag?post=13348"}],"curies":[{"name":"wp","href":"https:\/\/api.w.org\/{rel}","templated":true}]}}