{"id":13374,"date":"2023-05-11T17:16:39","date_gmt":"2023-05-11T14:16:39","guid":{"rendered":"https:\/\/www.ksttukku.fi\/kauppa\/?post_type=product&#038;p=13374"},"modified":"2024-10-17T11:14:18","modified_gmt":"2024-10-17T08:14:18","slug":"lucifer-kaasugrilli-stone-61","status":"publish","type":"product","link":"https:\/\/www.ksttukku.fi\/kauppa\/tuote\/lucifer-kaasugrilli-stone-61\/","title":{"rendered":"Lucifer kaasugrilli Stone 6+1"},"content":{"rendered":"<p>Stone-6 on ollut monta vuotta yksi suosituimmista Lucifer-grilleist\u00e4. Grillin kaksoiskupu, etupaneeli, sivutasot ja vaunun ovet ovat korkealaatuista rosteria. K\u00e4tev\u00e4 lis\u00e4 on toiseen sivutasoon integroitu astia, jolla siirr\u00e4t valmistettavan ruoan keitti\u00f6st\u00e4 grillille. Grillin suuri paistopinta-ala muodostuu valurautaparilasta ja -ritil\u00e4st\u00e4. Sivukeittimen ansiosta valmistat keitokset samalla, kun grillaat. Rosterin hohtoinen laadukas kokonaisuus on todellinen kes\u00e4pihan komistus!<\/p>\n<div id=\"tab-description\" class=\"woocommerce-Tabs-panel woocommerce-Tabs-panel--description panel entry-content wc-tab\" role=\"tabpanel\" aria-labelledby=\"tab-title-description\">\n<ul>\n<li><b>Mitat:\u00a0<\/b>164,5 \u00d7 55 x 115 cm<\/li>\n<li><b>Paistopinta-ala:\u00a0<\/b>94,5 x 44 cm<\/li>\n<li><b>L\u00e4mp\u00f6hylly:\u00a0<\/b>kyll\u00e4<\/li>\n<li><b>Teho:\u00a0<\/b>3,5kw\/poltin<\/li>\n<li><b>Sivukeitin:\u00a0<\/b>kyll\u00e4<\/li>\n<li><b>Sytytin:\u00a0<\/b>integroitu<\/li>\n<li><b>Valmistusmateriaali<\/b>: kupu rosteria (tupla)<\/li>\n<li><b>Grillipes\u00e4:\u00a0<\/b>emaloitu<br \/>\n<b><\/b><\/li>\n<li><b>Runko:\u00a0<\/b>pulverimaalattu<br \/>\n<b><\/b><\/li>\n<li><b>Etupaneeli:\u00a0<\/b>rosteri<br \/>\n<b><\/b><\/li>\n<li><b>Sivutasot<\/b>: rosteri \/ pulverimaalattu<br \/>\n<b><\/b><\/li>\n<li><b>Polttimet:\u00a0<\/b>rosteria # 443<br \/>\n<b><\/b><\/li>\n<li><b>Paistopinta:\u00a0<\/b>valurautaritil\u00e4 &amp; -parila<\/li>\n<li><b>Takuu: <\/b>2 vuotta<\/li>\n<\/ul>\n<\/div>\n","protected":false},"excerpt":{"rendered":"<p>Stone-6 on ollut monta vuotta yksi suosituimmista Lucifer-grilleist\u00e4. Grillin kaksoiskupu, etupaneeli, sivutasot ja vaunun ovet ovat korkealaatuista rosteria. K\u00e4tev\u00e4 lis\u00e4 on toiseen sivutasoon integroitu astia, jolla siirr\u00e4t valmistettavan ruoan keitti\u00f6st\u00e4 grillille. Grillin suuri paistopinta-ala muodostuu valurautaparilasta ja -ritil\u00e4st\u00e4. Sivukeittimen ansiosta valmistat keitokset samalla, kun grillaat. Rosterin hohtoinen laadukas kokonaisuus on todellinen kes\u00e4pihan komistus! Mitat:\u00a0164,5 \u00d7 [&hellip;]<\/p>\n","protected":false},"featured_media":13378,"comment_status":"closed","ping_status":"closed","template":"","meta":[],"product_brand":[],"product_cat":[132,133],"product_tag":[],"class_list":{"0":"post-13374","1":"product","2":"type-product","3":"status-publish","4":"has-post-thumbnail","6":"product_cat-grillit-ja-grillausarvikkeet","7":"product_cat-grillit","9":"first","10":"outofstock","11":"taxable","12":"shipping-taxable","13":"purchasable","14":"product-type-simple"},"_links":{"self":[{"href":"https:\/\/www.ksttukku.fi\/kauppa\/wp-json\/wp\/v2\/product\/13374","targetHints":{"allow":["GET"]}}],"collection":[{"href":"https:\/\/www.ksttukku.fi\/kauppa\/wp-json\/wp\/v2\/product"}],"about":[{"href":"https:\/\/www.ksttukku.fi\/kauppa\/wp-json\/wp\/v2\/types\/product"}],"replies":[{"embeddable":true,"href":"https:\/\/www.ksttukku.fi\/kauppa\/wp-json\/wp\/v2\/comments?post=13374"}],"wp:featuredmedia":[{"embeddable":true,"href":"https:\/\/www.ksttukku.fi\/kauppa\/wp-json\/wp\/v2\/media\/13378"}],"wp:attachment":[{"href":"https:\/\/www.ksttukku.fi\/kauppa\/wp-json\/wp\/v2\/media?parent=13374"}],"wp:term":[{"taxonomy":"product_brand","embeddable":true,"href":"https:\/\/www.ksttukku.fi\/kauppa\/wp-json\/wp\/v2\/product_brand?post=13374"},{"taxonomy":"product_cat","embeddable":true,"href":"https:\/\/www.ksttukku.fi\/kauppa\/wp-json\/wp\/v2\/product_cat?post=13374"},{"taxonomy":"product_tag","embeddable":true,"href":"https:\/\/www.ksttukku.fi\/kauppa\/wp-json\/wp\/v2\/product_tag?post=13374"}],"curies":[{"name":"wp","href":"https:\/\/api.w.org\/{rel}","templated":true}]}}