{"id":13386,"date":"2023-05-12T16:13:06","date_gmt":"2023-05-12T13:13:06","guid":{"rendered":"https:\/\/www.ksttukku.fi\/kauppa\/?post_type=product&#038;p=13386"},"modified":"2023-05-13T13:48:01","modified_gmt":"2023-05-13T10:48:01","slug":"silver-malja-allas-valkoinen","status":"publish","type":"product","link":"https:\/\/www.ksttukku.fi\/kauppa\/tuote\/silver-malja-allas-valkoinen\/","title":{"rendered":"Silves malja-allas valkoinen"},"content":{"rendered":"<p>Tuo saniteettitilaasi modernia ilmett\u00e4 ohutreunaisella Silves-altaalla.<\/p>\n<p>T\u00e4ysin uuden valmistusmekanismin ansiosta saat wc-tilaasi tai kylpyhuoneeseesi ohutreunaisen posliinialtaan. Tyylikk\u00e4\u00e4ss\u00e4 altaassa on paikka hanalle.<\/p>\n<p>V\u00e4ri: \u00a0 valkoinen<\/p>\n<ul>\n<li>Posliinia<\/li>\n<li>Leveys 52 cm<\/li>\n<li>Korkeus 11,5 cm<\/li>\n<li>Syvyys 40 cm<\/li>\n<li><\/li>\n<li>\n<div id=\"tab-description\" class=\"woocommerce-Tabs-panel woocommerce-Tabs-panel--description panel entry-content wc-tab\" role=\"tabpanel\" aria-labelledby=\"tab-title-description\">\n<p>Huomaathan, ett\u00e4 kuvassa n\u00e4kyv\u00e4 POPUP-venttiili ei kuulu toimitukseen.<\/p>\n<\/div>\n<\/li>\n<\/ul>\n","protected":false},"excerpt":{"rendered":"<p>Tuo saniteettitilaasi modernia ilmett\u00e4 ohutreunaisella Silves-altaalla. T\u00e4ysin uuden valmistusmekanismin ansiosta saat wc-tilaasi tai kylpyhuoneeseesi ohutreunaisen posliinialtaan. Tyylikk\u00e4\u00e4ss\u00e4 altaassa on paikka hanalle. V\u00e4ri: \u00a0 valkoinen Posliinia Leveys 52 cm Korkeus 11,5 cm Syvyys 40 cm Huomaathan, ett\u00e4 kuvassa n\u00e4kyv\u00e4 POPUP-venttiili ei kuulu toimitukseen.<\/p>\n","protected":false},"featured_media":13388,"comment_status":"closed","ping_status":"closed","template":"","meta":[],"product_brand":[],"product_cat":[459,478,494],"product_tag":[],"class_list":{"0":"post-13386","1":"product","2":"type-product","3":"status-publish","4":"has-post-thumbnail","6":"product_cat-altaat","7":"product_cat-hanat-altaat","8":"product_cat-malja-altaat","10":"first","11":"instock","12":"taxable","13":"shipping-taxable","14":"purchasable","15":"product-type-simple"},"_links":{"self":[{"href":"https:\/\/www.ksttukku.fi\/kauppa\/wp-json\/wp\/v2\/product\/13386","targetHints":{"allow":["GET"]}}],"collection":[{"href":"https:\/\/www.ksttukku.fi\/kauppa\/wp-json\/wp\/v2\/product"}],"about":[{"href":"https:\/\/www.ksttukku.fi\/kauppa\/wp-json\/wp\/v2\/types\/product"}],"replies":[{"embeddable":true,"href":"https:\/\/www.ksttukku.fi\/kauppa\/wp-json\/wp\/v2\/comments?post=13386"}],"wp:featuredmedia":[{"embeddable":true,"href":"https:\/\/www.ksttukku.fi\/kauppa\/wp-json\/wp\/v2\/media\/13388"}],"wp:attachment":[{"href":"https:\/\/www.ksttukku.fi\/kauppa\/wp-json\/wp\/v2\/media?parent=13386"}],"wp:term":[{"taxonomy":"product_brand","embeddable":true,"href":"https:\/\/www.ksttukku.fi\/kauppa\/wp-json\/wp\/v2\/product_brand?post=13386"},{"taxonomy":"product_cat","embeddable":true,"href":"https:\/\/www.ksttukku.fi\/kauppa\/wp-json\/wp\/v2\/product_cat?post=13386"},{"taxonomy":"product_tag","embeddable":true,"href":"https:\/\/www.ksttukku.fi\/kauppa\/wp-json\/wp\/v2\/product_tag?post=13386"}],"curies":[{"name":"wp","href":"https:\/\/api.w.org\/{rel}","templated":true}]}}