{"id":13398,"date":"2023-05-13T11:25:10","date_gmt":"2023-05-13T08:25:10","guid":{"rendered":"https:\/\/www.ksttukku.fi\/kauppa\/?post_type=product&#038;p=13398"},"modified":"2023-05-13T13:49:39","modified_gmt":"2023-05-13T10:49:39","slug":"tomar-malja-allas-antrasiitti","status":"publish","type":"product","link":"https:\/\/www.ksttukku.fi\/kauppa\/tuote\/tomar-malja-allas-antrasiitti\/","title":{"rendered":"Tomar malja-allas antrasiitti"},"content":{"rendered":"<p>Tuo saniteettitilaasi modernia ilmett\u00e4 ohutreunaisella Tomar-altaalla.<\/p>\n<p>T\u00e4ysin uuden valmistusmekanismin ansiosta saat wc-tilaasi tai kylpyhuoneeseesi ohutreunaisen posliinialtaan. Tyylikk\u00e4\u00e4ss\u00e4 altaassa on paikka hanalle.<\/p>\n<ul>\n<li>Matta antrasiitti<\/li>\n<li>Posliinia<\/li>\n<li>Leveys 50\u00a0cm<\/li>\n<li>Korkeus 11\u00a0cm<\/li>\n<li>Syvyys 35 cm<\/li>\n<li><\/li>\n<li>Huomaathan, ett\u00e4 kuvassa n\u00e4kyv\u00e4 POPUP-venttiili ei kuulu toimitukseen.<\/li>\n<\/ul>\n","protected":false},"excerpt":{"rendered":"<p>Tuo saniteettitilaasi modernia ilmett\u00e4 ohutreunaisella Tomar-altaalla. T\u00e4ysin uuden valmistusmekanismin ansiosta saat wc-tilaasi tai kylpyhuoneeseesi ohutreunaisen posliinialtaan. Tyylikk\u00e4\u00e4ss\u00e4 altaassa on paikka hanalle. Matta antrasiitti Posliinia Leveys 50\u00a0cm Korkeus 11\u00a0cm Syvyys 35 cm Huomaathan, ett\u00e4 kuvassa n\u00e4kyv\u00e4 POPUP-venttiili ei kuulu toimitukseen.<\/p>\n","protected":false},"featured_media":13400,"comment_status":"closed","ping_status":"closed","template":"","meta":[],"product_brand":[],"product_cat":[459,478,494],"product_tag":[],"class_list":{"0":"post-13398","1":"product","2":"type-product","3":"status-publish","4":"has-post-thumbnail","6":"product_cat-altaat","7":"product_cat-hanat-altaat","8":"product_cat-malja-altaat","10":"first","11":"instock","12":"taxable","13":"shipping-taxable","14":"purchasable","15":"product-type-simple"},"_links":{"self":[{"href":"https:\/\/www.ksttukku.fi\/kauppa\/wp-json\/wp\/v2\/product\/13398","targetHints":{"allow":["GET"]}}],"collection":[{"href":"https:\/\/www.ksttukku.fi\/kauppa\/wp-json\/wp\/v2\/product"}],"about":[{"href":"https:\/\/www.ksttukku.fi\/kauppa\/wp-json\/wp\/v2\/types\/product"}],"replies":[{"embeddable":true,"href":"https:\/\/www.ksttukku.fi\/kauppa\/wp-json\/wp\/v2\/comments?post=13398"}],"wp:featuredmedia":[{"embeddable":true,"href":"https:\/\/www.ksttukku.fi\/kauppa\/wp-json\/wp\/v2\/media\/13400"}],"wp:attachment":[{"href":"https:\/\/www.ksttukku.fi\/kauppa\/wp-json\/wp\/v2\/media?parent=13398"}],"wp:term":[{"taxonomy":"product_brand","embeddable":true,"href":"https:\/\/www.ksttukku.fi\/kauppa\/wp-json\/wp\/v2\/product_brand?post=13398"},{"taxonomy":"product_cat","embeddable":true,"href":"https:\/\/www.ksttukku.fi\/kauppa\/wp-json\/wp\/v2\/product_cat?post=13398"},{"taxonomy":"product_tag","embeddable":true,"href":"https:\/\/www.ksttukku.fi\/kauppa\/wp-json\/wp\/v2\/product_tag?post=13398"}],"curies":[{"name":"wp","href":"https:\/\/api.w.org\/{rel}","templated":true}]}}